{"id":837,"date":"2021-04-21T21:09:18","date_gmt":"2021-04-21T21:09:18","guid":{"rendered":"http:\/\/betapl.atominium.com\/?page_id=837"},"modified":"2024-07-10T13:23:40","modified_gmt":"2024-07-10T11:23:40","slug":"oferty-pracy-i-stazu","status":"publish","type":"page","link":"https:\/\/www.atominium.com\/pl\/kariera\/oferty-pracy-i-stazu\/","title":{"rendered":"Oferty pracy i sta\u017cu"},"content":{"rendered":"\t\t<div data-elementor-type=\"wp-page\" data-elementor-id=\"837\" class=\"elementor elementor-837\" data-elementor-post-type=\"page\">\n\t\t\t\t\t\t<section class=\"elementor-section elementor-top-section elementor-element elementor-element-70b42280 elementor-section-boxed elementor-section-height-default elementor-section-height-default\" data-id=\"70b42280\" data-element_type=\"section\">\n\t\t\t\t\t\t<div class=\"elementor-container elementor-column-gap-default\">\n\t\t\t\t\t<div class=\"elementor-column elementor-col-100 elementor-top-column elementor-element elementor-element-49eff463\" data-id=\"49eff463\" data-element_type=\"column\">\n\t\t\t<div class=\"elementor-widget-wrap elementor-element-populated\">\n\t\t\t\t\t\t<div class=\"elementor-element elementor-element-4bdb2ecf elementor-widget elementor-widget-text-editor\" data-id=\"4bdb2ecf\" data-element_type=\"widget\" data-widget_type=\"text-editor.default\">\n\t\t\t\t<div class=\"elementor-widget-container\">\n\t\t\t\t\t\t\t\t\t\n<p>Lubisz pracowa\u0107 z lud\u017ami? Dobrze odnajdujesz si\u0119 zar\u00f3wno w grupie, jak i samodzielnej pracy w skupieniu? Praca z tekstem jest Twoj\u0105 pasj\u0105? Chcesz si\u0119 rozwija\u0107 i poszerza\u0107 swoje horyzonty? Je\u015bli tak, to z pewno\u015bci\u0105 zajdzie si\u0119 dla Ciebie miejsce w Atominium.<\/p>\n<p>Poszukujemy <strong>kreatywnych, pozytywnych i dobrze zorganizowanych os\u00f3b<\/strong>, kt\u00f3re do\u0142\u0105cz\u0105 do naszego zgranego zespo\u0142u. Zach\u0119camy do zapoznania si\u0119 z aktualnymi ofertami.<\/p>\n\t\t\t\t\t\t\t\t<\/div>\n\t\t\t\t<\/div>\n\t\t\t\t\t<\/div>\n\t\t<\/div>\n\t\t\t\t\t<\/div>\n\t\t<\/section>\n\t\t\t\t<section class=\"elementor-section elementor-top-section elementor-element elementor-element-7273ac22 elementor-section-boxed elementor-section-height-default elementor-section-height-default\" data-id=\"7273ac22\" data-element_type=\"section\">\n\t\t\t\t\t\t<div class=\"elementor-container elementor-column-gap-default\">\n\t\t\t\t\t<div class=\"elementor-column elementor-col-100 elementor-top-column elementor-element elementor-element-26460d61\" data-id=\"26460d61\" data-element_type=\"column\">\n\t\t\t<div class=\"elementor-widget-wrap elementor-element-populated\">\n\t\t\t\t\t\t<div class=\"elementor-element elementor-element-3434988f elementor-widget elementor-widget-pp-advanced-accordion\" data-id=\"3434988f\" data-element_type=\"widget\" data-settings=\"{&quot;accordion_type&quot;:&quot;toggle&quot;,&quot;toggle_speed&quot;:300}\" data-widget_type=\"pp-advanced-accordion.default\">\n\t\t\t\t<div class=\"elementor-widget-container\">\n\t\t\t\t\t\t\t<div class=\"pp-advanced-accordion pp-toggle-icon-align-left\" id=\"pp-advanced-accordion-3434988f\" data-accordion-id=\"3434988f\" role=\"tablist\">\n\t\t\t\t\t\t\t<div class=\"pp-accordion-item\">\n\t\t\t\t\t\t\t\t\t\t<div id=\"pp-accordion-tab-title-8751\" class=\"pp-accordion-tab-title\" tabindex=\"0\" data-tab=\"1\" role=\"tab\" aria-controls=\"pp-accordion-tab-content-8751\" aria-expanded=\"false\">\n\t\t\t\t\t\t<span class=\"pp-accordion-title-icon\">\n\t\t\t\t\t\t\t\t\t\t\t\t\t\t<span class=\"pp-accordion-title-text\">\n\t\t\t\t\t\t\t\tSales Specialist\t\t\t\t\t\t\t<\/span>\n\t\t\t\t\t\t<\/span>\n\t\t\t\t\t\t\t\t\t\t\t\t\t<div class=\"pp-accordion-toggle-icon\">\n\t\t\t\t\t\t\t\t\t\t\t\t\t\t\t\t\t<span class='pp-accordion-toggle-icon-close pp-icon'>\n\t\t\t\t\t\t\t\t\t\t<svg xmlns=\"http:\/\/www.w3.org\/2000\/svg\" xmlns:xlink=\"http:\/\/www.w3.org\/1999\/xlink\" id=\"Warstwa_1\" x=\"0px\" y=\"0px\" viewBox=\"0 0 50 50\" style=\"enable-background:new 0 0 50 50;\" xml:space=\"preserve\"><path d=\"M36.8,13.6C36.8,13.6,36.8,13.6,36.8,13.6c-0.2,0.1-0.4,0.2-0.5,0.3L22.9,34.8l-9.3-8.4c-0.2-0.2-0.4-0.3-0.7-0.2  c-0.3,0.1-0.4,0.3-0.5,0.5c0,0.3,0.1,0.5,0.3,0.7l9.8,8.9c0.1,0.1,0.3,0.2,0.5,0.2c0.2,0,0.4-0.1,0.5-0.3l13.9-21.5  c0.2-0.2,0.2-0.5,0-0.7C37.3,13.7,37.1,13.5,36.8,13.6z\"><\/path><\/svg>\t\t\t\t\t\t\t\t\t<\/span>\n\t\t\t\t\t\t\t\t\t\t\t\t\t\t\t\t\t\t\t\t\t\t\t\t\t<span class='pp-accordion-toggle-icon-open pp-icon'>\n\t\t\t\t\t\t\t\t\t\t<svg xmlns=\"http:\/\/www.w3.org\/2000\/svg\" xmlns:xlink=\"http:\/\/www.w3.org\/1999\/xlink\" id=\"Warstwa_1\" x=\"0px\" y=\"0px\" viewBox=\"0 0 50 50\" style=\"enable-background:new 0 0 50 50;\" xml:space=\"preserve\"><path d=\"M25,21c-2.2,0-4,1.8-4,4s1.8,4,4,4s4-1.8,4-4S27.2,21,25,21z\"><\/path><\/svg>\t\t\t\t\t\t\t\t\t<\/span>\n\t\t\t\t\t\t\t\t\t\t\t\t\t\t\t<\/div>\n\t\t\t\t\t\t\t\t\t\t\t<\/div>\n\n\t\t\t\t\t<div id=\"pp-accordion-tab-content-8751\" class=\"pp-accordion-tab-content\" data-tab=\"1\" role=\"tabpanel\" aria-labelledby=\"pp-accordion-tab-title-8751\">\n\t\t\t\t\t\t<p>Kogo szukamy?<\/p>\n<ul>\n<li>energicznych, odpowiedzialnych i zaanga\u017cowanych os\u00f3b, kt\u00f3re potrafi\u0105 s\u0142ucha\u0107 i rozmawia\u0107,<\/li>\n<li>os\u00f3b dyspozycyjnych w godz. 9-17,<\/li>\n<li>os\u00f3b maj\u0105cych dobr\u0105 dykcj\u0119,<\/li>\n<li>os\u00f3b dla kt\u00f3rych zasady poprawnego u\u017cywania j\u0119zyka polskiego nie s\u0105 obce,<\/li>\n<li>konieczna jest bardzo dobra znajomo\u015b\u0107 j\u0119zyka angielskiego,<\/li>\n<li>do\u015bwiadczenie na podobnym stanowisku mile widziane.<\/li>\n<\/ul>\n<p>\u00a0<\/p>\n<p>Co b\u0119dzie nale\u017ce\u0107 do Twoich obowi\u0105zk\u00f3w?<\/p>\n<ul>\n<li>nawi\u0105zywanie relacji biznesowych z klientami poprzez rozmowy telefoniczne i e-mail,<\/li>\n<li>przygotowywanie ofert szytych na miar\u0119 potrzeb klient\u00f3w,<\/li>\n<li>doradztwo w zakresie doboru odpowiednich t\u0142umacze\u0144,<\/li>\n<li>wsp\u00f3\u0142praca z innymi dzia\u0142ami firmy w celu pozyskiwania zam\u00f3wie\u0144 i finalizowania sprzeda\u017cy,<\/li>\n<li>utrzymywanie i sta\u0142e rozwijanie bazy danych klient\u00f3w,<\/li>\n<li>realizacja cel\u00f3w sprzeda\u017cowych.<\/li>\n<\/ul>\n<p>\u00a0<\/p>\n<p>Co oferujemy?<\/p>\n<ul>\n<li>umow\u0119 o prac\u0119 i samodzielne stanowisko,<\/li>\n<li>atrakcyjne wynagrodzenie i bonusy adekwatne do wynik\u00f3w pracy,<\/li>\n<li>prac\u0119 w firmie o ugruntowanej pozycji na rynku,<\/li>\n<li>atmosfer\u0119 wsp\u00f3\u0142pracy sprzyjaj\u0105c\u0105 rozwojowi oraz szkolenia wewn\u0119trzne,<\/li>\n<li>prac\u0119 w m\u0142odym i zgranym zespole w centrum Krakowa,<\/li>\n<li>Pizza Day, Sushi Day, Fruit Day i wiele innych!<\/li>\n<\/ul>\n<p>\u00a0<\/p>\n<p>Zainteresowanych prosimy o przesy\u0142anie CV wraz z listem motywacyjnym na adres: <a href=\"mailto:hr@atominium.com\">hr@atominium.com<\/a><\/p>\t\t\t\t\t<\/div>\n\t\t\t\t<\/div>\n\t\t\t\t\t<\/div>\n\t\t\t\t\t\t<\/div>\n\t\t\t\t<\/div>\n\t\t\t\t\t<\/div>\n\t\t<\/div>\n\t\t\t\t\t<\/div>\n\t\t<\/section>\n\t\t\t\t<\/div>\n\t\t","protected":false},"excerpt":{"rendered":"<p>Lubisz pracowa\u0107 z lud\u017ami? Dobrze odnajdujesz si\u0119 zar\u00f3wno w grupie, jak i samodzielnej pracy w skupieniu? Praca z tekstem jest Twoj\u0105 pasj\u0105? Chcesz si\u0119 rozwija\u0107 i poszerza\u0107 swoje horyzonty? Je\u015bli tak, to z pewno\u015bci\u0105 zajdzie si\u0119 dla Ciebie miejsce w Atominium. Poszukujemy kreatywnych, pozytywnych i dobrze zorganizowanych os\u00f3b, kt\u00f3re do\u0142\u0105cz\u0105 do naszego zgranego zespo\u0142u. Zach\u0119camy [&hellip;]<\/p>\n","protected":false},"author":1,"featured_media":0,"parent":69,"menu_order":0,"comment_status":"closed","ping_status":"closed","template":"","meta":{"footnotes":""},"class_list":["post-837","page","type-page","status-publish","hentry"],"yoast_head":"<!-- This site is optimized with the Yoast SEO plugin v24.2 - https:\/\/yoast.com\/wordpress\/plugins\/seo\/ -->\n<title>Oferty pracy i sta\u017cu | Biuro t\u0142umacze\u0144 Atominium<\/title>\n<meta name=\"description\" content=\"Atominium - Aktualne oferty pracy i sta\u017cy. Do\u0142\u0105cz do naszego zespo\u0142u ekspert\u00f3w w dziedzinie t\u0142umacze\u0144 i marketingu. Sprawd\u017a nasze mo\u017cliwo\u015bci!\" \/>\n<meta name=\"robots\" content=\"index, follow, max-snippet:-1, max-image-preview:large, max-video-preview:-1\" \/>\n<link rel=\"canonical\" href=\"https:\/\/www.atominium.com\/pl\/kariera\/oferty-pracy-i-stazu\/\" \/>\n<meta property=\"og:locale\" content=\"pl_PL\" \/>\n<meta property=\"og:type\" content=\"article\" \/>\n<meta property=\"og:title\" content=\"Oferty pracy i sta\u017cu | Biuro t\u0142umacze\u0144 Atominium\" \/>\n<meta property=\"og:description\" content=\"Atominium - Aktualne oferty pracy i sta\u017cy. Do\u0142\u0105cz do naszego zespo\u0142u ekspert\u00f3w w dziedzinie t\u0142umacze\u0144 i marketingu. Sprawd\u017a nasze mo\u017cliwo\u015bci!\" \/>\n<meta property=\"og:url\" content=\"https:\/\/www.atominium.com\/pl\/kariera\/oferty-pracy-i-stazu\/\" \/>\n<meta property=\"og:site_name\" content=\"Biuro t\u0142umacze\u0144 specjalistycznych - Krak\u00f3w - Atominium\" \/>\n<meta property=\"article:publisher\" content=\"https:\/\/www.facebook.com\/p\/Atominium-Specialist-Translation-Agency-100052230326775\/\" \/>\n<meta property=\"article:modified_time\" content=\"2024-07-10T11:23:40+00:00\" \/>\n<script type=\"application\/ld+json\" class=\"yoast-schema-graph\">{\"@context\":\"https:\/\/schema.org\",\"@graph\":[{\"@type\":\"WebPage\",\"@id\":\"https:\/\/www.atominium.com\/pl\/kariera\/oferty-pracy-i-stazu\/\",\"url\":\"https:\/\/www.atominium.com\/pl\/kariera\/oferty-pracy-i-stazu\/\",\"name\":\"Oferty pracy i sta\u017cu | Biuro t\u0142umacze\u0144 Atominium\",\"isPartOf\":{\"@id\":\"https:\/\/www.atominium.com\/pl\/#website\"},\"datePublished\":\"2021-04-21T21:09:18+00:00\",\"dateModified\":\"2024-07-10T11:23:40+00:00\",\"description\":\"Atominium - Aktualne oferty pracy i sta\u017cy. Do\u0142\u0105cz do naszego zespo\u0142u ekspert\u00f3w w dziedzinie t\u0142umacze\u0144 i marketingu. Sprawd\u017a nasze mo\u017cliwo\u015bci!\",\"breadcrumb\":{\"@id\":\"https:\/\/www.atominium.com\/pl\/kariera\/oferty-pracy-i-stazu\/#breadcrumb\"},\"inLanguage\":\"pl-PL\",\"potentialAction\":[{\"@type\":\"ReadAction\",\"target\":[\"https:\/\/www.atominium.com\/pl\/kariera\/oferty-pracy-i-stazu\/\"]}]},{\"@type\":\"BreadcrumbList\",\"@id\":\"https:\/\/www.atominium.com\/pl\/kariera\/oferty-pracy-i-stazu\/#breadcrumb\",\"itemListElement\":[{\"@type\":\"ListItem\",\"position\":1,\"name\":\"Strona g\u0142\u00f3wna\",\"item\":\"https:\/\/www.atominium.com\/pl\/\"},{\"@type\":\"ListItem\",\"position\":2,\"name\":\"Kariera\",\"item\":\"https:\/\/www.atominium.com\/pl\/kariera\/\"},{\"@type\":\"ListItem\",\"position\":3,\"name\":\"Oferty pracy i sta\u017cu\"}]},{\"@type\":\"WebSite\",\"@id\":\"https:\/\/www.atominium.com\/pl\/#website\",\"url\":\"https:\/\/www.atominium.com\/pl\/\",\"name\":\"Biuro t\u0142umacze\u0144 specjalistycznych - Krak\u00f3w - Atominium\",\"description\":\"Darmowa wycena w 15 min. T\u0142umaczenia: zwyk\u0142e, ustne, przysi\u0119g\u0142e, online. Biuro t\u0142umacze\u0144 Krak\u00f3w Atominium - ekspert w dziedzinie przek\u0142ad\u00f3w.\",\"publisher\":{\"@id\":\"https:\/\/www.atominium.com\/pl\/#organization\"},\"potentialAction\":[{\"@type\":\"SearchAction\",\"target\":{\"@type\":\"EntryPoint\",\"urlTemplate\":\"https:\/\/www.atominium.com\/pl\/?s={search_term_string}\"},\"query-input\":{\"@type\":\"PropertyValueSpecification\",\"valueRequired\":true,\"valueName\":\"search_term_string\"}}],\"inLanguage\":\"pl-PL\"},{\"@type\":\"Organization\",\"@id\":\"https:\/\/www.atominium.com\/pl\/#organization\",\"name\":\"Biuro t\u0142umacze\u0144 specjalistycznych Atominium Krak\u00f3w\",\"alternateName\":\"Atominium\",\"url\":\"https:\/\/www.atominium.com\/pl\/\",\"logo\":{\"@type\":\"ImageObject\",\"inLanguage\":\"pl-PL\",\"@id\":\"https:\/\/www.atominium.com\/pl\/#\/schema\/logo\/image\/\",\"url\":\"https:\/\/www.atominium.com\/pl\/wp-content\/uploads\/2021\/02\/logo-atominium.png\",\"contentUrl\":\"https:\/\/www.atominium.com\/pl\/wp-content\/uploads\/2021\/02\/logo-atominium.png\",\"width\":573,\"height\":90,\"caption\":\"Biuro t\u0142umacze\u0144 specjalistycznych Atominium Krak\u00f3w\"},\"image\":{\"@id\":\"https:\/\/www.atominium.com\/pl\/#\/schema\/logo\/image\/\"},\"sameAs\":[\"https:\/\/www.facebook.com\/p\/Atominium-Specialist-Translation-Agency-100052230326775\/\"]}]}<\/script>\n<!-- \/ Yoast SEO plugin. -->","yoast_head_json":{"title":"Oferty pracy i sta\u017cu | Biuro t\u0142umacze\u0144 Atominium","description":"Atominium - Aktualne oferty pracy i sta\u017cy. Do\u0142\u0105cz do naszego zespo\u0142u ekspert\u00f3w w dziedzinie t\u0142umacze\u0144 i marketingu. Sprawd\u017a nasze mo\u017cliwo\u015bci!","robots":{"index":"index","follow":"follow","max-snippet":"max-snippet:-1","max-image-preview":"max-image-preview:large","max-video-preview":"max-video-preview:-1"},"canonical":"https:\/\/www.atominium.com\/pl\/kariera\/oferty-pracy-i-stazu\/","og_locale":"pl_PL","og_type":"article","og_title":"Oferty pracy i sta\u017cu | Biuro t\u0142umacze\u0144 Atominium","og_description":"Atominium - Aktualne oferty pracy i sta\u017cy. Do\u0142\u0105cz do naszego zespo\u0142u ekspert\u00f3w w dziedzinie t\u0142umacze\u0144 i marketingu. Sprawd\u017a nasze mo\u017cliwo\u015bci!","og_url":"https:\/\/www.atominium.com\/pl\/kariera\/oferty-pracy-i-stazu\/","og_site_name":"Biuro t\u0142umacze\u0144 specjalistycznych - Krak\u00f3w - Atominium","article_publisher":"https:\/\/www.facebook.com\/p\/Atominium-Specialist-Translation-Agency-100052230326775\/","article_modified_time":"2024-07-10T11:23:40+00:00","schema":{"@context":"https:\/\/schema.org","@graph":[{"@type":"WebPage","@id":"https:\/\/www.atominium.com\/pl\/kariera\/oferty-pracy-i-stazu\/","url":"https:\/\/www.atominium.com\/pl\/kariera\/oferty-pracy-i-stazu\/","name":"Oferty pracy i sta\u017cu | Biuro t\u0142umacze\u0144 Atominium","isPartOf":{"@id":"https:\/\/www.atominium.com\/pl\/#website"},"datePublished":"2021-04-21T21:09:18+00:00","dateModified":"2024-07-10T11:23:40+00:00","description":"Atominium - Aktualne oferty pracy i sta\u017cy. Do\u0142\u0105cz do naszego zespo\u0142u ekspert\u00f3w w dziedzinie t\u0142umacze\u0144 i marketingu. Sprawd\u017a nasze mo\u017cliwo\u015bci!","breadcrumb":{"@id":"https:\/\/www.atominium.com\/pl\/kariera\/oferty-pracy-i-stazu\/#breadcrumb"},"inLanguage":"pl-PL","potentialAction":[{"@type":"ReadAction","target":["https:\/\/www.atominium.com\/pl\/kariera\/oferty-pracy-i-stazu\/"]}]},{"@type":"BreadcrumbList","@id":"https:\/\/www.atominium.com\/pl\/kariera\/oferty-pracy-i-stazu\/#breadcrumb","itemListElement":[{"@type":"ListItem","position":1,"name":"Strona g\u0142\u00f3wna","item":"https:\/\/www.atominium.com\/pl\/"},{"@type":"ListItem","position":2,"name":"Kariera","item":"https:\/\/www.atominium.com\/pl\/kariera\/"},{"@type":"ListItem","position":3,"name":"Oferty pracy i sta\u017cu"}]},{"@type":"WebSite","@id":"https:\/\/www.atominium.com\/pl\/#website","url":"https:\/\/www.atominium.com\/pl\/","name":"Biuro t\u0142umacze\u0144 specjalistycznych - Krak\u00f3w - Atominium","description":"Darmowa wycena w 15 min. T\u0142umaczenia: zwyk\u0142e, ustne, przysi\u0119g\u0142e, online. Biuro t\u0142umacze\u0144 Krak\u00f3w Atominium - ekspert w dziedzinie przek\u0142ad\u00f3w.","publisher":{"@id":"https:\/\/www.atominium.com\/pl\/#organization"},"potentialAction":[{"@type":"SearchAction","target":{"@type":"EntryPoint","urlTemplate":"https:\/\/www.atominium.com\/pl\/?s={search_term_string}"},"query-input":{"@type":"PropertyValueSpecification","valueRequired":true,"valueName":"search_term_string"}}],"inLanguage":"pl-PL"},{"@type":"Organization","@id":"https:\/\/www.atominium.com\/pl\/#organization","name":"Biuro t\u0142umacze\u0144 specjalistycznych Atominium Krak\u00f3w","alternateName":"Atominium","url":"https:\/\/www.atominium.com\/pl\/","logo":{"@type":"ImageObject","inLanguage":"pl-PL","@id":"https:\/\/www.atominium.com\/pl\/#\/schema\/logo\/image\/","url":"https:\/\/www.atominium.com\/pl\/wp-content\/uploads\/2021\/02\/logo-atominium.png","contentUrl":"https:\/\/www.atominium.com\/pl\/wp-content\/uploads\/2021\/02\/logo-atominium.png","width":573,"height":90,"caption":"Biuro t\u0142umacze\u0144 specjalistycznych Atominium Krak\u00f3w"},"image":{"@id":"https:\/\/www.atominium.com\/pl\/#\/schema\/logo\/image\/"},"sameAs":["https:\/\/www.facebook.com\/p\/Atominium-Specialist-Translation-Agency-100052230326775\/"]}]}},"post_mailing_queue_ids":[],"_links":{"self":[{"href":"https:\/\/www.atominium.com\/pl\/wp-json\/wp\/v2\/pages\/837","targetHints":{"allow":["GET"]}}],"collection":[{"href":"https:\/\/www.atominium.com\/pl\/wp-json\/wp\/v2\/pages"}],"about":[{"href":"https:\/\/www.atominium.com\/pl\/wp-json\/wp\/v2\/types\/page"}],"author":[{"embeddable":true,"href":"https:\/\/www.atominium.com\/pl\/wp-json\/wp\/v2\/users\/1"}],"replies":[{"embeddable":true,"href":"https:\/\/www.atominium.com\/pl\/wp-json\/wp\/v2\/comments?post=837"}],"version-history":[{"count":83,"href":"https:\/\/www.atominium.com\/pl\/wp-json\/wp\/v2\/pages\/837\/revisions"}],"predecessor-version":[{"id":18070,"href":"https:\/\/www.atominium.com\/pl\/wp-json\/wp\/v2\/pages\/837\/revisions\/18070"}],"up":[{"embeddable":true,"href":"https:\/\/www.atominium.com\/pl\/wp-json\/wp\/v2\/pages\/69"}],"wp:attachment":[{"href":"https:\/\/www.atominium.com\/pl\/wp-json\/wp\/v2\/media?parent=837"}],"curies":[{"name":"wp","href":"https:\/\/api.w.org\/{rel}","templated":true}]}}