{"id":835,"date":"2021-04-21T21:08:38","date_gmt":"2021-04-21T21:08:38","guid":{"rendered":"http:\/\/betapl.atominium.com\/?page_id=835"},"modified":"2024-07-10T13:24:00","modified_gmt":"2024-07-10T11:24:00","slug":"strefa-studenta-i-absolwenta","status":"publish","type":"page","link":"https:\/\/www.atominium.com\/pl\/kariera\/strefa-studenta-i-absolwenta\/","title":{"rendered":"Strefa studenta i absolwenta"},"content":{"rendered":"\t\t<div data-elementor-type=\"wp-page\" data-elementor-id=\"835\" class=\"elementor elementor-835\" data-elementor-post-type=\"page\">\n\t\t\t\t\t\t<section class=\"elementor-section elementor-top-section elementor-element elementor-element-1a6c5099 elementor-section-boxed elementor-section-height-default elementor-section-height-default\" data-id=\"1a6c5099\" data-element_type=\"section\">\n\t\t\t\t\t\t<div class=\"elementor-container elementor-column-gap-default\">\n\t\t\t\t\t<div class=\"elementor-column elementor-col-100 elementor-top-column elementor-element elementor-element-ee3517d\" data-id=\"ee3517d\" data-element_type=\"column\">\n\t\t\t<div class=\"elementor-widget-wrap elementor-element-populated\">\n\t\t\t\t\t\t<div class=\"elementor-element elementor-element-7183f9ab elementor-widget elementor-widget-text-editor\" data-id=\"7183f9ab\" data-element_type=\"widget\" data-widget_type=\"text-editor.default\">\n\t\t\t\t<div class=\"elementor-widget-container\">\n\t\t\t\t\t\t\t\t\t<p>Je\u015bli jeste\u015b <strong>studentem III, IV lub V roku studi\u00f3w<\/strong> lub \u015bwie\u017co upieczonym absolwentem, oferujemy Ci odbycie praktyk w naszym biurze. Dobrze, je\u015bli uczelnia wystawi Ci skierowanie, ale je\u015bli na Twoim kierunku nie ma wymogu odbycia praktyk, ale bardzo chcia\u0142by\u015b\/chcia\u0142aby\u015b zdoby\u0107 cenne do\u015bwiadczenie, to zapraszamy. Poka\u017cemy Ci jak pracowa\u0107 w CAT-ach, jak sprawdza\u0107 zgodno\u015b\u0107 t\u0142umacze\u0144 z orygina\u0142em, dowiesz si\u0119 czym jest DTP, MT, TEP, proofreading i wiele innych.<\/p>\n\t\t\t\t\t\t\t\t<\/div>\n\t\t\t\t<\/div>\n\t\t\t\t\t<\/div>\n\t\t<\/div>\n\t\t\t\t\t<\/div>\n\t\t<\/section>\n\t\t\t\t<section class=\"elementor-section elementor-top-section elementor-element elementor-element-5bcd8c7e elementor-section-boxed elementor-section-height-default elementor-section-height-default\" data-id=\"5bcd8c7e\" data-element_type=\"section\">\n\t\t\t\t\t\t<div class=\"elementor-container elementor-column-gap-default\">\n\t\t\t\t\t<div class=\"elementor-column elementor-col-100 elementor-top-column elementor-element elementor-element-465aa704\" data-id=\"465aa704\" data-element_type=\"column\">\n\t\t\t<div class=\"elementor-widget-wrap elementor-element-populated\">\n\t\t\t\t\t\t<div class=\"elementor-element elementor-element-1a9ced3c elementor-widget elementor-widget-pp-advanced-accordion\" data-id=\"1a9ced3c\" data-element_type=\"widget\" data-settings=\"{&quot;accordion_type&quot;:&quot;toggle&quot;,&quot;toggle_speed&quot;:300}\" data-widget_type=\"pp-advanced-accordion.default\">\n\t\t\t\t<div class=\"elementor-widget-container\">\n\t\t\t\t\t\t\t<div class=\"pp-advanced-accordion pp-toggle-icon-align-left\" id=\"pp-advanced-accordion-1a9ced3c\" data-accordion-id=\"1a9ced3c\" role=\"tablist\">\n\t\t\t\t\t\t\t<div class=\"pp-accordion-item\">\n\t\t\t\t\t\t\t\t\t\t<div id=\"pp-accordion-tab-title-4461\" class=\"pp-accordion-tab-title\" tabindex=\"0\" data-tab=\"1\" role=\"tab\" aria-controls=\"pp-accordion-tab-content-4461\" aria-expanded=\"false\">\n\t\t\t\t\t\t<span class=\"pp-accordion-title-icon\">\n\t\t\t\t\t\t\t\t\t\t\t\t\t\t<span class=\"pp-accordion-title-text\">\n\t\t\t\t\t\t\t\tOperator DTP\t\t\t\t\t\t\t<\/span>\n\t\t\t\t\t\t<\/span>\n\t\t\t\t\t\t\t\t\t\t\t\t\t<div class=\"pp-accordion-toggle-icon\">\n\t\t\t\t\t\t\t\t\t\t\t\t\t\t\t\t\t<span class='pp-accordion-toggle-icon-close pp-icon'>\n\t\t\t\t\t\t\t\t\t\t<svg xmlns=\"http:\/\/www.w3.org\/2000\/svg\" xmlns:xlink=\"http:\/\/www.w3.org\/1999\/xlink\" id=\"Warstwa_1\" x=\"0px\" y=\"0px\" viewBox=\"0 0 50 50\" style=\"enable-background:new 0 0 50 50;\" xml:space=\"preserve\"><path d=\"M36.8,13.6C36.8,13.6,36.8,13.6,36.8,13.6c-0.2,0.1-0.4,0.2-0.5,0.3L22.9,34.8l-9.3-8.4c-0.2-0.2-0.4-0.3-0.7-0.2  c-0.3,0.1-0.4,0.3-0.5,0.5c0,0.3,0.1,0.5,0.3,0.7l9.8,8.9c0.1,0.1,0.3,0.2,0.5,0.2c0.2,0,0.4-0.1,0.5-0.3l13.9-21.5  c0.2-0.2,0.2-0.5,0-0.7C37.3,13.7,37.1,13.5,36.8,13.6z\"><\/path><\/svg>\t\t\t\t\t\t\t\t\t<\/span>\n\t\t\t\t\t\t\t\t\t\t\t\t\t\t\t\t\t\t\t\t\t\t\t\t\t<span class='pp-accordion-toggle-icon-open pp-icon'>\n\t\t\t\t\t\t\t\t\t\t<svg xmlns=\"http:\/\/www.w3.org\/2000\/svg\" xmlns:xlink=\"http:\/\/www.w3.org\/1999\/xlink\" id=\"Warstwa_1\" x=\"0px\" y=\"0px\" viewBox=\"0 0 50 50\" style=\"enable-background:new 0 0 50 50;\" xml:space=\"preserve\"><path d=\"M25,21c-2.2,0-4,1.8-4,4s1.8,4,4,4s4-1.8,4-4S27.2,21,25,21z\"><\/path><\/svg>\t\t\t\t\t\t\t\t\t<\/span>\n\t\t\t\t\t\t\t\t\t\t\t\t\t\t\t<\/div>\n\t\t\t\t\t\t\t\t\t\t\t<\/div>\n\n\t\t\t\t\t<div id=\"pp-accordion-tab-content-4461\" class=\"pp-accordion-tab-content\" data-tab=\"1\" role=\"tabpanel\" aria-labelledby=\"pp-accordion-tab-title-4461\">\n\t\t\t\t\t\t<p>Oferujemy:<\/p>\n<ul>\n<li>2-3 miesi\u0119czne, bezp\u0142atne, stacjonarne praktyki w firmie o ugruntowanej pozycji na rynku,<\/li>\n<li>cenne do\u015bwiadczenie w bran\u017cy translatorskiej podparte referencjami,<\/li>\n<li>elastyczny grafik lub pe\u0142en wymiar godzin,<\/li>\n<li>atmosfer\u0119 wsp\u00f3\u0142pracy sprzyjaj\u0105c\u0105 rozwojowi oraz szkolenia wewn\u0119trzne,<\/li>\n<li>narz\u0119dzia niezb\u0119dne do pracy,<\/li>\n<li>mo\u017cliwo\u015b\u0107 nawi\u0105zania sta\u0142ej wsp\u00f3\u0142pracy po odbyciu praktyk.<\/li>\n<\/ul>\n<p>\u00a0<\/p>\n<p>Opis stanowiska pracy:<\/p>\n<ul>\n<li>sk\u0142ad przet\u0142umaczonych plik\u00f3w (przygotowanie warstwy graficznej, naniesienie warstwy tekstowej),<\/li>\n<li>formatowanie tekstu i element\u00f3w graficznych na wz\u00f3r dokumentu \u017ar\u00f3d\u0142owego,<\/li>\n<li>praca w formatach: doc(x), PDF, indd, idml, cdr, cad,<\/li>\n<li>\u015bcis\u0142a wsp\u00f3\u0142praca z dzia\u0142em realizacji projekt\u00f3w translatorskich oraz dzia\u0142em IT.<\/li>\n<\/ul>\n<p>\u00a0<\/p>\n<p>Wymagania:<\/p>\n<ul>\n<li>bardzo dobra znajomo\u015b\u0107 Adobe InDesign oraz pakietu MS Office,<\/li>\n<li>skrupulatno\u015b\u0107, dok\u0142adno\u015b\u0107,<\/li>\n<li>zdolno\u015bci organizacyjne pracy w\u0142asnej oraz mo\u017cliwo\u015b\u0107 funkcjonowania pod presj\u0105 czasu,<\/li>\n<li>zaanga\u017cowanie w wykonywanie powierzonych zada\u0144, odpowiedzialno\u015b\u0107.<\/li>\n<\/ul>\n<p>\u00a0<\/p>\n<p>Jak aplikowa\u0107?<\/p>\n<p>CV wraz z listem motywacyjnym prze\u015blij na adres: <a href=\"mailto:hr@atominium.com\">hr@atominium.com<\/a>, w temacie wiadomo\u015bci wpisuj\u0105c: Praktyki\/DTP.<\/p>\t\t\t\t\t<\/div>\n\t\t\t\t<\/div>\n\t\t\t\t\t\t\t<div class=\"pp-accordion-item\">\n\t\t\t\t\t\t\t\t\t\t<div id=\"pp-accordion-tab-title-4462\" class=\"pp-accordion-tab-title\" tabindex=\"0\" data-tab=\"2\" role=\"tab\" aria-controls=\"pp-accordion-tab-content-4462\" aria-expanded=\"false\">\n\t\t\t\t\t\t<span class=\"pp-accordion-title-icon\">\n\t\t\t\t\t\t\t\t\t\t\t\t\t\t<span class=\"pp-accordion-title-text\">\n\t\t\t\t\t\t\t\tSocial Media Copywriter z j\u0119zykiem angielskim\t\t\t\t\t\t\t<\/span>\n\t\t\t\t\t\t<\/span>\n\t\t\t\t\t\t\t\t\t\t\t\t\t<div class=\"pp-accordion-toggle-icon\">\n\t\t\t\t\t\t\t\t\t\t\t\t\t\t\t\t\t<span class='pp-accordion-toggle-icon-close pp-icon'>\n\t\t\t\t\t\t\t\t\t\t<svg xmlns=\"http:\/\/www.w3.org\/2000\/svg\" xmlns:xlink=\"http:\/\/www.w3.org\/1999\/xlink\" id=\"Warstwa_1\" x=\"0px\" y=\"0px\" viewBox=\"0 0 50 50\" style=\"enable-background:new 0 0 50 50;\" xml:space=\"preserve\"><path d=\"M36.8,13.6C36.8,13.6,36.8,13.6,36.8,13.6c-0.2,0.1-0.4,0.2-0.5,0.3L22.9,34.8l-9.3-8.4c-0.2-0.2-0.4-0.3-0.7-0.2  c-0.3,0.1-0.4,0.3-0.5,0.5c0,0.3,0.1,0.5,0.3,0.7l9.8,8.9c0.1,0.1,0.3,0.2,0.5,0.2c0.2,0,0.4-0.1,0.5-0.3l13.9-21.5  c0.2-0.2,0.2-0.5,0-0.7C37.3,13.7,37.1,13.5,36.8,13.6z\"><\/path><\/svg>\t\t\t\t\t\t\t\t\t<\/span>\n\t\t\t\t\t\t\t\t\t\t\t\t\t\t\t\t\t\t\t\t\t\t\t\t\t<span class='pp-accordion-toggle-icon-open pp-icon'>\n\t\t\t\t\t\t\t\t\t\t<svg xmlns=\"http:\/\/www.w3.org\/2000\/svg\" xmlns:xlink=\"http:\/\/www.w3.org\/1999\/xlink\" id=\"Warstwa_1\" x=\"0px\" y=\"0px\" viewBox=\"0 0 50 50\" style=\"enable-background:new 0 0 50 50;\" xml:space=\"preserve\"><path d=\"M25,21c-2.2,0-4,1.8-4,4s1.8,4,4,4s4-1.8,4-4S27.2,21,25,21z\"><\/path><\/svg>\t\t\t\t\t\t\t\t\t<\/span>\n\t\t\t\t\t\t\t\t\t\t\t\t\t\t\t<\/div>\n\t\t\t\t\t\t\t\t\t\t\t<\/div>\n\n\t\t\t\t\t<div id=\"pp-accordion-tab-content-4462\" class=\"pp-accordion-tab-content\" data-tab=\"2\" role=\"tabpanel\" aria-labelledby=\"pp-accordion-tab-title-4462\">\n\t\t\t\t\t\t<p>Oferujemy:<\/p>\n<ul>\n<li>2 miesi\u0119czne, bezp\u0142atne, stacjonarne praktyki,<\/li>\n<li>elastyczny grafik dopasowany do zaj\u0119\u0107,<\/li>\n<li>cenne do\u015bwiadczenie podparte referencjami,<\/li>\n<li>atmosfer\u0119 wsp\u00f3\u0142pracy sprzyjaj\u0105c\u0105 rozwojowi,<\/li>\n<li>samodzielne stanowisko,<\/li>\n<li>narz\u0119dzia niezb\u0119dne do pracy,<\/li>\n<li>mo\u017cliwo\u015b\u0107 nawi\u0105zania wsp\u00f3\u0142pracy po odbyciu praktyk.<\/li>\n<\/ul>\n<p><br \/>Opis stanowiska pracy:<\/p>\n<ul>\n<li>wsp\u00f3\u0142tworzenie i realizacja strategii marketingowej,<\/li>\n<li>pisanie, redagowanie i publikacja tekst\u00f3w tematycznych w j\u0119zyku angielskim na firmowym blogu i stronie internetowej,<\/li>\n<li>zarz\u0105dzanie profilem firmy w mediach spo\u0142eczno\u015bciowych (m.in. FB, Twitter).<\/li>\n<\/ul>\n<p><br \/>Wymagania:<\/p>\n<ul>\n<li>wykszta\u0142cenie wy\u017csze \u2013 w trakcie lub uko\u0144czone,<\/li>\n<li>bieg\u0142a znajomo\u015b\u0107 j\u0119zyka angielskiego (lub osoba natywna),<\/li>\n<li>bieg\u0142a znajomo\u015b\u0107 zasad gramatyki, ortografii i interpunkcji,<\/li>\n<li>bardzo dobra znajomo\u015b\u0107 pakietu MS Office,<\/li>\n<li>lekkie pi\u00f3ro i zainteresowanie social media,<\/li>\n<li>proaktywno\u015b\u0107, zaanga\u017cowanie w wykonywanie powierzonych zada\u0144.<\/li>\n<\/ul>\n<p><br \/>Jak aplikowa\u0107?<\/p>\n<p>CV wraz z listem motywacyjnym prze\u015blij na adres: <a href=\"mailto:hr@atominium.com\">hr@atominium.com<\/a>, w temacie wiadomo\u015bci wpisuj\u0105c: Praktyki\/Copywriter.<\/p>\t\t\t\t\t<\/div>\n\t\t\t\t<\/div>\n\t\t\t\t\t\t\t<div class=\"pp-accordion-item\">\n\t\t\t\t\t\t\t\t\t\t<div id=\"pp-accordion-tab-title-4463\" class=\"pp-accordion-tab-title\" tabindex=\"0\" data-tab=\"3\" role=\"tab\" aria-controls=\"pp-accordion-tab-content-4463\" aria-expanded=\"false\">\n\t\t\t\t\t\t<span class=\"pp-accordion-title-icon\">\n\t\t\t\t\t\t\t\t\t\t\t\t\t\t<span class=\"pp-accordion-title-text\">\n\t\t\t\t\t\t\t\tPRAKTYKI w Biurze T\u0142umacze\u0144\t\t\t\t\t\t\t<\/span>\n\t\t\t\t\t\t<\/span>\n\t\t\t\t\t\t\t\t\t\t\t\t\t<div class=\"pp-accordion-toggle-icon\">\n\t\t\t\t\t\t\t\t\t\t\t\t\t\t\t\t\t<span class='pp-accordion-toggle-icon-close pp-icon'>\n\t\t\t\t\t\t\t\t\t\t<svg xmlns=\"http:\/\/www.w3.org\/2000\/svg\" xmlns:xlink=\"http:\/\/www.w3.org\/1999\/xlink\" id=\"Warstwa_1\" x=\"0px\" y=\"0px\" viewBox=\"0 0 50 50\" style=\"enable-background:new 0 0 50 50;\" xml:space=\"preserve\"><path d=\"M36.8,13.6C36.8,13.6,36.8,13.6,36.8,13.6c-0.2,0.1-0.4,0.2-0.5,0.3L22.9,34.8l-9.3-8.4c-0.2-0.2-0.4-0.3-0.7-0.2  c-0.3,0.1-0.4,0.3-0.5,0.5c0,0.3,0.1,0.5,0.3,0.7l9.8,8.9c0.1,0.1,0.3,0.2,0.5,0.2c0.2,0,0.4-0.1,0.5-0.3l13.9-21.5  c0.2-0.2,0.2-0.5,0-0.7C37.3,13.7,37.1,13.5,36.8,13.6z\"><\/path><\/svg>\t\t\t\t\t\t\t\t\t<\/span>\n\t\t\t\t\t\t\t\t\t\t\t\t\t\t\t\t\t\t\t\t\t\t\t\t\t<span class='pp-accordion-toggle-icon-open pp-icon'>\n\t\t\t\t\t\t\t\t\t\t<svg xmlns=\"http:\/\/www.w3.org\/2000\/svg\" xmlns:xlink=\"http:\/\/www.w3.org\/1999\/xlink\" id=\"Warstwa_1\" x=\"0px\" y=\"0px\" viewBox=\"0 0 50 50\" style=\"enable-background:new 0 0 50 50;\" xml:space=\"preserve\"><path d=\"M25,21c-2.2,0-4,1.8-4,4s1.8,4,4,4s4-1.8,4-4S27.2,21,25,21z\"><\/path><\/svg>\t\t\t\t\t\t\t\t\t<\/span>\n\t\t\t\t\t\t\t\t\t\t\t\t\t\t\t<\/div>\n\t\t\t\t\t\t\t\t\t\t\t<\/div>\n\n\t\t\t\t\t<div id=\"pp-accordion-tab-content-4463\" class=\"pp-accordion-tab-content\" data-tab=\"3\" role=\"tabpanel\" aria-labelledby=\"pp-accordion-tab-title-4463\">\n\t\t\t\t\t\t<p>Opis stanowiska pracy:<\/p>\n<ul>\n<li>Sprawdzanie zgodno\u015bci przek\u0142adu z orygina\u0142em.<\/li>\n<li>Wprowadzanie niezb\u0119dnych poprawek terminologicznych i stylistycznych.<\/li>\n<li>Drobne t\u0142umaczenia tekst\u00f3w.<\/li>\n<li>Wsparcie kierownik\u00f3w projekt\u00f3w w innych, codziennych obowi\u0105zkach (kontakt z t\u0142umaczami oraz klientami).<\/li>\n<\/ul>\n<p>\u00a0<\/p>\n<p>Wymagania:<\/p>\n<ul>\n<li>Bieg\u0142a znajomo\u015b\u0107 j\u0119zyka angielskiego lub innego j\u0119zyka.<\/li>\n<li>Bieg\u0142a znajomo\u015b\u0107 zasad gramatyki, ortografii i interpunkcji j\u0119zyka polskiego.<\/li>\n<li>Bardzo dobra znajomo\u015b\u0107 pakietu MS Office.<\/li>\n<li>Skrupulatno\u015b\u0107, dok\u0142adno\u015b\u0107.<\/li>\n<li>Zaanga\u017cowanie w wykonywanie powierzonych zada\u0144.<\/li>\n<\/ul>\n<p>\u00a0<\/p>\n<p>Oferujemy:<\/p>\n<ul>\n<li>2 miesi\u0119czne, bezp\u0142atne, stacjonarne praktyki umo\u017cliwiaj\u0105ce poznanie specyfiki pracy Biura T\u0142umacze\u0144 od kuchni.<\/li>\n<li>Elastyczny grafik z mo\u017cliwo\u015bci\u0105 dopasowania do zaj\u0119\u0107 (pe\u0142na dyspozycyjno\u015b\u0107 mile widziana).<\/li>\n<li>Cenne do\u015bwiadczenie podparte referencjami.<\/li>\n<li>Atmosfer\u0119 wsp\u00f3\u0142pracy sprzyjaj\u0105c\u0105 rozwojowi oraz szkolenia wewn\u0119trzne (narz\u0119dzia CAT)<\/li>\n<li>Samodzielne stanowisko.<\/li>\n<li>Mo\u017cliwo\u015b\u0107 nawi\u0105zania wsp\u00f3\u0142pracy po odbyciu praktyk.<\/li>\n<\/ul>\n<p>\u00a0<\/p>\n<p>Jak aplikowa\u0107?<\/p>\n<p>Osoby zainteresowane prosimy o przesy\u0142anie CV na adres: <a href=\"mailto:hr@atominium.com\">hr@atominium.com<\/a>.<br \/>Wybranych kandydat\u00f3w zaprosimy na rozmow\u0119 rekrutacyjn\u0105.<\/p>\t\t\t\t\t<\/div>\n\t\t\t\t<\/div>\n\t\t\t\t\t<\/div>\n\t\t\t\t\t\t<\/div>\n\t\t\t\t<\/div>\n\t\t\t\t\t<\/div>\n\t\t<\/div>\n\t\t\t\t\t<\/div>\n\t\t<\/section>\n\t\t\t\t<\/div>\n\t\t","protected":false},"excerpt":{"rendered":"<p>Je\u015bli jeste\u015b studentem III, IV lub V roku studi\u00f3w lub \u015bwie\u017co upieczonym absolwentem, oferujemy Ci odbycie praktyk w naszym biurze. Dobrze, je\u015bli uczelnia wystawi Ci skierowanie, ale je\u015bli na Twoim kierunku nie ma wymogu odbycia praktyk, ale bardzo chcia\u0142by\u015b\/chcia\u0142aby\u015b zdoby\u0107 cenne do\u015bwiadczenie, to zapraszamy. Poka\u017cemy Ci jak pracowa\u0107 w CAT-ach, jak sprawdza\u0107 zgodno\u015b\u0107 t\u0142umacze\u0144 z [&hellip;]<\/p>\n","protected":false},"author":1,"featured_media":0,"parent":69,"menu_order":0,"comment_status":"closed","ping_status":"closed","template":"","meta":{"footnotes":""},"class_list":["post-835","page","type-page","status-publish","hentry"],"yoast_head":"<!-- This site is optimized with the Yoast SEO plugin v24.2 - https:\/\/yoast.com\/wordpress\/plugins\/seo\/ -->\n<title>Strefa studenta i absolwenta | Biuro t\u0142umacze\u0144 Atominium<\/title>\n<meta name=\"description\" content=\"Strefa Studenta i Absolwenta - Twoje miejsce w Atominium. Znajd\u017a praktyki, sta\u017ce i mo\u017cliwo\u015bci rozwoju w bran\u017cy t\u0142umacze\u0144 i marketingu. Do\u0142\u0105cz do nas!\" \/>\n<meta name=\"robots\" content=\"index, follow, max-snippet:-1, max-image-preview:large, max-video-preview:-1\" \/>\n<link rel=\"canonical\" href=\"https:\/\/www.atominium.com\/pl\/kariera\/strefa-studenta-i-absolwenta\/\" \/>\n<meta property=\"og:locale\" content=\"pl_PL\" \/>\n<meta property=\"og:type\" content=\"article\" \/>\n<meta property=\"og:title\" content=\"Strefa studenta i absolwenta | Biuro t\u0142umacze\u0144 Atominium\" \/>\n<meta property=\"og:description\" content=\"Strefa Studenta i Absolwenta - Twoje miejsce w Atominium. Znajd\u017a praktyki, sta\u017ce i mo\u017cliwo\u015bci rozwoju w bran\u017cy t\u0142umacze\u0144 i marketingu. Do\u0142\u0105cz do nas!\" \/>\n<meta property=\"og:url\" content=\"https:\/\/www.atominium.com\/pl\/kariera\/strefa-studenta-i-absolwenta\/\" \/>\n<meta property=\"og:site_name\" content=\"Biuro t\u0142umacze\u0144 specjalistycznych - Krak\u00f3w - Atominium\" \/>\n<meta property=\"article:publisher\" content=\"https:\/\/www.facebook.com\/p\/Atominium-Specialist-Translation-Agency-100052230326775\/\" \/>\n<meta property=\"article:modified_time\" content=\"2024-07-10T11:24:00+00:00\" \/>\n<script type=\"application\/ld+json\" class=\"yoast-schema-graph\">{\"@context\":\"https:\/\/schema.org\",\"@graph\":[{\"@type\":\"WebPage\",\"@id\":\"https:\/\/www.atominium.com\/pl\/kariera\/strefa-studenta-i-absolwenta\/\",\"url\":\"https:\/\/www.atominium.com\/pl\/kariera\/strefa-studenta-i-absolwenta\/\",\"name\":\"Strefa studenta i absolwenta | Biuro t\u0142umacze\u0144 Atominium\",\"isPartOf\":{\"@id\":\"https:\/\/www.atominium.com\/pl\/#website\"},\"datePublished\":\"2021-04-21T21:08:38+00:00\",\"dateModified\":\"2024-07-10T11:24:00+00:00\",\"description\":\"Strefa Studenta i Absolwenta - Twoje miejsce w Atominium. Znajd\u017a praktyki, sta\u017ce i mo\u017cliwo\u015bci rozwoju w bran\u017cy t\u0142umacze\u0144 i marketingu. Do\u0142\u0105cz do nas!\",\"breadcrumb\":{\"@id\":\"https:\/\/www.atominium.com\/pl\/kariera\/strefa-studenta-i-absolwenta\/#breadcrumb\"},\"inLanguage\":\"pl-PL\",\"potentialAction\":[{\"@type\":\"ReadAction\",\"target\":[\"https:\/\/www.atominium.com\/pl\/kariera\/strefa-studenta-i-absolwenta\/\"]}]},{\"@type\":\"BreadcrumbList\",\"@id\":\"https:\/\/www.atominium.com\/pl\/kariera\/strefa-studenta-i-absolwenta\/#breadcrumb\",\"itemListElement\":[{\"@type\":\"ListItem\",\"position\":1,\"name\":\"Strona g\u0142\u00f3wna\",\"item\":\"https:\/\/www.atominium.com\/pl\/\"},{\"@type\":\"ListItem\",\"position\":2,\"name\":\"Kariera\",\"item\":\"https:\/\/www.atominium.com\/pl\/kariera\/\"},{\"@type\":\"ListItem\",\"position\":3,\"name\":\"Strefa studenta i absolwenta\"}]},{\"@type\":\"WebSite\",\"@id\":\"https:\/\/www.atominium.com\/pl\/#website\",\"url\":\"https:\/\/www.atominium.com\/pl\/\",\"name\":\"Biuro t\u0142umacze\u0144 specjalistycznych - Krak\u00f3w - Atominium\",\"description\":\"Darmowa wycena w 15 min. T\u0142umaczenia: zwyk\u0142e, ustne, przysi\u0119g\u0142e, online. Biuro t\u0142umacze\u0144 Krak\u00f3w Atominium - ekspert w dziedzinie przek\u0142ad\u00f3w.\",\"publisher\":{\"@id\":\"https:\/\/www.atominium.com\/pl\/#organization\"},\"potentialAction\":[{\"@type\":\"SearchAction\",\"target\":{\"@type\":\"EntryPoint\",\"urlTemplate\":\"https:\/\/www.atominium.com\/pl\/?s={search_term_string}\"},\"query-input\":{\"@type\":\"PropertyValueSpecification\",\"valueRequired\":true,\"valueName\":\"search_term_string\"}}],\"inLanguage\":\"pl-PL\"},{\"@type\":\"Organization\",\"@id\":\"https:\/\/www.atominium.com\/pl\/#organization\",\"name\":\"Biuro t\u0142umacze\u0144 specjalistycznych Atominium Krak\u00f3w\",\"alternateName\":\"Atominium\",\"url\":\"https:\/\/www.atominium.com\/pl\/\",\"logo\":{\"@type\":\"ImageObject\",\"inLanguage\":\"pl-PL\",\"@id\":\"https:\/\/www.atominium.com\/pl\/#\/schema\/logo\/image\/\",\"url\":\"https:\/\/www.atominium.com\/pl\/wp-content\/uploads\/2021\/02\/logo-atominium.png\",\"contentUrl\":\"https:\/\/www.atominium.com\/pl\/wp-content\/uploads\/2021\/02\/logo-atominium.png\",\"width\":573,\"height\":90,\"caption\":\"Biuro t\u0142umacze\u0144 specjalistycznych Atominium Krak\u00f3w\"},\"image\":{\"@id\":\"https:\/\/www.atominium.com\/pl\/#\/schema\/logo\/image\/\"},\"sameAs\":[\"https:\/\/www.facebook.com\/p\/Atominium-Specialist-Translation-Agency-100052230326775\/\"]}]}<\/script>\n<!-- \/ Yoast SEO plugin. -->","yoast_head_json":{"title":"Strefa studenta i absolwenta | Biuro t\u0142umacze\u0144 Atominium","description":"Strefa Studenta i Absolwenta - Twoje miejsce w Atominium. Znajd\u017a praktyki, sta\u017ce i mo\u017cliwo\u015bci rozwoju w bran\u017cy t\u0142umacze\u0144 i marketingu. Do\u0142\u0105cz do nas!","robots":{"index":"index","follow":"follow","max-snippet":"max-snippet:-1","max-image-preview":"max-image-preview:large","max-video-preview":"max-video-preview:-1"},"canonical":"https:\/\/www.atominium.com\/pl\/kariera\/strefa-studenta-i-absolwenta\/","og_locale":"pl_PL","og_type":"article","og_title":"Strefa studenta i absolwenta | Biuro t\u0142umacze\u0144 Atominium","og_description":"Strefa Studenta i Absolwenta - Twoje miejsce w Atominium. Znajd\u017a praktyki, sta\u017ce i mo\u017cliwo\u015bci rozwoju w bran\u017cy t\u0142umacze\u0144 i marketingu. Do\u0142\u0105cz do nas!","og_url":"https:\/\/www.atominium.com\/pl\/kariera\/strefa-studenta-i-absolwenta\/","og_site_name":"Biuro t\u0142umacze\u0144 specjalistycznych - Krak\u00f3w - Atominium","article_publisher":"https:\/\/www.facebook.com\/p\/Atominium-Specialist-Translation-Agency-100052230326775\/","article_modified_time":"2024-07-10T11:24:00+00:00","schema":{"@context":"https:\/\/schema.org","@graph":[{"@type":"WebPage","@id":"https:\/\/www.atominium.com\/pl\/kariera\/strefa-studenta-i-absolwenta\/","url":"https:\/\/www.atominium.com\/pl\/kariera\/strefa-studenta-i-absolwenta\/","name":"Strefa studenta i absolwenta | Biuro t\u0142umacze\u0144 Atominium","isPartOf":{"@id":"https:\/\/www.atominium.com\/pl\/#website"},"datePublished":"2021-04-21T21:08:38+00:00","dateModified":"2024-07-10T11:24:00+00:00","description":"Strefa Studenta i Absolwenta - Twoje miejsce w Atominium. Znajd\u017a praktyki, sta\u017ce i mo\u017cliwo\u015bci rozwoju w bran\u017cy t\u0142umacze\u0144 i marketingu. Do\u0142\u0105cz do nas!","breadcrumb":{"@id":"https:\/\/www.atominium.com\/pl\/kariera\/strefa-studenta-i-absolwenta\/#breadcrumb"},"inLanguage":"pl-PL","potentialAction":[{"@type":"ReadAction","target":["https:\/\/www.atominium.com\/pl\/kariera\/strefa-studenta-i-absolwenta\/"]}]},{"@type":"BreadcrumbList","@id":"https:\/\/www.atominium.com\/pl\/kariera\/strefa-studenta-i-absolwenta\/#breadcrumb","itemListElement":[{"@type":"ListItem","position":1,"name":"Strona g\u0142\u00f3wna","item":"https:\/\/www.atominium.com\/pl\/"},{"@type":"ListItem","position":2,"name":"Kariera","item":"https:\/\/www.atominium.com\/pl\/kariera\/"},{"@type":"ListItem","position":3,"name":"Strefa studenta i absolwenta"}]},{"@type":"WebSite","@id":"https:\/\/www.atominium.com\/pl\/#website","url":"https:\/\/www.atominium.com\/pl\/","name":"Biuro t\u0142umacze\u0144 specjalistycznych - Krak\u00f3w - Atominium","description":"Darmowa wycena w 15 min. T\u0142umaczenia: zwyk\u0142e, ustne, przysi\u0119g\u0142e, online. Biuro t\u0142umacze\u0144 Krak\u00f3w Atominium - ekspert w dziedzinie przek\u0142ad\u00f3w.","publisher":{"@id":"https:\/\/www.atominium.com\/pl\/#organization"},"potentialAction":[{"@type":"SearchAction","target":{"@type":"EntryPoint","urlTemplate":"https:\/\/www.atominium.com\/pl\/?s={search_term_string}"},"query-input":{"@type":"PropertyValueSpecification","valueRequired":true,"valueName":"search_term_string"}}],"inLanguage":"pl-PL"},{"@type":"Organization","@id":"https:\/\/www.atominium.com\/pl\/#organization","name":"Biuro t\u0142umacze\u0144 specjalistycznych Atominium Krak\u00f3w","alternateName":"Atominium","url":"https:\/\/www.atominium.com\/pl\/","logo":{"@type":"ImageObject","inLanguage":"pl-PL","@id":"https:\/\/www.atominium.com\/pl\/#\/schema\/logo\/image\/","url":"https:\/\/www.atominium.com\/pl\/wp-content\/uploads\/2021\/02\/logo-atominium.png","contentUrl":"https:\/\/www.atominium.com\/pl\/wp-content\/uploads\/2021\/02\/logo-atominium.png","width":573,"height":90,"caption":"Biuro t\u0142umacze\u0144 specjalistycznych Atominium Krak\u00f3w"},"image":{"@id":"https:\/\/www.atominium.com\/pl\/#\/schema\/logo\/image\/"},"sameAs":["https:\/\/www.facebook.com\/p\/Atominium-Specialist-Translation-Agency-100052230326775\/"]}]}},"post_mailing_queue_ids":[],"_links":{"self":[{"href":"https:\/\/www.atominium.com\/pl\/wp-json\/wp\/v2\/pages\/835","targetHints":{"allow":["GET"]}}],"collection":[{"href":"https:\/\/www.atominium.com\/pl\/wp-json\/wp\/v2\/pages"}],"about":[{"href":"https:\/\/www.atominium.com\/pl\/wp-json\/wp\/v2\/types\/page"}],"author":[{"embeddable":true,"href":"https:\/\/www.atominium.com\/pl\/wp-json\/wp\/v2\/users\/1"}],"replies":[{"embeddable":true,"href":"https:\/\/www.atominium.com\/pl\/wp-json\/wp\/v2\/comments?post=835"}],"version-history":[{"count":65,"href":"https:\/\/www.atominium.com\/pl\/wp-json\/wp\/v2\/pages\/835\/revisions"}],"predecessor-version":[{"id":4422,"href":"https:\/\/www.atominium.com\/pl\/wp-json\/wp\/v2\/pages\/835\/revisions\/4422"}],"up":[{"embeddable":true,"href":"https:\/\/www.atominium.com\/pl\/wp-json\/wp\/v2\/pages\/69"}],"wp:attachment":[{"href":"https:\/\/www.atominium.com\/pl\/wp-json\/wp\/v2\/media?parent=835"}],"curies":[{"name":"wp","href":"https:\/\/api.w.org\/{rel}","templated":true}]}}