{"id":832,"date":"2021-04-21T21:07:46","date_gmt":"2021-04-21T21:07:46","guid":{"rendered":"http:\/\/betapl.atominium.com\/?page_id=832"},"modified":"2024-07-10T13:24:21","modified_gmt":"2024-07-10T11:24:21","slug":"strefa-tlumacza-i-korektora","status":"publish","type":"page","link":"https:\/\/www.atominium.com\/pl\/kariera\/strefa-tlumacza-i-korektora\/","title":{"rendered":"Strefa t\u0142umacza i korektora"},"content":{"rendered":"\t\t<div data-elementor-type=\"wp-page\" data-elementor-id=\"832\" class=\"elementor elementor-832\" data-elementor-post-type=\"page\">\n\t\t\t\t\t\t<section class=\"elementor-section elementor-top-section elementor-element elementor-element-34064c84 elementor-section-boxed elementor-section-height-default elementor-section-height-default\" data-id=\"34064c84\" data-element_type=\"section\">\n\t\t\t\t\t\t<div class=\"elementor-container elementor-column-gap-default\">\n\t\t\t\t\t<div class=\"elementor-column elementor-col-100 elementor-top-column elementor-element elementor-element-6165af7c\" data-id=\"6165af7c\" data-element_type=\"column\">\n\t\t\t<div class=\"elementor-widget-wrap elementor-element-populated\">\n\t\t\t\t\t\t<div class=\"elementor-element elementor-element-30f46f9 elementor-widget elementor-widget-text-editor\" data-id=\"30f46f9\" data-element_type=\"widget\" data-widget_type=\"text-editor.default\">\n\t\t\t\t<div class=\"elementor-widget-container\">\n\t\t\t\t\t\t\t\t\t<p>Jeste\u015bmy zainteresowani nawi\u0105zaniem wsp\u00f3\u0142pracy z do\u015bwiadczonymi i wykwalifikowanymi t\u0142umaczami. Je\u015bli znasz biegle j\u0119zyki obce i masz do\u015bwiadczenie w t\u0142umaczeniach z danej bran\u017cy, prze\u015blij nam swoje CV, referencje oraz wype\u0142niony <a href=\"https:\/\/atominium.com\/pl\/FORMULARZ_TLUMACZA_KOREKTORA.pdf\">formularz t\u0142umacza<\/a> na adres <a href=\"mailto:hr@atominium.com\">hr@atominium.com<\/a>, w temacie wiadomo\u015bci wpisuj\u0105c: T\u0142umacz.<\/p><p>Je\u015bli masz bogate do\u015bwiadczenie w pracy redaktorskiej i wrodzon\u0105 dba\u0142o\u015b\u0107 o kultur\u0119 j\u0119zyka, Twoj\u0105 pasj\u0105 jest praca z tekstem, a do tego odznaczasz si\u0119 wyj\u0105tkow\u0105 precyzj\u0105 i zorientowaniem na szczeg\u00f3\u0142y \u2013 do\u0142\u0105cz do grona wsp\u00f3\u0142pracuj\u0105cych z nami profesjonalist\u00f3w. Przy\u015blij swoje CV oraz wype\u0142niony <a href=\"https:\/\/atominium.com\/pl\/FORMULARZ_TLUMACZA_KOREKTORA.pdf\">formularz<\/a> na adres <a href=\"mailto:hr@atominium.com\">hr@atominium.com<\/a>, wpisuj\u0105c w temacie wiadomo\u015bci Korektor.<\/p>\t\t\t\t\t\t\t\t<\/div>\n\t\t\t\t<\/div>\n\t\t\t\t\t<\/div>\n\t\t<\/div>\n\t\t\t\t\t<\/div>\n\t\t<\/section>\n\t\t\t\t<\/div>\n\t\t","protected":false},"excerpt":{"rendered":"<p>Jeste\u015bmy zainteresowani nawi\u0105zaniem wsp\u00f3\u0142pracy z do\u015bwiadczonymi i wykwalifikowanymi t\u0142umaczami. Je\u015bli znasz biegle j\u0119zyki obce i masz do\u015bwiadczenie w t\u0142umaczeniach z danej bran\u017cy, prze\u015blij nam swoje CV, referencje oraz wype\u0142niony formularz t\u0142umacza na adres hr@atominium.com, w temacie wiadomo\u015bci wpisuj\u0105c: T\u0142umacz. Je\u015bli masz bogate do\u015bwiadczenie w pracy redaktorskiej i wrodzon\u0105 dba\u0142o\u015b\u0107 o kultur\u0119 j\u0119zyka, Twoj\u0105 pasj\u0105 jest [&hellip;]<\/p>\n","protected":false},"author":1,"featured_media":0,"parent":69,"menu_order":0,"comment_status":"closed","ping_status":"closed","template":"","meta":{"footnotes":""},"class_list":["post-832","page","type-page","status-publish","hentry"],"yoast_head":"<!-- This site is optimized with the Yoast SEO plugin v24.2 - https:\/\/yoast.com\/wordpress\/plugins\/seo\/ -->\n<title>Strefa t\u0142umacza i korektora | Biuro t\u0142umacze\u0144 Atominium<\/title>\n<meta name=\"description\" content=\"Strefa T\u0142umacza i Korektora - Twoje miejsce w Atominium. Wsp\u00f3\u0142pracujemy z t\u0142umaczami i korektorami. Do\u0142\u0105cz do nas i rozwijaj si\u0119 z nami!\" \/>\n<meta name=\"robots\" content=\"index, follow, max-snippet:-1, max-image-preview:large, max-video-preview:-1\" \/>\n<link rel=\"canonical\" href=\"https:\/\/www.atominium.com\/pl\/kariera\/strefa-tlumacza-i-korektora\/\" \/>\n<meta property=\"og:locale\" content=\"pl_PL\" \/>\n<meta property=\"og:type\" content=\"article\" \/>\n<meta property=\"og:title\" content=\"Strefa t\u0142umacza i korektora | Biuro t\u0142umacze\u0144 Atominium\" \/>\n<meta property=\"og:description\" content=\"Strefa T\u0142umacza i Korektora - Twoje miejsce w Atominium. Wsp\u00f3\u0142pracujemy z t\u0142umaczami i korektorami. Do\u0142\u0105cz do nas i rozwijaj si\u0119 z nami!\" \/>\n<meta property=\"og:url\" content=\"https:\/\/www.atominium.com\/pl\/kariera\/strefa-tlumacza-i-korektora\/\" \/>\n<meta property=\"og:site_name\" content=\"Biuro t\u0142umacze\u0144 specjalistycznych - Krak\u00f3w - Atominium\" \/>\n<meta property=\"article:publisher\" content=\"https:\/\/www.facebook.com\/p\/Atominium-Specialist-Translation-Agency-100052230326775\/\" \/>\n<meta property=\"article:modified_time\" content=\"2024-07-10T11:24:21+00:00\" \/>\n<script type=\"application\/ld+json\" class=\"yoast-schema-graph\">{\"@context\":\"https:\/\/schema.org\",\"@graph\":[{\"@type\":\"WebPage\",\"@id\":\"https:\/\/www.atominium.com\/pl\/kariera\/strefa-tlumacza-i-korektora\/\",\"url\":\"https:\/\/www.atominium.com\/pl\/kariera\/strefa-tlumacza-i-korektora\/\",\"name\":\"Strefa t\u0142umacza i korektora | Biuro t\u0142umacze\u0144 Atominium\",\"isPartOf\":{\"@id\":\"https:\/\/www.atominium.com\/pl\/#website\"},\"datePublished\":\"2021-04-21T21:07:46+00:00\",\"dateModified\":\"2024-07-10T11:24:21+00:00\",\"description\":\"Strefa T\u0142umacza i Korektora - Twoje miejsce w Atominium. Wsp\u00f3\u0142pracujemy z t\u0142umaczami i korektorami. Do\u0142\u0105cz do nas i rozwijaj si\u0119 z nami!\",\"breadcrumb\":{\"@id\":\"https:\/\/www.atominium.com\/pl\/kariera\/strefa-tlumacza-i-korektora\/#breadcrumb\"},\"inLanguage\":\"pl-PL\",\"potentialAction\":[{\"@type\":\"ReadAction\",\"target\":[\"https:\/\/www.atominium.com\/pl\/kariera\/strefa-tlumacza-i-korektora\/\"]}]},{\"@type\":\"BreadcrumbList\",\"@id\":\"https:\/\/www.atominium.com\/pl\/kariera\/strefa-tlumacza-i-korektora\/#breadcrumb\",\"itemListElement\":[{\"@type\":\"ListItem\",\"position\":1,\"name\":\"Strona g\u0142\u00f3wna\",\"item\":\"https:\/\/www.atominium.com\/pl\/\"},{\"@type\":\"ListItem\",\"position\":2,\"name\":\"Kariera\",\"item\":\"https:\/\/www.atominium.com\/pl\/kariera\/\"},{\"@type\":\"ListItem\",\"position\":3,\"name\":\"Strefa t\u0142umacza i korektora\"}]},{\"@type\":\"WebSite\",\"@id\":\"https:\/\/www.atominium.com\/pl\/#website\",\"url\":\"https:\/\/www.atominium.com\/pl\/\",\"name\":\"Biuro t\u0142umacze\u0144 specjalistycznych - Krak\u00f3w - Atominium\",\"description\":\"Darmowa wycena w 15 min. T\u0142umaczenia: zwyk\u0142e, ustne, przysi\u0119g\u0142e, online. Biuro t\u0142umacze\u0144 Krak\u00f3w Atominium - ekspert w dziedzinie przek\u0142ad\u00f3w.\",\"publisher\":{\"@id\":\"https:\/\/www.atominium.com\/pl\/#organization\"},\"potentialAction\":[{\"@type\":\"SearchAction\",\"target\":{\"@type\":\"EntryPoint\",\"urlTemplate\":\"https:\/\/www.atominium.com\/pl\/?s={search_term_string}\"},\"query-input\":{\"@type\":\"PropertyValueSpecification\",\"valueRequired\":true,\"valueName\":\"search_term_string\"}}],\"inLanguage\":\"pl-PL\"},{\"@type\":\"Organization\",\"@id\":\"https:\/\/www.atominium.com\/pl\/#organization\",\"name\":\"Biuro t\u0142umacze\u0144 specjalistycznych Atominium Krak\u00f3w\",\"alternateName\":\"Atominium\",\"url\":\"https:\/\/www.atominium.com\/pl\/\",\"logo\":{\"@type\":\"ImageObject\",\"inLanguage\":\"pl-PL\",\"@id\":\"https:\/\/www.atominium.com\/pl\/#\/schema\/logo\/image\/\",\"url\":\"https:\/\/www.atominium.com\/pl\/wp-content\/uploads\/2021\/02\/logo-atominium.png\",\"contentUrl\":\"https:\/\/www.atominium.com\/pl\/wp-content\/uploads\/2021\/02\/logo-atominium.png\",\"width\":573,\"height\":90,\"caption\":\"Biuro t\u0142umacze\u0144 specjalistycznych Atominium Krak\u00f3w\"},\"image\":{\"@id\":\"https:\/\/www.atominium.com\/pl\/#\/schema\/logo\/image\/\"},\"sameAs\":[\"https:\/\/www.facebook.com\/p\/Atominium-Specialist-Translation-Agency-100052230326775\/\"]}]}<\/script>\n<!-- \/ Yoast SEO plugin. -->","yoast_head_json":{"title":"Strefa t\u0142umacza i korektora | Biuro t\u0142umacze\u0144 Atominium","description":"Strefa T\u0142umacza i Korektora - Twoje miejsce w Atominium. Wsp\u00f3\u0142pracujemy z t\u0142umaczami i korektorami. Do\u0142\u0105cz do nas i rozwijaj si\u0119 z nami!","robots":{"index":"index","follow":"follow","max-snippet":"max-snippet:-1","max-image-preview":"max-image-preview:large","max-video-preview":"max-video-preview:-1"},"canonical":"https:\/\/www.atominium.com\/pl\/kariera\/strefa-tlumacza-i-korektora\/","og_locale":"pl_PL","og_type":"article","og_title":"Strefa t\u0142umacza i korektora | Biuro t\u0142umacze\u0144 Atominium","og_description":"Strefa T\u0142umacza i Korektora - Twoje miejsce w Atominium. Wsp\u00f3\u0142pracujemy z t\u0142umaczami i korektorami. Do\u0142\u0105cz do nas i rozwijaj si\u0119 z nami!","og_url":"https:\/\/www.atominium.com\/pl\/kariera\/strefa-tlumacza-i-korektora\/","og_site_name":"Biuro t\u0142umacze\u0144 specjalistycznych - Krak\u00f3w - Atominium","article_publisher":"https:\/\/www.facebook.com\/p\/Atominium-Specialist-Translation-Agency-100052230326775\/","article_modified_time":"2024-07-10T11:24:21+00:00","schema":{"@context":"https:\/\/schema.org","@graph":[{"@type":"WebPage","@id":"https:\/\/www.atominium.com\/pl\/kariera\/strefa-tlumacza-i-korektora\/","url":"https:\/\/www.atominium.com\/pl\/kariera\/strefa-tlumacza-i-korektora\/","name":"Strefa t\u0142umacza i korektora | Biuro t\u0142umacze\u0144 Atominium","isPartOf":{"@id":"https:\/\/www.atominium.com\/pl\/#website"},"datePublished":"2021-04-21T21:07:46+00:00","dateModified":"2024-07-10T11:24:21+00:00","description":"Strefa T\u0142umacza i Korektora - Twoje miejsce w Atominium. Wsp\u00f3\u0142pracujemy z t\u0142umaczami i korektorami. Do\u0142\u0105cz do nas i rozwijaj si\u0119 z nami!","breadcrumb":{"@id":"https:\/\/www.atominium.com\/pl\/kariera\/strefa-tlumacza-i-korektora\/#breadcrumb"},"inLanguage":"pl-PL","potentialAction":[{"@type":"ReadAction","target":["https:\/\/www.atominium.com\/pl\/kariera\/strefa-tlumacza-i-korektora\/"]}]},{"@type":"BreadcrumbList","@id":"https:\/\/www.atominium.com\/pl\/kariera\/strefa-tlumacza-i-korektora\/#breadcrumb","itemListElement":[{"@type":"ListItem","position":1,"name":"Strona g\u0142\u00f3wna","item":"https:\/\/www.atominium.com\/pl\/"},{"@type":"ListItem","position":2,"name":"Kariera","item":"https:\/\/www.atominium.com\/pl\/kariera\/"},{"@type":"ListItem","position":3,"name":"Strefa t\u0142umacza i korektora"}]},{"@type":"WebSite","@id":"https:\/\/www.atominium.com\/pl\/#website","url":"https:\/\/www.atominium.com\/pl\/","name":"Biuro t\u0142umacze\u0144 specjalistycznych - Krak\u00f3w - Atominium","description":"Darmowa wycena w 15 min. T\u0142umaczenia: zwyk\u0142e, ustne, przysi\u0119g\u0142e, online. Biuro t\u0142umacze\u0144 Krak\u00f3w Atominium - ekspert w dziedzinie przek\u0142ad\u00f3w.","publisher":{"@id":"https:\/\/www.atominium.com\/pl\/#organization"},"potentialAction":[{"@type":"SearchAction","target":{"@type":"EntryPoint","urlTemplate":"https:\/\/www.atominium.com\/pl\/?s={search_term_string}"},"query-input":{"@type":"PropertyValueSpecification","valueRequired":true,"valueName":"search_term_string"}}],"inLanguage":"pl-PL"},{"@type":"Organization","@id":"https:\/\/www.atominium.com\/pl\/#organization","name":"Biuro t\u0142umacze\u0144 specjalistycznych Atominium Krak\u00f3w","alternateName":"Atominium","url":"https:\/\/www.atominium.com\/pl\/","logo":{"@type":"ImageObject","inLanguage":"pl-PL","@id":"https:\/\/www.atominium.com\/pl\/#\/schema\/logo\/image\/","url":"https:\/\/www.atominium.com\/pl\/wp-content\/uploads\/2021\/02\/logo-atominium.png","contentUrl":"https:\/\/www.atominium.com\/pl\/wp-content\/uploads\/2021\/02\/logo-atominium.png","width":573,"height":90,"caption":"Biuro t\u0142umacze\u0144 specjalistycznych Atominium Krak\u00f3w"},"image":{"@id":"https:\/\/www.atominium.com\/pl\/#\/schema\/logo\/image\/"},"sameAs":["https:\/\/www.facebook.com\/p\/Atominium-Specialist-Translation-Agency-100052230326775\/"]}]}},"post_mailing_queue_ids":[],"_links":{"self":[{"href":"https:\/\/www.atominium.com\/pl\/wp-json\/wp\/v2\/pages\/832","targetHints":{"allow":["GET"]}}],"collection":[{"href":"https:\/\/www.atominium.com\/pl\/wp-json\/wp\/v2\/pages"}],"about":[{"href":"https:\/\/www.atominium.com\/pl\/wp-json\/wp\/v2\/types\/page"}],"author":[{"embeddable":true,"href":"https:\/\/www.atominium.com\/pl\/wp-json\/wp\/v2\/users\/1"}],"replies":[{"embeddable":true,"href":"https:\/\/www.atominium.com\/pl\/wp-json\/wp\/v2\/comments?post=832"}],"version-history":[{"count":39,"href":"https:\/\/www.atominium.com\/pl\/wp-json\/wp\/v2\/pages\/832\/revisions"}],"predecessor-version":[{"id":4421,"href":"https:\/\/www.atominium.com\/pl\/wp-json\/wp\/v2\/pages\/832\/revisions\/4421"}],"up":[{"embeddable":true,"href":"https:\/\/www.atominium.com\/pl\/wp-json\/wp\/v2\/pages\/69"}],"wp:attachment":[{"href":"https:\/\/www.atominium.com\/pl\/wp-json\/wp\/v2\/media?parent=832"}],"curies":[{"name":"wp","href":"https:\/\/api.w.org\/{rel}","templated":true}]}}