{"id":69,"date":"2021-02-23T12:28:50","date_gmt":"2021-02-23T12:28:50","guid":{"rendered":"http:\/\/betapl.atominium.com\/?page_id=69"},"modified":"2024-07-10T13:23:07","modified_gmt":"2024-07-10T11:23:07","slug":"kariera","status":"publish","type":"page","link":"https:\/\/www.atominium.com\/pl\/kariera\/","title":{"rendered":"Kariera"},"content":{"rendered":"\t\t<div data-elementor-type=\"wp-page\" data-elementor-id=\"69\" class=\"elementor elementor-69\" data-elementor-post-type=\"page\">\n\t\t\t\t\t\t<section class=\"elementor-section elementor-top-section elementor-element elementor-element-fecc0fc elementor-section-boxed elementor-section-height-default elementor-section-height-default\" data-id=\"fecc0fc\" data-element_type=\"section\">\n\t\t\t\t\t\t<div class=\"elementor-container elementor-column-gap-default\">\n\t\t\t\t\t<div class=\"elementor-column elementor-col-100 elementor-top-column elementor-element elementor-element-c8a944f\" data-id=\"c8a944f\" data-element_type=\"column\">\n\t\t\t<div class=\"elementor-widget-wrap elementor-element-populated\">\n\t\t\t\t\t\t<div class=\"elementor-element elementor-element-a38f2b2 elementor-widget elementor-widget-text-editor\" data-id=\"a38f2b2\" data-element_type=\"widget\" data-widget_type=\"text-editor.default\">\n\t\t\t\t<div class=\"elementor-widget-container\">\n\t\t\t\t\t\t\t\t\t<p>Jeste\u015bmy ambitnym i m\u0142odym zespo\u0142em z pasj\u0105 do t\u0142umacze\u0144. W Atominium znajdziesz przyjazn\u0105 atmosfer\u0119, stabilno\u015b\u0107 zatrudnienia, mo\u017cliwo\u015b\u0107 rozwoju oraz wsp\u00f3\u0142prac\u0119 z najlepszymi ekspertami w bran\u017cy. Nasze biuro mie\u015bci si\u0119 w samym sercu Krakowa, do Rynku G\u0142\u00f3wnego i Krakowskich Plant jest 5 minut piechot\u0105. W kuchni codziennie czekaj\u0105 owoce, pyszna w\u0142oska i francuska kawa. Ponadto organizujemy Pizza Day, Sushi Day, Pasta Day i wiele innych, aby umili\u0107 sobie czas w pracy.<\/p><p><strong>Szukamy utalentowanych i kreatywnych os\u00f3b, kt\u00f3re chc\u0105 rozwija\u0107 si\u0119 w naszej firmie i wsp\u00f3\u0142tworzy\u0107 jej sukces.<\/strong><\/p><p>Sprawd\u017a propozycje <strong>sta\u0142ej wsp\u00f3\u0142pracy dla t\u0142umaczy i korektor\u00f3w oraz aktualne oferty pracy<\/strong> w Atominium.<\/p><p>Z my\u015bl\u0105 o studentach i absolwentach stworzyli\u015bmy r\u00f3wnie\u017c<strong> system praktyk w dziale HR oraz IT.<\/strong><\/p><p>Zach\u0119camy tak\u017ce do odwiedzenia naszego bloga (<a href=\"https:\/\/blog.atominium.com\/\">blog.atominium.com<\/a>), na kt\u00f3rym publikujemy teksty zwi\u0105zane\u00a0\u00a0\u00a0\u00a0\u00a0\u00a0\u00a0\u00a0\u00a0\u00a0\u00a0\u00a0\u00a0\u00a0\u00a0\u00a0\u00a0\u00a0\u00a0\u00a0\u00a0\u00a0\u00a0\u00a0\u00a0\u00a0\u00a0\u00a0 z przek\u0142adoznawstwem, literatur\u0105, kultur\u0105, marketingiem oraz nowymi mediami.<\/p>\t\t\t\t\t\t\t\t<\/div>\n\t\t\t\t<\/div>\n\t\t\t\t\t<\/div>\n\t\t<\/div>\n\t\t\t\t\t<\/div>\n\t\t<\/section>\n\t\t\t\t<section class=\"elementor-section elementor-top-section elementor-element elementor-element-fe97912 elementor-section-boxed elementor-section-height-default elementor-section-height-default\" data-id=\"fe97912\" data-element_type=\"section\">\n\t\t\t\t\t\t<div class=\"elementor-container elementor-column-gap-default\">\n\t\t\t\t\t<div class=\"elementor-column elementor-col-100 elementor-top-column elementor-element elementor-element-8cb1223\" data-id=\"8cb1223\" data-element_type=\"column\">\n\t\t\t<div class=\"elementor-widget-wrap elementor-element-populated\">\n\t\t\t\t\t\t<section class=\"elementor-section elementor-inner-section elementor-element elementor-element-9071eae elementor-section-boxed elementor-section-height-default elementor-section-height-default\" data-id=\"9071eae\" data-element_type=\"section\">\n\t\t\t\t\t\t<div class=\"elementor-container elementor-column-gap-default\">\n\t\t\t\t\t<div class=\"elementor-column elementor-col-33 elementor-inner-column elementor-element elementor-element-b9c4138\" data-id=\"b9c4138\" data-element_type=\"column\">\n\t\t\t<div class=\"elementor-widget-wrap elementor-element-populated\">\n\t\t\t\t\t\t<div class=\"elementor-element elementor-element-a2350c4 elementor-position-top elementor-widget elementor-widget-image-box\" data-id=\"a2350c4\" data-element_type=\"widget\" data-widget_type=\"image-box.default\">\n\t\t\t\t<div class=\"elementor-widget-container\">\n\t\t\t\t\t<div class=\"elementor-image-box-wrapper\"><figure class=\"elementor-image-box-img\"><a href=\"https:\/\/atominium.com\/pl\/kariera\/strefa-tlumacza-i-korektora\/\" tabindex=\"-1\"><img decoding=\"async\" src=\"https:\/\/www.atominium.com\/pl\/wp-content\/uploads\/elementor\/thumbs\/adult-woman-type-on-laptop-computer-and-smile-happ-8MZMENY-\u2014-kopia-min-p6z5hu8g29jfhc50brzw96rjntqf04p0txeat0l45g-p9o8enuagda8s26ngahmt91c9kmpdjrbddovm0q9tw.jpg\" title=\"adult-woman-type-on-laptop-computer-and-smile-happ-8MZMENY-\u2014-kopia-min-p6z5hu8g29jfhc50brzw96rjntqf04p0txeat0l45g\" alt=\"Strefa t\u0142umacza i korektora\" loading=\"lazy\" \/><\/a><\/figure><div class=\"elementor-image-box-content\"><h3 class=\"elementor-image-box-title\"><a href=\"https:\/\/atominium.com\/pl\/kariera\/strefa-tlumacza-i-korektora\/\">Strefa t\u0142umacza i korektora<\/a><\/h3><\/div><\/div>\t\t\t\t<\/div>\n\t\t\t\t<\/div>\n\t\t\t\t\t<\/div>\n\t\t<\/div>\n\t\t\t\t<div class=\"elementor-column elementor-col-33 elementor-inner-column elementor-element elementor-element-a85a010\" data-id=\"a85a010\" data-element_type=\"column\">\n\t\t\t<div class=\"elementor-widget-wrap elementor-element-populated\">\n\t\t\t\t\t\t<div class=\"elementor-element elementor-element-9876f04 elementor-position-top elementor-widget elementor-widget-image-box\" data-id=\"9876f04\" data-element_type=\"widget\" data-widget_type=\"image-box.default\">\n\t\t\t\t<div class=\"elementor-widget-container\">\n\t\t\t\t\t<div class=\"elementor-image-box-wrapper\"><figure class=\"elementor-image-box-img\"><a href=\"https:\/\/atominium.com\/pl\/kariera\/oferty-pracy-i-stazu\/\" tabindex=\"-1\"><img decoding=\"async\" src=\"https:\/\/www.atominium.com\/pl\/wp-content\/uploads\/elementor\/thumbs\/at-the-job-interview-W8D3V6Q-\u2014-kopia-min-p6z5htalvfi55q6dh9l9op032fv1sflahsqtbqmibo-p9o8ex8ocpn405szxejwi6ny7fcdiismqo7qescc3o.jpg\" title=\"at-the-job-interview-W8D3V6Q-\u2014-kopia-min-p6z5htalvfi55q6dh9l9op032fv1sflahsqtbqmibo\" alt=\"Oferty pracy i sta\u017cu\" loading=\"lazy\" \/><\/a><\/figure><div class=\"elementor-image-box-content\"><h3 class=\"elementor-image-box-title\"><a href=\"https:\/\/atominium.com\/pl\/kariera\/oferty-pracy-i-stazu\/\">Oferty pracy i sta\u017cu<\/a><\/h3><\/div><\/div>\t\t\t\t<\/div>\n\t\t\t\t<\/div>\n\t\t\t\t\t<\/div>\n\t\t<\/div>\n\t\t\t\t<div class=\"elementor-column elementor-col-33 elementor-inner-column elementor-element elementor-element-10810f7\" data-id=\"10810f7\" data-element_type=\"column\">\n\t\t\t<div class=\"elementor-widget-wrap elementor-element-populated\">\n\t\t\t\t\t\t<div class=\"elementor-element elementor-element-dfc21e0 elementor-position-top elementor-widget elementor-widget-image-box\" data-id=\"dfc21e0\" data-element_type=\"widget\" data-widget_type=\"image-box.default\">\n\t\t\t\t<div class=\"elementor-widget-container\">\n\t\t\t\t\t<div class=\"elementor-image-box-wrapper\"><figure class=\"elementor-image-box-img\"><a href=\"https:\/\/atominium.com\/pl\/kariera\/strefa-studenta-i-absolwenta\/\" tabindex=\"-1\"><img decoding=\"async\" src=\"https:\/\/www.atominium.com\/pl\/wp-content\/uploads\/elementor\/thumbs\/coworking-and-corporate-colleagues-working-in-offi-7DVHDZM-\u2014-kopia-min-p6z5hscrolguu47qmr6n478mh1zokqhk5o3bugnwhw-p9o8f9gktk3u73b8y1u1wlkxxfo5al554cp1ndu7us.jpg\" title=\"coworking-and-corporate-colleagues-working-in-offi-7DVHDZM-\u2014-kopia-min-p6z5hscrolguu47qmr6n478mh1zokqhk5o3bugnwhw\" alt=\"Strefa studenta i absolwenta\" loading=\"lazy\" \/><\/a><\/figure><div class=\"elementor-image-box-content\"><h3 class=\"elementor-image-box-title\"><a href=\"https:\/\/atominium.com\/pl\/kariera\/strefa-studenta-i-absolwenta\/\">Strefa studenta i absolwenta<\/a><\/h3><\/div><\/div>\t\t\t\t<\/div>\n\t\t\t\t<\/div>\n\t\t\t\t\t<\/div>\n\t\t<\/div>\n\t\t\t\t\t<\/div>\n\t\t<\/section>\n\t\t\t\t\t<\/div>\n\t\t<\/div>\n\t\t\t\t\t<\/div>\n\t\t<\/section>\n\t\t\t\t<\/div>\n\t\t","protected":false},"excerpt":{"rendered":"<p>Jeste\u015bmy ambitnym i m\u0142odym zespo\u0142em z pasj\u0105 do t\u0142umacze\u0144. W Atominium znajdziesz przyjazn\u0105 atmosfer\u0119, stabilno\u015b\u0107 zatrudnienia, mo\u017cliwo\u015b\u0107 rozwoju oraz wsp\u00f3\u0142prac\u0119 z najlepszymi ekspertami w bran\u017cy. Nasze biuro mie\u015bci si\u0119 w samym sercu Krakowa, do Rynku G\u0142\u00f3wnego i Krakowskich Plant jest 5 minut piechot\u0105. W kuchni codziennie czekaj\u0105 owoce, pyszna w\u0142oska i francuska kawa. Ponadto organizujemy [&hellip;]<\/p>\n","protected":false},"author":1,"featured_media":0,"parent":0,"menu_order":5,"comment_status":"closed","ping_status":"closed","template":"","meta":{"footnotes":""},"class_list":["post-69","page","type-page","status-publish","hentry"],"yoast_head":"<!-- This site is optimized with the Yoast SEO plugin v24.2 - https:\/\/yoast.com\/wordpress\/plugins\/seo\/ -->\n<title>Kariera | Biuro t\u0142umacze\u0144 Atominium<\/title>\n<meta name=\"description\" content=\"Do\u0142\u0105cz do zespo\u0142u Atominium! Poznaj nasze aktualne oferty pracy i rozpocznij karier\u0119 w dziedzinie t\u0142umacze\u0144 oraz marketingu internetowego.\" \/>\n<meta name=\"robots\" content=\"index, follow, max-snippet:-1, max-image-preview:large, max-video-preview:-1\" \/>\n<link rel=\"canonical\" href=\"https:\/\/www.atominium.com\/pl\/kariera\/\" \/>\n<meta property=\"og:locale\" content=\"pl_PL\" \/>\n<meta property=\"og:type\" content=\"article\" \/>\n<meta property=\"og:title\" content=\"Kariera | Biuro t\u0142umacze\u0144 Atominium\" \/>\n<meta property=\"og:description\" content=\"Do\u0142\u0105cz do zespo\u0142u Atominium! Poznaj nasze aktualne oferty pracy i rozpocznij karier\u0119 w dziedzinie t\u0142umacze\u0144 oraz marketingu internetowego.\" \/>\n<meta property=\"og:url\" content=\"https:\/\/www.atominium.com\/pl\/kariera\/\" \/>\n<meta property=\"og:site_name\" content=\"Biuro t\u0142umacze\u0144 specjalistycznych - Krak\u00f3w - Atominium\" \/>\n<meta property=\"article:publisher\" content=\"https:\/\/www.facebook.com\/p\/Atominium-Specialist-Translation-Agency-100052230326775\/\" \/>\n<meta property=\"article:modified_time\" content=\"2024-07-10T11:23:07+00:00\" \/>\n<script type=\"application\/ld+json\" class=\"yoast-schema-graph\">{\"@context\":\"https:\/\/schema.org\",\"@graph\":[{\"@type\":\"WebPage\",\"@id\":\"https:\/\/www.atominium.com\/pl\/kariera\/\",\"url\":\"https:\/\/www.atominium.com\/pl\/kariera\/\",\"name\":\"Kariera | Biuro t\u0142umacze\u0144 Atominium\",\"isPartOf\":{\"@id\":\"https:\/\/www.atominium.com\/pl\/#website\"},\"datePublished\":\"2021-02-23T12:28:50+00:00\",\"dateModified\":\"2024-07-10T11:23:07+00:00\",\"description\":\"Do\u0142\u0105cz do zespo\u0142u Atominium! Poznaj nasze aktualne oferty pracy i rozpocznij karier\u0119 w dziedzinie t\u0142umacze\u0144 oraz marketingu internetowego.\",\"breadcrumb\":{\"@id\":\"https:\/\/www.atominium.com\/pl\/kariera\/#breadcrumb\"},\"inLanguage\":\"pl-PL\",\"potentialAction\":[{\"@type\":\"ReadAction\",\"target\":[\"https:\/\/www.atominium.com\/pl\/kariera\/\"]}]},{\"@type\":\"BreadcrumbList\",\"@id\":\"https:\/\/www.atominium.com\/pl\/kariera\/#breadcrumb\",\"itemListElement\":[{\"@type\":\"ListItem\",\"position\":1,\"name\":\"Strona g\u0142\u00f3wna\",\"item\":\"https:\/\/www.atominium.com\/pl\/\"},{\"@type\":\"ListItem\",\"position\":2,\"name\":\"Kariera\"}]},{\"@type\":\"WebSite\",\"@id\":\"https:\/\/www.atominium.com\/pl\/#website\",\"url\":\"https:\/\/www.atominium.com\/pl\/\",\"name\":\"Biuro t\u0142umacze\u0144 specjalistycznych - Krak\u00f3w - Atominium\",\"description\":\"Darmowa wycena w 15 min. T\u0142umaczenia: zwyk\u0142e, ustne, przysi\u0119g\u0142e, online. Biuro t\u0142umacze\u0144 Krak\u00f3w Atominium - ekspert w dziedzinie przek\u0142ad\u00f3w.\",\"publisher\":{\"@id\":\"https:\/\/www.atominium.com\/pl\/#organization\"},\"potentialAction\":[{\"@type\":\"SearchAction\",\"target\":{\"@type\":\"EntryPoint\",\"urlTemplate\":\"https:\/\/www.atominium.com\/pl\/?s={search_term_string}\"},\"query-input\":{\"@type\":\"PropertyValueSpecification\",\"valueRequired\":true,\"valueName\":\"search_term_string\"}}],\"inLanguage\":\"pl-PL\"},{\"@type\":\"Organization\",\"@id\":\"https:\/\/www.atominium.com\/pl\/#organization\",\"name\":\"Biuro t\u0142umacze\u0144 specjalistycznych Atominium Krak\u00f3w\",\"alternateName\":\"Atominium\",\"url\":\"https:\/\/www.atominium.com\/pl\/\",\"logo\":{\"@type\":\"ImageObject\",\"inLanguage\":\"pl-PL\",\"@id\":\"https:\/\/www.atominium.com\/pl\/#\/schema\/logo\/image\/\",\"url\":\"https:\/\/www.atominium.com\/pl\/wp-content\/uploads\/2021\/02\/logo-atominium.png\",\"contentUrl\":\"https:\/\/www.atominium.com\/pl\/wp-content\/uploads\/2021\/02\/logo-atominium.png\",\"width\":573,\"height\":90,\"caption\":\"Biuro t\u0142umacze\u0144 specjalistycznych Atominium Krak\u00f3w\"},\"image\":{\"@id\":\"https:\/\/www.atominium.com\/pl\/#\/schema\/logo\/image\/\"},\"sameAs\":[\"https:\/\/www.facebook.com\/p\/Atominium-Specialist-Translation-Agency-100052230326775\/\"]}]}<\/script>\n<!-- \/ Yoast SEO plugin. -->","yoast_head_json":{"title":"Kariera | Biuro t\u0142umacze\u0144 Atominium","description":"Do\u0142\u0105cz do zespo\u0142u Atominium! Poznaj nasze aktualne oferty pracy i rozpocznij karier\u0119 w dziedzinie t\u0142umacze\u0144 oraz marketingu internetowego.","robots":{"index":"index","follow":"follow","max-snippet":"max-snippet:-1","max-image-preview":"max-image-preview:large","max-video-preview":"max-video-preview:-1"},"canonical":"https:\/\/www.atominium.com\/pl\/kariera\/","og_locale":"pl_PL","og_type":"article","og_title":"Kariera | Biuro t\u0142umacze\u0144 Atominium","og_description":"Do\u0142\u0105cz do zespo\u0142u Atominium! Poznaj nasze aktualne oferty pracy i rozpocznij karier\u0119 w dziedzinie t\u0142umacze\u0144 oraz marketingu internetowego.","og_url":"https:\/\/www.atominium.com\/pl\/kariera\/","og_site_name":"Biuro t\u0142umacze\u0144 specjalistycznych - Krak\u00f3w - Atominium","article_publisher":"https:\/\/www.facebook.com\/p\/Atominium-Specialist-Translation-Agency-100052230326775\/","article_modified_time":"2024-07-10T11:23:07+00:00","schema":{"@context":"https:\/\/schema.org","@graph":[{"@type":"WebPage","@id":"https:\/\/www.atominium.com\/pl\/kariera\/","url":"https:\/\/www.atominium.com\/pl\/kariera\/","name":"Kariera | Biuro t\u0142umacze\u0144 Atominium","isPartOf":{"@id":"https:\/\/www.atominium.com\/pl\/#website"},"datePublished":"2021-02-23T12:28:50+00:00","dateModified":"2024-07-10T11:23:07+00:00","description":"Do\u0142\u0105cz do zespo\u0142u Atominium! Poznaj nasze aktualne oferty pracy i rozpocznij karier\u0119 w dziedzinie t\u0142umacze\u0144 oraz marketingu internetowego.","breadcrumb":{"@id":"https:\/\/www.atominium.com\/pl\/kariera\/#breadcrumb"},"inLanguage":"pl-PL","potentialAction":[{"@type":"ReadAction","target":["https:\/\/www.atominium.com\/pl\/kariera\/"]}]},{"@type":"BreadcrumbList","@id":"https:\/\/www.atominium.com\/pl\/kariera\/#breadcrumb","itemListElement":[{"@type":"ListItem","position":1,"name":"Strona g\u0142\u00f3wna","item":"https:\/\/www.atominium.com\/pl\/"},{"@type":"ListItem","position":2,"name":"Kariera"}]},{"@type":"WebSite","@id":"https:\/\/www.atominium.com\/pl\/#website","url":"https:\/\/www.atominium.com\/pl\/","name":"Biuro t\u0142umacze\u0144 specjalistycznych - Krak\u00f3w - Atominium","description":"Darmowa wycena w 15 min. T\u0142umaczenia: zwyk\u0142e, ustne, przysi\u0119g\u0142e, online. Biuro t\u0142umacze\u0144 Krak\u00f3w Atominium - ekspert w dziedzinie przek\u0142ad\u00f3w.","publisher":{"@id":"https:\/\/www.atominium.com\/pl\/#organization"},"potentialAction":[{"@type":"SearchAction","target":{"@type":"EntryPoint","urlTemplate":"https:\/\/www.atominium.com\/pl\/?s={search_term_string}"},"query-input":{"@type":"PropertyValueSpecification","valueRequired":true,"valueName":"search_term_string"}}],"inLanguage":"pl-PL"},{"@type":"Organization","@id":"https:\/\/www.atominium.com\/pl\/#organization","name":"Biuro t\u0142umacze\u0144 specjalistycznych Atominium Krak\u00f3w","alternateName":"Atominium","url":"https:\/\/www.atominium.com\/pl\/","logo":{"@type":"ImageObject","inLanguage":"pl-PL","@id":"https:\/\/www.atominium.com\/pl\/#\/schema\/logo\/image\/","url":"https:\/\/www.atominium.com\/pl\/wp-content\/uploads\/2021\/02\/logo-atominium.png","contentUrl":"https:\/\/www.atominium.com\/pl\/wp-content\/uploads\/2021\/02\/logo-atominium.png","width":573,"height":90,"caption":"Biuro t\u0142umacze\u0144 specjalistycznych Atominium Krak\u00f3w"},"image":{"@id":"https:\/\/www.atominium.com\/pl\/#\/schema\/logo\/image\/"},"sameAs":["https:\/\/www.facebook.com\/p\/Atominium-Specialist-Translation-Agency-100052230326775\/"]}]}},"post_mailing_queue_ids":[],"_links":{"self":[{"href":"https:\/\/www.atominium.com\/pl\/wp-json\/wp\/v2\/pages\/69","targetHints":{"allow":["GET"]}}],"collection":[{"href":"https:\/\/www.atominium.com\/pl\/wp-json\/wp\/v2\/pages"}],"about":[{"href":"https:\/\/www.atominium.com\/pl\/wp-json\/wp\/v2\/types\/page"}],"author":[{"embeddable":true,"href":"https:\/\/www.atominium.com\/pl\/wp-json\/wp\/v2\/users\/1"}],"replies":[{"embeddable":true,"href":"https:\/\/www.atominium.com\/pl\/wp-json\/wp\/v2\/comments?post=69"}],"version-history":[{"count":74,"href":"https:\/\/www.atominium.com\/pl\/wp-json\/wp\/v2\/pages\/69\/revisions"}],"predecessor-version":[{"id":4420,"href":"https:\/\/www.atominium.com\/pl\/wp-json\/wp\/v2\/pages\/69\/revisions\/4420"}],"wp:attachment":[{"href":"https:\/\/www.atominium.com\/pl\/wp-json\/wp\/v2\/media?parent=69"}],"curies":[{"name":"wp","href":"https:\/\/api.w.org\/{rel}","templated":true}]}}