{"id":4598,"date":"2023-09-15T12:39:49","date_gmt":"2023-09-15T10:39:49","guid":{"rendered":"https:\/\/www.atominium.com\/pl\/?page_id=4598"},"modified":"2024-07-10T13:26:16","modified_gmt":"2024-07-10T11:26:16","slug":"szkolenie01","status":"publish","type":"page","link":"https:\/\/www.atominium.com\/pl\/szkolenie01\/","title":{"rendered":"Wst\u0119p do pracy w narz\u0119dziach CAT"},"content":{"rendered":"\t\t<div data-elementor-type=\"wp-page\" data-elementor-id=\"4598\" class=\"elementor elementor-4598\" data-elementor-post-type=\"page\">\n\t\t\t\t\t\t<section class=\"elementor-section elementor-top-section elementor-element elementor-element-89cc5fc elementor-section-boxed elementor-section-height-default elementor-section-height-default\" data-id=\"89cc5fc\" data-element_type=\"section\">\n\t\t\t\t\t\t<div class=\"elementor-container elementor-column-gap-default\">\n\t\t\t\t\t<div class=\"elementor-column elementor-col-100 elementor-top-column elementor-element elementor-element-de3ebf2\" data-id=\"de3ebf2\" data-element_type=\"column\">\n\t\t\t<div class=\"elementor-widget-wrap elementor-element-populated\">\n\t\t\t\t\t\t<div class=\"elementor-element elementor-element-dc53a45 elementor-widget elementor-widget-text-editor\" data-id=\"dc53a45\" data-element_type=\"widget\" data-widget_type=\"text-editor.default\">\n\t\t\t\t<div class=\"elementor-widget-container\">\n\t\t\t\t\t\t\t\t\t<h5>Dopiero zaczynasz swoj\u0105 karier\u0119 jako t\u0142umacz i chcesz rozwin\u0105\u0107 swoje kompetencje?<\/h5><h5>Pragniesz dowiedzie\u0107 si\u0119 czego\u015b wi\u0119cej o narz\u0119dziach CAT?<\/h5>\t\t\t\t\t\t\t\t<\/div>\n\t\t\t\t<\/div>\n\t\t\t\t\t<\/div>\n\t\t<\/div>\n\t\t\t\t\t<\/div>\n\t\t<\/section>\n\t\t\t\t<section class=\"elementor-section elementor-top-section elementor-element elementor-element-f0fabb5 elementor-section-boxed elementor-section-height-default elementor-section-height-default\" data-id=\"f0fabb5\" data-element_type=\"section\">\n\t\t\t\t\t\t<div class=\"elementor-container elementor-column-gap-default\">\n\t\t\t\t\t<div class=\"elementor-column elementor-col-100 elementor-top-column elementor-element elementor-element-04f2adc\" data-id=\"04f2adc\" data-element_type=\"column\">\n\t\t\t<div class=\"elementor-widget-wrap elementor-element-populated\">\n\t\t\t\t\t\t<div class=\"elementor-element elementor-element-33c823c elementor-widget elementor-widget-image\" data-id=\"33c823c\" data-element_type=\"widget\" data-widget_type=\"image.default\">\n\t\t\t\t<div class=\"elementor-widget-container\">\n\t\t\t\t\t\t\t\t\t\t\t\t\t\t\t<img fetchpriority=\"high\" decoding=\"async\" width=\"1280\" height=\"703\" src=\"https:\/\/www.atominium.com\/pl\/wp-content\/uploads\/2023\/09\/szkolenie_01_main.png\" class=\"attachment-full size-full wp-image-4603\" alt=\"\" srcset=\"https:\/\/www.atominium.com\/pl\/wp-content\/uploads\/2023\/09\/szkolenie_01_main.png 1280w, https:\/\/www.atominium.com\/pl\/wp-content\/uploads\/2023\/09\/szkolenie_01_main-300x165.png 300w, https:\/\/www.atominium.com\/pl\/wp-content\/uploads\/2023\/09\/szkolenie_01_main-1024x562.png 1024w, https:\/\/www.atominium.com\/pl\/wp-content\/uploads\/2023\/09\/szkolenie_01_main-768x422.png 768w\" sizes=\"(max-width: 1280px) 100vw, 1280px\" \/>\t\t\t\t\t\t\t\t\t\t\t\t\t\t\t<\/div>\n\t\t\t\t<\/div>\n\t\t\t\t\t<\/div>\n\t\t<\/div>\n\t\t\t\t\t<\/div>\n\t\t<\/section>\n\t\t\t\t<section class=\"elementor-section elementor-top-section elementor-element elementor-element-78a630d elementor-section-boxed elementor-section-height-default elementor-section-height-default\" data-id=\"78a630d\" data-element_type=\"section\">\n\t\t\t\t\t\t<div class=\"elementor-container elementor-column-gap-default\">\n\t\t\t\t\t<div class=\"elementor-column elementor-col-100 elementor-top-column elementor-element elementor-element-111165d\" data-id=\"111165d\" data-element_type=\"column\">\n\t\t\t<div class=\"elementor-widget-wrap elementor-element-populated\">\n\t\t\t\t\t\t<div class=\"elementor-element elementor-element-6ae377f elementor-widget elementor-widget-text-editor\" data-id=\"6ae377f\" data-element_type=\"widget\" data-widget_type=\"text-editor.default\">\n\t\t\t\t<div class=\"elementor-widget-container\">\n\t\t\t\t\t\t\t\t\t<p>Przygotowali\u015bmy dla Ciebie szkolenie dotycz\u0105ce pracy w narz\u0119dziach CAT, w trakcie kt\u00f3rego dowiesz si\u0119, jakie czynno\u015bci podj\u0105\u0107 przed rozpocz\u0119ciem t\u0142umaczenia i jak zrealizowa\u0107 projekt, korzystaj\u0105c z pami\u0119ci t\u0142umaczeniowych i baz terminologicznych.<\/p><p>\u00a0<\/p><p><strong>Nasze bezp\u0142atne szkolenie b\u0119d\u0105ce wst\u0119pem do pracy w narz\u0119dziach CAT pozwoli Ci:<\/strong><\/p><p>\u2714 zdoby\u0107 wi\u0119ksze kompetencje \u2013 umiej\u0119tno\u015b\u0107 pracy w narz\u0119dziach CAT jest ceniona w\u015br\u00f3d potencjalnych zleceniodawc\u00f3w<\/p><p>\u2714 zwi\u0119kszy\u0107 efektywno\u015b\u0107 pracy \u2013 narz\u0119dzia CAT pomog\u0105 Ci w zbudowaniu pami\u0119ci t\u0142umaczeniowej i zachowaniu sp\u00f3jno\u015bci terminologicznej i stylistycznej tekst\u00f3w<\/p><p>\u2714 zaoszcz\u0119dzi\u0107 czas \u2013 poznasz funkcje oprogramowania CAT, kt\u00f3re umo\u017cliwiaj\u0105 przyspieszenie i optymalizacj\u0119 procesu t\u0142umaczenia<\/p><p>\u2714 lepiej zarz\u0105dza\u0107 projektami \u2013 w narz\u0119dziach CAT mo\u017cesz tworzy\u0107 projekty, \u015bledzi\u0107 post\u0119py prac, organizowa\u0107 i planowa\u0107 zadania<\/p><p>\u2714 pracowa\u0107 z r\u00f3\u017cnymi formatami plik\u00f3w \u2013 narz\u0119dzia CAT obs\u0142uguj\u0105 wiele format\u00f3w plik\u00f3w, co u\u0142atwia prac\u0119 z r\u00f3\u017cnymi typami dokument\u00f3w, takimi jak pliki tekstowe, prezentacje, strony internetowe czy arkusze kalkulacyjne.<\/p><p>\u00a0<\/p><p>Narz\u0119dzia CAT s\u0105 niezb\u0119dnym elementem pracy ka\u017cdego t\u0142umacza. Pozwol\u0105 Ci zachowa\u0107 sp\u00f3jno\u015b\u0107 terminologiczn\u0105 i stylistyczn\u0105 tekstu, a tak\u017ce usprawni\u0107 proces wykonywania zlecenia. Dzi\u0119ki naszemu bezp\u0142atnemu szkoleniu Twoje t\u0142umaczenia mog\u0105 sta\u0107 si\u0119 bezkonkurencyjne na coraz bardziej wymagaj\u0105cym rynku.<\/p>\t\t\t\t\t\t\t\t<\/div>\n\t\t\t\t<\/div>\n\t\t\t\t\t<\/div>\n\t\t<\/div>\n\t\t\t\t\t<\/div>\n\t\t<\/section>\n\t\t\t\t<section class=\"elementor-section elementor-top-section elementor-element elementor-element-a5b87e6 elementor-section-boxed elementor-section-height-default elementor-section-height-default\" data-id=\"a5b87e6\" data-element_type=\"section\">\n\t\t\t\t\t\t<div class=\"elementor-container elementor-column-gap-default\">\n\t\t\t\t\t<div class=\"elementor-column elementor-col-100 elementor-top-column elementor-element elementor-element-b27ad02\" data-id=\"b27ad02\" data-element_type=\"column\">\n\t\t\t<div class=\"elementor-widget-wrap elementor-element-populated\">\n\t\t\t\t\t\t<div class=\"elementor-element elementor-element-855a9ff elementor-widget elementor-widget-text-editor\" data-id=\"855a9ff\" data-element_type=\"widget\" data-widget_type=\"text-editor.default\">\n\t\t\t\t<div class=\"elementor-widget-container\">\n\t\t\t\t\t\t\t\t\t<h3><strong>Szkolenie bezp\u0142atne<br \/><\/strong><\/h3>\t\t\t\t\t\t\t\t<\/div>\n\t\t\t\t<\/div>\n\t\t\t\t\t<\/div>\n\t\t<\/div>\n\t\t\t\t\t<\/div>\n\t\t<\/section>\n\t\t\t\t<section class=\"elementor-section elementor-top-section elementor-element elementor-element-99f87d6 elementor-section-boxed elementor-section-height-default elementor-section-height-default\" data-id=\"99f87d6\" data-element_type=\"section\">\n\t\t\t\t\t\t<div class=\"elementor-container elementor-column-gap-default\">\n\t\t\t\t\t<div class=\"elementor-column elementor-col-100 elementor-top-column elementor-element elementor-element-48e46ff\" data-id=\"48e46ff\" data-element_type=\"column\">\n\t\t\t<div class=\"elementor-widget-wrap elementor-element-populated\">\n\t\t\t\t\t\t<div class=\"elementor-element elementor-element-01e5302 elementor-widget elementor-widget-text-editor\" data-id=\"01e5302\" data-element_type=\"widget\" data-widget_type=\"text-editor.default\">\n\t\t\t\t<div class=\"elementor-widget-container\">\n\t\t\t\t\t\t\t\t\t<div class=\"btn_main\">\n        <form class=\"cart\" action=\"http:\/\/www.atominium.com\/pl\/szkolenie01_01_film\/\" method=\"post\" enctype=\"multipart\/form-data\">\n            <input type=\"hidden\" id=\"quantity_62ced16300384\" class=\"input-text qty text\" step=\"1\" min=\"1\" max=\"\" name=\"quantity\" value=\"1\" title=\"Ilo\u015b\u0107\" size=\"4\" placeholder=\"\" inputmode=\"numeric\" autocomplete=\"off\">\n            <center>\n                <button type=\"submit\" name=\"add-to-cart\" value=\"225\" style=\"background-color: #d12228; color: #fff; padding: 10px 20px; border: none; border-radius: 5px; cursor: pointer; font-size: 20px;\">Przejd\u017a do szkolenia<\/button>\n            <\/center>\n        <\/form>\n    <\/div>\n\t\t\t\t\t\t\t\t<\/div>\n\t\t\t\t<\/div>\n\t\t\t\t\t<\/div>\n\t\t<\/div>\n\t\t\t\t\t<\/div>\n\t\t<\/section>\n\t\t\t\t<\/div>\n\t\t","protected":false},"excerpt":{"rendered":"<p>Dopiero zaczynasz swoj\u0105 karier\u0119 jako t\u0142umacz i chcesz rozwin\u0105\u0107 swoje kompetencje? Pragniesz dowiedzie\u0107 si\u0119 czego\u015b wi\u0119cej o narz\u0119dziach CAT? Przygotowali\u015bmy dla Ciebie szkolenie dotycz\u0105ce pracy w narz\u0119dziach CAT, w trakcie kt\u00f3rego dowiesz si\u0119, jakie czynno\u015bci podj\u0105\u0107 przed rozpocz\u0119ciem t\u0142umaczenia i jak zrealizowa\u0107 projekt, korzystaj\u0105c z pami\u0119ci t\u0142umaczeniowych i baz terminologicznych. \u00a0 Nasze bezp\u0142atne szkolenie b\u0119d\u0105ce [&hellip;]<\/p>\n","protected":false},"author":3,"featured_media":0,"parent":0,"menu_order":0,"comment_status":"closed","ping_status":"closed","template":"","meta":{"footnotes":""},"class_list":["post-4598","page","type-page","status-publish","hentry"],"yoast_head":"<!-- This site is optimized with the Yoast SEO plugin v24.2 - https:\/\/yoast.com\/wordpress\/plugins\/seo\/ -->\n<title>Wst\u0119p do pracy w narz\u0119dziach CAT | Biuro t\u0142umacze\u0144 Atominium<\/title>\n<meta name=\"description\" content=\"Pierwsze kroki w narz\u0119dziach CAT - Szkolenie, kt\u00f3re wyznaczy Tw\u00f3j kurs zawodowy. Sprawd\u017a nasz\u0105 ofert\u0119 i inwestuj w przysz\u0142o\u015b\u0107 t\u0142umacza.\" \/>\n<meta name=\"robots\" content=\"index, follow, max-snippet:-1, max-image-preview:large, max-video-preview:-1\" \/>\n<link rel=\"canonical\" href=\"https:\/\/www.atominium.com\/pl\/szkolenie01\/\" \/>\n<meta property=\"og:locale\" content=\"pl_PL\" \/>\n<meta property=\"og:type\" content=\"article\" \/>\n<meta property=\"og:title\" content=\"Wst\u0119p do pracy w narz\u0119dziach CAT | Biuro t\u0142umacze\u0144 Atominium\" \/>\n<meta property=\"og:description\" content=\"Pierwsze kroki w narz\u0119dziach CAT - Szkolenie, kt\u00f3re wyznaczy Tw\u00f3j kurs zawodowy. Sprawd\u017a nasz\u0105 ofert\u0119 i inwestuj w przysz\u0142o\u015b\u0107 t\u0142umacza.\" \/>\n<meta property=\"og:url\" content=\"https:\/\/www.atominium.com\/pl\/szkolenie01\/\" \/>\n<meta property=\"og:site_name\" content=\"Biuro t\u0142umacze\u0144 specjalistycznych - Krak\u00f3w - Atominium\" \/>\n<meta property=\"article:publisher\" content=\"https:\/\/www.facebook.com\/p\/Atominium-Specialist-Translation-Agency-100052230326775\/\" \/>\n<meta property=\"article:modified_time\" content=\"2024-07-10T11:26:16+00:00\" \/>\n<meta property=\"og:image\" content=\"https:\/\/www.atominium.com\/pl\/wp-content\/uploads\/2023\/09\/szkolenie_01_main.png\" \/>\n<script type=\"application\/ld+json\" class=\"yoast-schema-graph\">{\"@context\":\"https:\/\/schema.org\",\"@graph\":[{\"@type\":\"WebPage\",\"@id\":\"https:\/\/www.atominium.com\/pl\/szkolenie01\/\",\"url\":\"https:\/\/www.atominium.com\/pl\/szkolenie01\/\",\"name\":\"Wst\u0119p do pracy w narz\u0119dziach CAT | Biuro t\u0142umacze\u0144 Atominium\",\"isPartOf\":{\"@id\":\"https:\/\/www.atominium.com\/pl\/#website\"},\"primaryImageOfPage\":{\"@id\":\"https:\/\/www.atominium.com\/pl\/szkolenie01\/#primaryimage\"},\"image\":{\"@id\":\"https:\/\/www.atominium.com\/pl\/szkolenie01\/#primaryimage\"},\"thumbnailUrl\":\"https:\/\/www.atominium.com\/pl\/wp-content\/uploads\/2023\/09\/szkolenie_01_main.png\",\"datePublished\":\"2023-09-15T10:39:49+00:00\",\"dateModified\":\"2024-07-10T11:26:16+00:00\",\"description\":\"Pierwsze kroki w narz\u0119dziach CAT - Szkolenie, kt\u00f3re wyznaczy Tw\u00f3j kurs zawodowy. Sprawd\u017a nasz\u0105 ofert\u0119 i inwestuj w przysz\u0142o\u015b\u0107 t\u0142umacza.\",\"breadcrumb\":{\"@id\":\"https:\/\/www.atominium.com\/pl\/szkolenie01\/#breadcrumb\"},\"inLanguage\":\"pl-PL\",\"potentialAction\":[{\"@type\":\"ReadAction\",\"target\":[\"https:\/\/www.atominium.com\/pl\/szkolenie01\/\"]}]},{\"@type\":\"ImageObject\",\"inLanguage\":\"pl-PL\",\"@id\":\"https:\/\/www.atominium.com\/pl\/szkolenie01\/#primaryimage\",\"url\":\"https:\/\/www.atominium.com\/pl\/wp-content\/uploads\/2023\/09\/szkolenie_01_main.png\",\"contentUrl\":\"https:\/\/www.atominium.com\/pl\/wp-content\/uploads\/2023\/09\/szkolenie_01_main.png\",\"width\":1280,\"height\":703},{\"@type\":\"BreadcrumbList\",\"@id\":\"https:\/\/www.atominium.com\/pl\/szkolenie01\/#breadcrumb\",\"itemListElement\":[{\"@type\":\"ListItem\",\"position\":1,\"name\":\"Strona g\u0142\u00f3wna\",\"item\":\"https:\/\/www.atominium.com\/pl\/\"},{\"@type\":\"ListItem\",\"position\":2,\"name\":\"Wst\u0119p do pracy w narz\u0119dziach CAT\"}]},{\"@type\":\"WebSite\",\"@id\":\"https:\/\/www.atominium.com\/pl\/#website\",\"url\":\"https:\/\/www.atominium.com\/pl\/\",\"name\":\"Biuro t\u0142umacze\u0144 specjalistycznych - Krak\u00f3w - Atominium\",\"description\":\"Darmowa wycena w 15 min. T\u0142umaczenia: zwyk\u0142e, ustne, przysi\u0119g\u0142e, online. Biuro t\u0142umacze\u0144 Krak\u00f3w Atominium - ekspert w dziedzinie przek\u0142ad\u00f3w.\",\"publisher\":{\"@id\":\"https:\/\/www.atominium.com\/pl\/#organization\"},\"potentialAction\":[{\"@type\":\"SearchAction\",\"target\":{\"@type\":\"EntryPoint\",\"urlTemplate\":\"https:\/\/www.atominium.com\/pl\/?s={search_term_string}\"},\"query-input\":{\"@type\":\"PropertyValueSpecification\",\"valueRequired\":true,\"valueName\":\"search_term_string\"}}],\"inLanguage\":\"pl-PL\"},{\"@type\":\"Organization\",\"@id\":\"https:\/\/www.atominium.com\/pl\/#organization\",\"name\":\"Biuro t\u0142umacze\u0144 specjalistycznych Atominium Krak\u00f3w\",\"alternateName\":\"Atominium\",\"url\":\"https:\/\/www.atominium.com\/pl\/\",\"logo\":{\"@type\":\"ImageObject\",\"inLanguage\":\"pl-PL\",\"@id\":\"https:\/\/www.atominium.com\/pl\/#\/schema\/logo\/image\/\",\"url\":\"https:\/\/www.atominium.com\/pl\/wp-content\/uploads\/2021\/02\/logo-atominium.png\",\"contentUrl\":\"https:\/\/www.atominium.com\/pl\/wp-content\/uploads\/2021\/02\/logo-atominium.png\",\"width\":573,\"height\":90,\"caption\":\"Biuro t\u0142umacze\u0144 specjalistycznych Atominium Krak\u00f3w\"},\"image\":{\"@id\":\"https:\/\/www.atominium.com\/pl\/#\/schema\/logo\/image\/\"},\"sameAs\":[\"https:\/\/www.facebook.com\/p\/Atominium-Specialist-Translation-Agency-100052230326775\/\"]}]}<\/script>\n<!-- \/ Yoast SEO plugin. -->","yoast_head_json":{"title":"Wst\u0119p do pracy w narz\u0119dziach CAT | Biuro t\u0142umacze\u0144 Atominium","description":"Pierwsze kroki w narz\u0119dziach CAT - Szkolenie, kt\u00f3re wyznaczy Tw\u00f3j kurs zawodowy. Sprawd\u017a nasz\u0105 ofert\u0119 i inwestuj w przysz\u0142o\u015b\u0107 t\u0142umacza.","robots":{"index":"index","follow":"follow","max-snippet":"max-snippet:-1","max-image-preview":"max-image-preview:large","max-video-preview":"max-video-preview:-1"},"canonical":"https:\/\/www.atominium.com\/pl\/szkolenie01\/","og_locale":"pl_PL","og_type":"article","og_title":"Wst\u0119p do pracy w narz\u0119dziach CAT | Biuro t\u0142umacze\u0144 Atominium","og_description":"Pierwsze kroki w narz\u0119dziach CAT - Szkolenie, kt\u00f3re wyznaczy Tw\u00f3j kurs zawodowy. Sprawd\u017a nasz\u0105 ofert\u0119 i inwestuj w przysz\u0142o\u015b\u0107 t\u0142umacza.","og_url":"https:\/\/www.atominium.com\/pl\/szkolenie01\/","og_site_name":"Biuro t\u0142umacze\u0144 specjalistycznych - Krak\u00f3w - Atominium","article_publisher":"https:\/\/www.facebook.com\/p\/Atominium-Specialist-Translation-Agency-100052230326775\/","article_modified_time":"2024-07-10T11:26:16+00:00","og_image":[{"url":"https:\/\/www.atominium.com\/pl\/wp-content\/uploads\/2023\/09\/szkolenie_01_main.png","type":"","width":"","height":""}],"schema":{"@context":"https:\/\/schema.org","@graph":[{"@type":"WebPage","@id":"https:\/\/www.atominium.com\/pl\/szkolenie01\/","url":"https:\/\/www.atominium.com\/pl\/szkolenie01\/","name":"Wst\u0119p do pracy w narz\u0119dziach CAT | Biuro t\u0142umacze\u0144 Atominium","isPartOf":{"@id":"https:\/\/www.atominium.com\/pl\/#website"},"primaryImageOfPage":{"@id":"https:\/\/www.atominium.com\/pl\/szkolenie01\/#primaryimage"},"image":{"@id":"https:\/\/www.atominium.com\/pl\/szkolenie01\/#primaryimage"},"thumbnailUrl":"https:\/\/www.atominium.com\/pl\/wp-content\/uploads\/2023\/09\/szkolenie_01_main.png","datePublished":"2023-09-15T10:39:49+00:00","dateModified":"2024-07-10T11:26:16+00:00","description":"Pierwsze kroki w narz\u0119dziach CAT - Szkolenie, kt\u00f3re wyznaczy Tw\u00f3j kurs zawodowy. Sprawd\u017a nasz\u0105 ofert\u0119 i inwestuj w przysz\u0142o\u015b\u0107 t\u0142umacza.","breadcrumb":{"@id":"https:\/\/www.atominium.com\/pl\/szkolenie01\/#breadcrumb"},"inLanguage":"pl-PL","potentialAction":[{"@type":"ReadAction","target":["https:\/\/www.atominium.com\/pl\/szkolenie01\/"]}]},{"@type":"ImageObject","inLanguage":"pl-PL","@id":"https:\/\/www.atominium.com\/pl\/szkolenie01\/#primaryimage","url":"https:\/\/www.atominium.com\/pl\/wp-content\/uploads\/2023\/09\/szkolenie_01_main.png","contentUrl":"https:\/\/www.atominium.com\/pl\/wp-content\/uploads\/2023\/09\/szkolenie_01_main.png","width":1280,"height":703},{"@type":"BreadcrumbList","@id":"https:\/\/www.atominium.com\/pl\/szkolenie01\/#breadcrumb","itemListElement":[{"@type":"ListItem","position":1,"name":"Strona g\u0142\u00f3wna","item":"https:\/\/www.atominium.com\/pl\/"},{"@type":"ListItem","position":2,"name":"Wst\u0119p do pracy w narz\u0119dziach CAT"}]},{"@type":"WebSite","@id":"https:\/\/www.atominium.com\/pl\/#website","url":"https:\/\/www.atominium.com\/pl\/","name":"Biuro t\u0142umacze\u0144 specjalistycznych - Krak\u00f3w - Atominium","description":"Darmowa wycena w 15 min. T\u0142umaczenia: zwyk\u0142e, ustne, przysi\u0119g\u0142e, online. Biuro t\u0142umacze\u0144 Krak\u00f3w Atominium - ekspert w dziedzinie przek\u0142ad\u00f3w.","publisher":{"@id":"https:\/\/www.atominium.com\/pl\/#organization"},"potentialAction":[{"@type":"SearchAction","target":{"@type":"EntryPoint","urlTemplate":"https:\/\/www.atominium.com\/pl\/?s={search_term_string}"},"query-input":{"@type":"PropertyValueSpecification","valueRequired":true,"valueName":"search_term_string"}}],"inLanguage":"pl-PL"},{"@type":"Organization","@id":"https:\/\/www.atominium.com\/pl\/#organization","name":"Biuro t\u0142umacze\u0144 specjalistycznych Atominium Krak\u00f3w","alternateName":"Atominium","url":"https:\/\/www.atominium.com\/pl\/","logo":{"@type":"ImageObject","inLanguage":"pl-PL","@id":"https:\/\/www.atominium.com\/pl\/#\/schema\/logo\/image\/","url":"https:\/\/www.atominium.com\/pl\/wp-content\/uploads\/2021\/02\/logo-atominium.png","contentUrl":"https:\/\/www.atominium.com\/pl\/wp-content\/uploads\/2021\/02\/logo-atominium.png","width":573,"height":90,"caption":"Biuro t\u0142umacze\u0144 specjalistycznych Atominium Krak\u00f3w"},"image":{"@id":"https:\/\/www.atominium.com\/pl\/#\/schema\/logo\/image\/"},"sameAs":["https:\/\/www.facebook.com\/p\/Atominium-Specialist-Translation-Agency-100052230326775\/"]}]}},"post_mailing_queue_ids":[],"_links":{"self":[{"href":"https:\/\/www.atominium.com\/pl\/wp-json\/wp\/v2\/pages\/4598","targetHints":{"allow":["GET"]}}],"collection":[{"href":"https:\/\/www.atominium.com\/pl\/wp-json\/wp\/v2\/pages"}],"about":[{"href":"https:\/\/www.atominium.com\/pl\/wp-json\/wp\/v2\/types\/page"}],"author":[{"embeddable":true,"href":"https:\/\/www.atominium.com\/pl\/wp-json\/wp\/v2\/users\/3"}],"replies":[{"embeddable":true,"href":"https:\/\/www.atominium.com\/pl\/wp-json\/wp\/v2\/comments?post=4598"}],"version-history":[{"count":33,"href":"https:\/\/www.atominium.com\/pl\/wp-json\/wp\/v2\/pages\/4598\/revisions"}],"predecessor-version":[{"id":4702,"href":"https:\/\/www.atominium.com\/pl\/wp-json\/wp\/v2\/pages\/4598\/revisions\/4702"}],"wp:attachment":[{"href":"https:\/\/www.atominium.com\/pl\/wp-json\/wp\/v2\/media?parent=4598"}],"curies":[{"name":"wp","href":"https:\/\/api.w.org\/{rel}","templated":true}]}}