{"id":837,"date":"2021-04-21T21:09:18","date_gmt":"2021-04-21T21:09:18","guid":{"rendered":"http:\/\/betade.atominium.com\/?page_id=837"},"modified":"2021-07-20T12:55:03","modified_gmt":"2021-07-20T10:55:03","slug":"job-und-praktikumsmoeglichkeiten","status":"publish","type":"page","link":"https:\/\/www.atominium.com\/de\/karriere\/job-und-praktikumsmoeglichkeiten\/","title":{"rendered":"Job- und Praktikumsm\u00f6glichkeiten"},"content":{"rendered":"\t\t<div data-elementor-type=\"wp-page\" data-elementor-id=\"837\" class=\"elementor elementor-837\" data-elementor-post-type=\"page\">\n\t\t\t\t\t\t<section class=\"elementor-section elementor-top-section elementor-element elementor-element-70b42280 elementor-section-boxed elementor-section-height-default elementor-section-height-default\" data-id=\"70b42280\" data-element_type=\"section\">\n\t\t\t\t\t\t<div class=\"elementor-container elementor-column-gap-default\">\n\t\t\t\t\t<div class=\"elementor-column elementor-col-100 elementor-top-column elementor-element elementor-element-49eff463\" data-id=\"49eff463\" data-element_type=\"column\">\n\t\t\t<div class=\"elementor-widget-wrap elementor-element-populated\">\n\t\t\t\t\t\t<div class=\"elementor-element elementor-element-4bdb2ecf elementor-widget elementor-widget-text-editor\" data-id=\"4bdb2ecf\" data-element_type=\"widget\" data-widget_type=\"text-editor.default\">\n\t\t\t\t<div class=\"elementor-widget-container\">\n\t\t\t\t\t\t\t\t\t\n<p>Arbeiten Sie gerne mit Menschen? Arbeiten Sie gerne in der Gruppe, aber auch selbstst\u00e4ndig und konzentriert? Ist die Arbeit mit Texten Ihre Leidenschaft? M\u00f6chten Sie sich weiterentwickeln und Ihren Horizont erweitern? Wenn ja, dann gibt es bei Atominium sicher einen Platz f\u00fcr Sie.<\/p>\n<p>Wir sind auf der Suche nach <strong>kreativen, positiven und gut organisierten Menschen<\/strong>, die unser gut eingespieltes Team verst\u00e4rken. Daher m\u00f6chten wir Sie anregen, sich mit den aktuellen Angeboten vertraut zu machen.<\/p>\n\t\t\t\t\t\t\t\t<\/div>\n\t\t\t\t<\/div>\n\t\t\t\t\t<\/div>\n\t\t<\/div>\n\t\t\t\t\t<\/div>\n\t\t<\/section>\n\t\t\t\t<section class=\"elementor-section elementor-top-section elementor-element elementor-element-7273ac22 elementor-section-boxed elementor-section-height-default elementor-section-height-default\" data-id=\"7273ac22\" data-element_type=\"section\">\n\t\t\t\t\t\t<div class=\"elementor-container elementor-column-gap-default\">\n\t\t\t\t\t<div class=\"elementor-column elementor-col-100 elementor-top-column elementor-element elementor-element-26460d61\" data-id=\"26460d61\" data-element_type=\"column\">\n\t\t\t<div class=\"elementor-widget-wrap elementor-element-populated\">\n\t\t\t\t\t\t<div class=\"elementor-element elementor-element-3434988f elementor-widget elementor-widget-pp-advanced-accordion\" data-id=\"3434988f\" data-element_type=\"widget\" data-settings=\"{&quot;accordion_type&quot;:&quot;toggle&quot;,&quot;toggle_speed&quot;:300}\" data-widget_type=\"pp-advanced-accordion.default\">\n\t\t\t\t<div class=\"elementor-widget-container\">\n\t\t\t\t\t\t\t<div class=\"pp-advanced-accordion pp-toggle-icon-align-left\" id=\"pp-advanced-accordion-3434988f\" data-accordion-id=\"3434988f\" role=\"tablist\">\n\t\t\t\t\t\t\t<div class=\"pp-accordion-item\">\n\t\t\t\t\t\t\t\t\t\t<div id=\"pp-accordion-tab-title-8751\" class=\"pp-accordion-tab-title\" tabindex=\"0\" data-tab=\"1\" role=\"tab\" aria-controls=\"pp-accordion-tab-content-8751\" aria-expanded=\"false\">\n\t\t\t\t\t\t<span class=\"pp-accordion-title-icon\">\n\t\t\t\t\t\t\t\t\t\t\t\t\t\t<span class=\"pp-accordion-title-text\">\n\t\t\t\t\t\t\t\tAssistent im Kundenservice\t\t\t\t\t\t\t<\/span>\n\t\t\t\t\t\t<\/span>\n\t\t\t\t\t\t\t\t\t\t\t\t\t<div class=\"pp-accordion-toggle-icon\">\n\t\t\t\t\t\t\t\t\t\t\t\t\t\t\t\t\t<span class='pp-accordion-toggle-icon-close pp-icon'>\n\t\t\t\t\t\t\t\t\t\t<svg xmlns=\"http:\/\/www.w3.org\/2000\/svg\" xmlns:xlink=\"http:\/\/www.w3.org\/1999\/xlink\" id=\"Warstwa_1\" x=\"0px\" y=\"0px\" viewBox=\"0 0 50 50\" style=\"enable-background:new 0 0 50 50;\" xml:space=\"preserve\"><path d=\"M36.8,13.6C36.8,13.6,36.8,13.6,36.8,13.6c-0.2,0.1-0.4,0.2-0.5,0.3L22.9,34.8l-9.3-8.4c-0.2-0.2-0.4-0.3-0.7-0.2  c-0.3,0.1-0.4,0.3-0.5,0.5c0,0.3,0.1,0.5,0.3,0.7l9.8,8.9c0.1,0.1,0.3,0.2,0.5,0.2c0.2,0,0.4-0.1,0.5-0.3l13.9-21.5  c0.2-0.2,0.2-0.5,0-0.7C37.3,13.7,37.1,13.5,36.8,13.6z\"><\/path><\/svg>\t\t\t\t\t\t\t\t\t<\/span>\n\t\t\t\t\t\t\t\t\t\t\t\t\t\t\t\t\t\t\t\t\t\t\t\t\t<span class='pp-accordion-toggle-icon-open pp-icon'>\n\t\t\t\t\t\t\t\t\t\t<svg xmlns=\"http:\/\/www.w3.org\/2000\/svg\" xmlns:xlink=\"http:\/\/www.w3.org\/1999\/xlink\" id=\"Warstwa_1\" x=\"0px\" y=\"0px\" viewBox=\"0 0 50 50\" style=\"enable-background:new 0 0 50 50;\" xml:space=\"preserve\"><path d=\"M25,21c-2.2,0-4,1.8-4,4s1.8,4,4,4s4-1.8,4-4S27.2,21,25,21z\"><\/path><\/svg>\t\t\t\t\t\t\t\t\t<\/span>\n\t\t\t\t\t\t\t\t\t\t\t\t\t\t\t<\/div>\n\t\t\t\t\t\t\t\t\t\t\t<\/div>\n\n\t\t\t\t\t<div id=\"pp-accordion-tab-content-8751\" class=\"pp-accordion-tab-content\" data-tab=\"1\" role=\"tabpanel\" aria-labelledby=\"pp-accordion-tab-title-8751\">\n\t\t\t\t\t\t<div id=\"ui-id-2\" class=\"ui-accordion-content ui-corner-bottom ui-helper-reset ui-widget-content ui-accordion-content-active\" role=\"tabpanel\" aria-labelledby=\"ui-id-1\" aria-hidden=\"false\">\n<p>Stellenbeschreibung:<\/p>\n<ul>\n<li>Professioneller Kundenservice:<\/li>\n<\/ul>\n<p>- Entgegennahme eingehender Anrufe und Anfragen per E-Mail, sowie Erteilung von Informationen,<br \/>- direkter Kontakt mit B\u00fcrokunden.<\/p>\n<ul>\n<li>Annahme von \u00dcbersetzungsbestellungen,<\/li>\n<li>\u00dcbermittlung von Auftr\u00e4gen samt aller Einzelheiten zur Umsetzung an die Projektmanager,<\/li>\n<li>Enge Zusammenarbeit mit der Buchhaltung,<\/li>\n<\/ul>\n<p>- Annahme der Zahlungen von Kunden f\u00fcr \u00dcbersetzungen,<br \/>- Ausstellen von Belegen und Rechnungen.<\/p>\n<ul>\n<li>Unterst\u00fctzung der Projektmanager bei anderen, allt\u00e4glichen Aufgaben,<\/li>\n<li>Aufrechterhaltung des positiven Firmenimages.<\/li>\n<\/ul>\n<p>\u00a0<\/p>\n<p>Anforderungen:<\/p>\n<ul>\n<li>kommunikationssichere Englischkenntnisse,<\/li>\n<li>Verf\u00fcgbarkeit in Vollzeit (MON-FR von 9 bis 17 Uhr),<\/li>\n<li>kommunikativ und kontaktfreudig,<\/li>\n<li>F\u00e4higkeit zur Organisation eigener Aufgaben,<\/li>\n<li>Engagement bei der Erledigung zugewiesener Aufgaben,<\/li>\n<li>offen f\u00fcr Neues, dynamische Arbeitsweise, verantwortungsbewusst.<\/li>\n<\/ul>\n<p>\u00a0<\/p>\n<p>Wir bieten Ihnen:<\/p>\n<ul>\n<li>ein zweimonatiges, unbezahltes Praktikum in einem Unternehmen mit fundierter Marktposition;<\/li>\n<li>wertvolle, auf Referenzen basierende Erfahrung,<\/li>\n<li>einen Einblick in die \u00dcbersetzungsbranche,<\/li>\n<li>ein entwicklungsf\u00f6rderndes Arbeitsklima sowie interne Schulungen (CAT-Tools),<\/li>\n<li>einen eigenst\u00e4ndigen Arbeitsplatz,<\/li>\n<li>die M\u00f6glichkeit einer Zusammenarbeit nach Beendigung des Praktikums.<\/li>\n<\/ul>\n<p>\u00a0<\/p>\n<p>Wenn wir Ihr Interesse geweckt haben, senden Sie uns bitte Ihren Lebenslauf sowie Ihr Bewerbungsschreiben an folgende Adresse: <a href=\"mailto:hr@atominium.com\">hr@atominium.com<\/a>.<\/p>\n<\/div>\t\t\t\t\t<\/div>\n\t\t\t\t<\/div>\n\t\t\t\t\t<\/div>\n\t\t\t\t\t\t<\/div>\n\t\t\t\t<\/div>\n\t\t\t\t\t<\/div>\n\t\t<\/div>\n\t\t\t\t\t<\/div>\n\t\t<\/section>\n\t\t\t\t<\/div>\n\t\t","protected":false},"excerpt":{"rendered":"<p>Arbeiten Sie gerne mit Menschen? Arbeiten Sie gerne in der Gruppe, aber auch selbstst\u00e4ndig und konzentriert? Ist die Arbeit mit Texten Ihre Leidenschaft? M\u00f6chten Sie sich weiterentwickeln und Ihren Horizont erweitern? Wenn ja, dann gibt es bei Atominium sicher einen Platz f\u00fcr Sie. Wir sind auf der Suche nach kreativen, positiven und gut organisierten Menschen, [&hellip;]<\/p>\n","protected":false},"author":1,"featured_media":0,"parent":69,"menu_order":0,"comment_status":"closed","ping_status":"closed","template":"","meta":{"footnotes":""},"class_list":["post-837","page","type-page","status-publish","hentry"],"yoast_head":"<!-- This site is optimized with the Yoast SEO plugin v24.2 - https:\/\/yoast.com\/wordpress\/plugins\/seo\/ -->\n<title>Job- und Praktikumsm\u00f6glichkeiten - Fach\u00fcbersetzungsb\u00fcro - Krakau - Atominium<\/title>\n<meta name=\"robots\" content=\"index, follow, max-snippet:-1, max-image-preview:large, max-video-preview:-1\" \/>\n<link rel=\"canonical\" href=\"https:\/\/www.atominium.com\/de\/karriere\/job-und-praktikumsmoeglichkeiten\/\" \/>\n<meta property=\"og:locale\" content=\"de_DE\" \/>\n<meta property=\"og:type\" content=\"article\" \/>\n<meta property=\"og:title\" content=\"Job- und Praktikumsm\u00f6glichkeiten - Fach\u00fcbersetzungsb\u00fcro - Krakau - Atominium\" \/>\n<meta property=\"og:description\" content=\"Arbeiten Sie gerne mit Menschen? Arbeiten Sie gerne in der Gruppe, aber auch selbstst\u00e4ndig und konzentriert? Ist die Arbeit mit Texten Ihre Leidenschaft? M\u00f6chten Sie sich weiterentwickeln und Ihren Horizont erweitern? Wenn ja, dann gibt es bei Atominium sicher einen Platz f\u00fcr Sie. Wir sind auf der Suche nach kreativen, positiven und gut organisierten Menschen, [&hellip;]\" \/>\n<meta property=\"og:url\" content=\"https:\/\/www.atominium.com\/de\/karriere\/job-und-praktikumsmoeglichkeiten\/\" \/>\n<meta property=\"og:site_name\" content=\"Fach\u00fcbersetzungsb\u00fcro - Krakau - Atominium\" \/>\n<meta property=\"article:modified_time\" content=\"2021-07-20T10:55:03+00:00\" \/>\n<meta name=\"twitter:card\" content=\"summary_large_image\" \/>\n<meta name=\"twitter:label1\" content=\"Gesch\u00e4tzte Lesezeit\" \/>\n\t<meta name=\"twitter:data1\" content=\"2\u00a0Minuten\" \/>\n<script type=\"application\/ld+json\" class=\"yoast-schema-graph\">{\"@context\":\"https:\/\/schema.org\",\"@graph\":[{\"@type\":\"WebPage\",\"@id\":\"https:\/\/www.atominium.com\/de\/karriere\/job-und-praktikumsmoeglichkeiten\/\",\"url\":\"https:\/\/www.atominium.com\/de\/karriere\/job-und-praktikumsmoeglichkeiten\/\",\"name\":\"Job- und Praktikumsm\u00f6glichkeiten - Fach\u00fcbersetzungsb\u00fcro - Krakau - Atominium\",\"isPartOf\":{\"@id\":\"https:\/\/www.atominium.com\/de\/#website\"},\"datePublished\":\"2021-04-21T21:09:18+00:00\",\"dateModified\":\"2021-07-20T10:55:03+00:00\",\"breadcrumb\":{\"@id\":\"https:\/\/www.atominium.com\/de\/karriere\/job-und-praktikumsmoeglichkeiten\/#breadcrumb\"},\"inLanguage\":\"de\",\"potentialAction\":[{\"@type\":\"ReadAction\",\"target\":[\"https:\/\/www.atominium.com\/de\/karriere\/job-und-praktikumsmoeglichkeiten\/\"]}]},{\"@type\":\"BreadcrumbList\",\"@id\":\"https:\/\/www.atominium.com\/de\/karriere\/job-und-praktikumsmoeglichkeiten\/#breadcrumb\",\"itemListElement\":[{\"@type\":\"ListItem\",\"position\":1,\"name\":\"Strona g\u0142\u00f3wna\",\"item\":\"https:\/\/www.atominium.com\/de\/\"},{\"@type\":\"ListItem\",\"position\":2,\"name\":\"Karriere\",\"item\":\"https:\/\/www.atominium.com\/de\/karriere\/\"},{\"@type\":\"ListItem\",\"position\":3,\"name\":\"Job- und Praktikumsm\u00f6glichkeiten\"}]},{\"@type\":\"WebSite\",\"@id\":\"https:\/\/www.atominium.com\/de\/#website\",\"url\":\"https:\/\/www.atominium.com\/de\/\",\"name\":\"Fach\u00fcbersetzungsb\u00fcro - Krakau - Atominium\",\"description\":\"Fach\u00fcbersetzungsb\u00fcro - Krakau - Atominium\",\"publisher\":{\"@id\":\"https:\/\/www.atominium.com\/de\/#organization\"},\"potentialAction\":[{\"@type\":\"SearchAction\",\"target\":{\"@type\":\"EntryPoint\",\"urlTemplate\":\"https:\/\/www.atominium.com\/de\/?s={search_term_string}\"},\"query-input\":{\"@type\":\"PropertyValueSpecification\",\"valueRequired\":true,\"valueName\":\"search_term_string\"}}],\"inLanguage\":\"de\"},{\"@type\":\"Organization\",\"@id\":\"https:\/\/www.atominium.com\/de\/#organization\",\"name\":\"Fach\u00fcbersetzungsb\u00fcro - Krakau - Atominium\",\"url\":\"https:\/\/www.atominium.com\/de\/\",\"logo\":{\"@type\":\"ImageObject\",\"inLanguage\":\"de\",\"@id\":\"https:\/\/www.atominium.com\/de\/#\/schema\/logo\/image\/\",\"url\":\"https:\/\/www.atominium.com\/de\/wp-content\/uploads\/2021\/02\/logo-atominium.png\",\"contentUrl\":\"https:\/\/www.atominium.com\/de\/wp-content\/uploads\/2021\/02\/logo-atominium.png\",\"width\":573,\"height\":90,\"caption\":\"Fach\u00fcbersetzungsb\u00fcro - Krakau - Atominium\"},\"image\":{\"@id\":\"https:\/\/www.atominium.com\/de\/#\/schema\/logo\/image\/\"}}]}<\/script>\n<!-- \/ Yoast SEO plugin. -->","yoast_head_json":{"title":"Job- und Praktikumsm\u00f6glichkeiten - Fach\u00fcbersetzungsb\u00fcro - Krakau - Atominium","robots":{"index":"index","follow":"follow","max-snippet":"max-snippet:-1","max-image-preview":"max-image-preview:large","max-video-preview":"max-video-preview:-1"},"canonical":"https:\/\/www.atominium.com\/de\/karriere\/job-und-praktikumsmoeglichkeiten\/","og_locale":"de_DE","og_type":"article","og_title":"Job- und Praktikumsm\u00f6glichkeiten - Fach\u00fcbersetzungsb\u00fcro - Krakau - Atominium","og_description":"Arbeiten Sie gerne mit Menschen? Arbeiten Sie gerne in der Gruppe, aber auch selbstst\u00e4ndig und konzentriert? Ist die Arbeit mit Texten Ihre Leidenschaft? M\u00f6chten Sie sich weiterentwickeln und Ihren Horizont erweitern? Wenn ja, dann gibt es bei Atominium sicher einen Platz f\u00fcr Sie. Wir sind auf der Suche nach kreativen, positiven und gut organisierten Menschen, [&hellip;]","og_url":"https:\/\/www.atominium.com\/de\/karriere\/job-und-praktikumsmoeglichkeiten\/","og_site_name":"Fach\u00fcbersetzungsb\u00fcro - Krakau - Atominium","article_modified_time":"2021-07-20T10:55:03+00:00","twitter_card":"summary_large_image","twitter_misc":{"Gesch\u00e4tzte Lesezeit":"2\u00a0Minuten"},"schema":{"@context":"https:\/\/schema.org","@graph":[{"@type":"WebPage","@id":"https:\/\/www.atominium.com\/de\/karriere\/job-und-praktikumsmoeglichkeiten\/","url":"https:\/\/www.atominium.com\/de\/karriere\/job-und-praktikumsmoeglichkeiten\/","name":"Job- und Praktikumsm\u00f6glichkeiten - Fach\u00fcbersetzungsb\u00fcro - Krakau - Atominium","isPartOf":{"@id":"https:\/\/www.atominium.com\/de\/#website"},"datePublished":"2021-04-21T21:09:18+00:00","dateModified":"2021-07-20T10:55:03+00:00","breadcrumb":{"@id":"https:\/\/www.atominium.com\/de\/karriere\/job-und-praktikumsmoeglichkeiten\/#breadcrumb"},"inLanguage":"de","potentialAction":[{"@type":"ReadAction","target":["https:\/\/www.atominium.com\/de\/karriere\/job-und-praktikumsmoeglichkeiten\/"]}]},{"@type":"BreadcrumbList","@id":"https:\/\/www.atominium.com\/de\/karriere\/job-und-praktikumsmoeglichkeiten\/#breadcrumb","itemListElement":[{"@type":"ListItem","position":1,"name":"Strona g\u0142\u00f3wna","item":"https:\/\/www.atominium.com\/de\/"},{"@type":"ListItem","position":2,"name":"Karriere","item":"https:\/\/www.atominium.com\/de\/karriere\/"},{"@type":"ListItem","position":3,"name":"Job- und Praktikumsm\u00f6glichkeiten"}]},{"@type":"WebSite","@id":"https:\/\/www.atominium.com\/de\/#website","url":"https:\/\/www.atominium.com\/de\/","name":"Fach\u00fcbersetzungsb\u00fcro - Krakau - Atominium","description":"Fach\u00fcbersetzungsb\u00fcro - Krakau - Atominium","publisher":{"@id":"https:\/\/www.atominium.com\/de\/#organization"},"potentialAction":[{"@type":"SearchAction","target":{"@type":"EntryPoint","urlTemplate":"https:\/\/www.atominium.com\/de\/?s={search_term_string}"},"query-input":{"@type":"PropertyValueSpecification","valueRequired":true,"valueName":"search_term_string"}}],"inLanguage":"de"},{"@type":"Organization","@id":"https:\/\/www.atominium.com\/de\/#organization","name":"Fach\u00fcbersetzungsb\u00fcro - Krakau - Atominium","url":"https:\/\/www.atominium.com\/de\/","logo":{"@type":"ImageObject","inLanguage":"de","@id":"https:\/\/www.atominium.com\/de\/#\/schema\/logo\/image\/","url":"https:\/\/www.atominium.com\/de\/wp-content\/uploads\/2021\/02\/logo-atominium.png","contentUrl":"https:\/\/www.atominium.com\/de\/wp-content\/uploads\/2021\/02\/logo-atominium.png","width":573,"height":90,"caption":"Fach\u00fcbersetzungsb\u00fcro - Krakau - Atominium"},"image":{"@id":"https:\/\/www.atominium.com\/de\/#\/schema\/logo\/image\/"}}]}},"_links":{"self":[{"href":"https:\/\/www.atominium.com\/de\/wp-json\/wp\/v2\/pages\/837","targetHints":{"allow":["GET"]}}],"collection":[{"href":"https:\/\/www.atominium.com\/de\/wp-json\/wp\/v2\/pages"}],"about":[{"href":"https:\/\/www.atominium.com\/de\/wp-json\/wp\/v2\/types\/page"}],"author":[{"embeddable":true,"href":"https:\/\/www.atominium.com\/de\/wp-json\/wp\/v2\/users\/1"}],"replies":[{"embeddable":true,"href":"https:\/\/www.atominium.com\/de\/wp-json\/wp\/v2\/comments?post=837"}],"version-history":[{"count":59,"href":"https:\/\/www.atominium.com\/de\/wp-json\/wp\/v2\/pages\/837\/revisions"}],"predecessor-version":[{"id":3029,"href":"https:\/\/www.atominium.com\/de\/wp-json\/wp\/v2\/pages\/837\/revisions\/3029"}],"up":[{"embeddable":true,"href":"https:\/\/www.atominium.com\/de\/wp-json\/wp\/v2\/pages\/69"}],"wp:attachment":[{"href":"https:\/\/www.atominium.com\/de\/wp-json\/wp\/v2\/media?parent=837"}],"curies":[{"name":"wp","href":"https:\/\/api.w.org\/{rel}","templated":true}]}}