{"id":835,"date":"2021-04-21T21:08:38","date_gmt":"2021-04-21T21:08:38","guid":{"rendered":"http:\/\/betade.atominium.com\/?page_id=835"},"modified":"2021-07-20T12:56:36","modified_gmt":"2021-07-20T10:56:36","slug":"zone-fuer-studenten-und-absolventen","status":"publish","type":"page","link":"https:\/\/www.atominium.com\/de\/karriere\/zone-fuer-studenten-und-absolventen\/","title":{"rendered":"Zone f\u00fcr Studenten und Absolventen"},"content":{"rendered":"\t\t<div data-elementor-type=\"wp-page\" data-elementor-id=\"835\" class=\"elementor elementor-835\" data-elementor-post-type=\"page\">\n\t\t\t\t\t\t<section class=\"elementor-section elementor-top-section elementor-element elementor-element-1a6c5099 elementor-section-boxed elementor-section-height-default elementor-section-height-default\" data-id=\"1a6c5099\" data-element_type=\"section\">\n\t\t\t\t\t\t<div class=\"elementor-container elementor-column-gap-default\">\n\t\t\t\t\t<div class=\"elementor-column elementor-col-100 elementor-top-column elementor-element elementor-element-ee3517d\" data-id=\"ee3517d\" data-element_type=\"column\">\n\t\t\t<div class=\"elementor-widget-wrap elementor-element-populated\">\n\t\t\t\t\t\t<div class=\"elementor-element elementor-element-7183f9ab elementor-widget elementor-widget-text-editor\" data-id=\"7183f9ab\" data-element_type=\"widget\" data-widget_type=\"text-editor.default\">\n\t\t\t\t<div class=\"elementor-widget-container\">\n\t\t\t\t\t\t\t\t\t<p>Wenn Sie Student im <strong>3., 4. oder 5<\/strong>. <strong>Studienjahr sind oder gerade Ihren Abschlus<\/strong>s gemacht haben, bieten wir Ihnen einen Praktikumsplatz in unserem B\u00fcro. Es ist sicher kein Fehler, wenn Ihre Universit\u00e4t Ihnen eine Empfehlung ausstellt, aber wenn Ihr Hauptfach kein Praktikum erfordert, Sie aber dennoch wertvolle Erfahrungen sammeln m\u00f6chten, so sind Sie jederzeit willkommen. Wir zeigen Ihnen, wie Sie im Bereich CAT arbeiten, wie Sie die \u00dcbereinstimmung einer \u00dcbersetzung mit dem Original \u00fcberpr\u00fcfen, Sie erfahren, was DTP, MT, TEP, Korrekturlesen sind und vieles mehr.<\/p>\n<p><strong>Wir bieten Praktika in den folgenden Abteilungen an:<\/strong><\/p>\n\t\t\t\t\t\t\t\t<\/div>\n\t\t\t\t<\/div>\n\t\t\t\t\t<\/div>\n\t\t<\/div>\n\t\t\t\t\t<\/div>\n\t\t<\/section>\n\t\t\t\t<section class=\"elementor-section elementor-top-section elementor-element elementor-element-5bcd8c7e elementor-section-boxed elementor-section-height-default elementor-section-height-default\" data-id=\"5bcd8c7e\" data-element_type=\"section\">\n\t\t\t\t\t\t<div class=\"elementor-container elementor-column-gap-default\">\n\t\t\t\t\t<div class=\"elementor-column elementor-col-100 elementor-top-column elementor-element elementor-element-465aa704\" data-id=\"465aa704\" data-element_type=\"column\">\n\t\t\t<div class=\"elementor-widget-wrap elementor-element-populated\">\n\t\t\t\t\t\t<div class=\"elementor-element elementor-element-1a9ced3c elementor-widget elementor-widget-pp-advanced-accordion\" data-id=\"1a9ced3c\" data-element_type=\"widget\" data-settings=\"{&quot;accordion_type&quot;:&quot;toggle&quot;,&quot;toggle_speed&quot;:300}\" data-widget_type=\"pp-advanced-accordion.default\">\n\t\t\t\t<div class=\"elementor-widget-container\">\n\t\t\t\t\t\t\t<div class=\"pp-advanced-accordion pp-toggle-icon-align-left\" id=\"pp-advanced-accordion-1a9ced3c\" data-accordion-id=\"1a9ced3c\" role=\"tablist\">\n\t\t\t\t\t\t\t<div class=\"pp-accordion-item\">\n\t\t\t\t\t\t\t\t\t\t<div id=\"pp-accordion-tab-title-4461\" class=\"pp-accordion-tab-title\" tabindex=\"0\" data-tab=\"1\" role=\"tab\" aria-controls=\"pp-accordion-tab-content-4461\" aria-expanded=\"false\">\n\t\t\t\t\t\t<span class=\"pp-accordion-title-icon\">\n\t\t\t\t\t\t\t\t\t\t\t\t\t\t<span class=\"pp-accordion-title-text\">\n\t\t\t\t\t\t\t\tDTP-Operator   \t\t\t\t\t\t\t<\/span>\n\t\t\t\t\t\t<\/span>\n\t\t\t\t\t\t\t\t\t\t\t\t\t<div class=\"pp-accordion-toggle-icon\">\n\t\t\t\t\t\t\t\t\t\t\t\t\t\t\t\t\t<span class='pp-accordion-toggle-icon-close pp-icon'>\n\t\t\t\t\t\t\t\t\t\t<svg xmlns=\"http:\/\/www.w3.org\/2000\/svg\" xmlns:xlink=\"http:\/\/www.w3.org\/1999\/xlink\" id=\"Warstwa_1\" x=\"0px\" y=\"0px\" viewBox=\"0 0 50 50\" style=\"enable-background:new 0 0 50 50;\" xml:space=\"preserve\"><path d=\"M36.8,13.6C36.8,13.6,36.8,13.6,36.8,13.6c-0.2,0.1-0.4,0.2-0.5,0.3L22.9,34.8l-9.3-8.4c-0.2-0.2-0.4-0.3-0.7-0.2  c-0.3,0.1-0.4,0.3-0.5,0.5c0,0.3,0.1,0.5,0.3,0.7l9.8,8.9c0.1,0.1,0.3,0.2,0.5,0.2c0.2,0,0.4-0.1,0.5-0.3l13.9-21.5  c0.2-0.2,0.2-0.5,0-0.7C37.3,13.7,37.1,13.5,36.8,13.6z\"><\/path><\/svg>\t\t\t\t\t\t\t\t\t<\/span>\n\t\t\t\t\t\t\t\t\t\t\t\t\t\t\t\t\t\t\t\t\t\t\t\t\t<span class='pp-accordion-toggle-icon-open pp-icon'>\n\t\t\t\t\t\t\t\t\t\t<svg xmlns=\"http:\/\/www.w3.org\/2000\/svg\" xmlns:xlink=\"http:\/\/www.w3.org\/1999\/xlink\" id=\"Warstwa_1\" x=\"0px\" y=\"0px\" viewBox=\"0 0 50 50\" style=\"enable-background:new 0 0 50 50;\" xml:space=\"preserve\"><path d=\"M25,21c-2.2,0-4,1.8-4,4s1.8,4,4,4s4-1.8,4-4S27.2,21,25,21z\"><\/path><\/svg>\t\t\t\t\t\t\t\t\t<\/span>\n\t\t\t\t\t\t\t\t\t\t\t\t\t\t\t<\/div>\n\t\t\t\t\t\t\t\t\t\t\t<\/div>\n\n\t\t\t\t\t<div id=\"pp-accordion-tab-content-4461\" class=\"pp-accordion-tab-content\" data-tab=\"1\" role=\"tabpanel\" aria-labelledby=\"pp-accordion-tab-title-4461\">\n\t\t\t\t\t\t<p>Wir bieten:<\/p>\n<ul>\n<li>ein zwei-bis dreimonatiges, unbezahltes Praktikum in einem Unternehmen mit fundierter Marktposition,<\/li>\n<li>wertvolle, auf Referenzen basierende Erfahrung,<\/li>\n<li>einen flexiblen Arbeitsplan oder eine Vollzeitstelle,<\/li>\n<li>ein entwicklungsf\u00f6rderndes Arbeitsklima sowie interne Schulungen,<\/li>\n<li>arbeitsrelevante Tools,<\/li>\n<li>die M\u00f6glichkeit einer Zusammenarbeit nach Beendigung des Praktikums.<\/li>\n<\/ul>\n<p>\u00a0<\/p>\n<p>Stellenbeschreibung:<\/p>\n<ul>\n<li>Zusammensetzung der \u00fcbersetzten Dateien (Vorbereitung der Grafikebene, Einf\u00fcgen der Textebene),<\/li>\n<li>Formatierung von Texten und Grafikelementen gem\u00e4\u00df dem Muster des Quelldokumentes,<\/li>\n<li>Verarbeitung der folgenden Formate: doc(x), PDF, indd, idml, cdr, cad,<\/li>\n<li>Enge Zusammenarbeit mit der Abteilung f\u00fcr \u00dcbersetzungsprojekte sowie der IT-Abteilung.<\/li>\n<\/ul>\n<p>\u00a0<\/p>\n<p>Anforderungen:<\/p>\n<ul>\n<li>sehr gute Adobe InDesign- sowie MS-Office-Kenntnisse.<\/li>\n<li>Gewissenhaftigkeit, Genauigkeit.<\/li>\n<li>F\u00e4higkeit zur Organisation eigener Aufgaben, F\u00e4higkeit zum Arbeiten unter Zeitdruck,<\/li>\n<li>Engagement bei der Erledigung zugewiesener Aufgaben, Verantwortlichkeit.<\/li>\n<\/ul>\n<p>\u00a0<\/p>\n<p>Wie kann ich mich bewerben?<\/p>\n<p>Senden Sie uns Ihren Lebenslauf an folgende Adresse: <a href=\"mailto:hr@atominium.com\">hr@atominium.com<\/a> - mit Angabe des folgenden Betreffs: Praktikum\/DTP.<\/p>\t\t\t\t\t<\/div>\n\t\t\t\t<\/div>\n\t\t\t\t\t\t\t<div class=\"pp-accordion-item\">\n\t\t\t\t\t\t\t\t\t\t<div id=\"pp-accordion-tab-title-4462\" class=\"pp-accordion-tab-title\" tabindex=\"0\" data-tab=\"2\" role=\"tab\" aria-controls=\"pp-accordion-tab-content-4462\" aria-expanded=\"false\">\n\t\t\t\t\t\t<span class=\"pp-accordion-title-icon\">\n\t\t\t\t\t\t\t\t\t\t\t\t\t\t<span class=\"pp-accordion-title-text\">\n\t\t\t\t\t\t\t\tSocial Media Copywriter mit Englisch\t\t\t\t\t\t\t<\/span>\n\t\t\t\t\t\t<\/span>\n\t\t\t\t\t\t\t\t\t\t\t\t\t<div class=\"pp-accordion-toggle-icon\">\n\t\t\t\t\t\t\t\t\t\t\t\t\t\t\t\t\t<span class='pp-accordion-toggle-icon-close pp-icon'>\n\t\t\t\t\t\t\t\t\t\t<svg xmlns=\"http:\/\/www.w3.org\/2000\/svg\" xmlns:xlink=\"http:\/\/www.w3.org\/1999\/xlink\" id=\"Warstwa_1\" x=\"0px\" y=\"0px\" viewBox=\"0 0 50 50\" style=\"enable-background:new 0 0 50 50;\" xml:space=\"preserve\"><path d=\"M36.8,13.6C36.8,13.6,36.8,13.6,36.8,13.6c-0.2,0.1-0.4,0.2-0.5,0.3L22.9,34.8l-9.3-8.4c-0.2-0.2-0.4-0.3-0.7-0.2  c-0.3,0.1-0.4,0.3-0.5,0.5c0,0.3,0.1,0.5,0.3,0.7l9.8,8.9c0.1,0.1,0.3,0.2,0.5,0.2c0.2,0,0.4-0.1,0.5-0.3l13.9-21.5  c0.2-0.2,0.2-0.5,0-0.7C37.3,13.7,37.1,13.5,36.8,13.6z\"><\/path><\/svg>\t\t\t\t\t\t\t\t\t<\/span>\n\t\t\t\t\t\t\t\t\t\t\t\t\t\t\t\t\t\t\t\t\t\t\t\t\t<span class='pp-accordion-toggle-icon-open pp-icon'>\n\t\t\t\t\t\t\t\t\t\t<svg xmlns=\"http:\/\/www.w3.org\/2000\/svg\" xmlns:xlink=\"http:\/\/www.w3.org\/1999\/xlink\" id=\"Warstwa_1\" x=\"0px\" y=\"0px\" viewBox=\"0 0 50 50\" style=\"enable-background:new 0 0 50 50;\" xml:space=\"preserve\"><path d=\"M25,21c-2.2,0-4,1.8-4,4s1.8,4,4,4s4-1.8,4-4S27.2,21,25,21z\"><\/path><\/svg>\t\t\t\t\t\t\t\t\t<\/span>\n\t\t\t\t\t\t\t\t\t\t\t\t\t\t\t<\/div>\n\t\t\t\t\t\t\t\t\t\t\t<\/div>\n\n\t\t\t\t\t<div id=\"pp-accordion-tab-content-4462\" class=\"pp-accordion-tab-content\" data-tab=\"2\" role=\"tabpanel\" aria-labelledby=\"pp-accordion-tab-title-4462\">\n\t\t\t\t\t\t<p>Wir bieten:<\/p>\n<ul>\n<li>Ein zweimonatiges unbezahltes Praktikum vor Ort,<\/li>\n<li>einen flexiblen, an Ihre Lehrveranstaltungen angepassten Arbeitsplan,<\/li>\n<li>wertvolle, auf Referenzen basierende Erfahrung,<\/li>\n<li>ein entwicklungsf\u00f6rderndes Arbeitsklima,<\/li>\n<li>einen eigenst\u00e4ndigen Arbeitsplatz,<\/li>\n<li>arbeitsrelevante Tools,<\/li>\n<li>die M\u00f6glichkeit einer Zusammenarbeit nach Beendigung des Praktikums.<\/li>\n<\/ul>\n<p>\u00a0<\/p>\n<p>Stellenbeschreibung:<\/p>\n<ul>\n<li>Miterstellung und Umsetzung einer Marketingstrategie,<\/li>\n<li>Verfassen, Editieren und Ver\u00f6ffentlichen von thematischen Texten in englischer Sprache im Firmenblog und auf der Homepage,<\/li>\n<li>Verwaltung des Firmenprofils in sozialen Medien (u.a. FB, Twitter).<\/li>\n<\/ul>\n<p>\u00a0<\/p>\n<p>Anforderungen:<\/p>\n<ul>\n<li>Hochschulstudium - laufend oder abgeschlossen,<\/li>\n<li>perfekte Englischkenntnisse (oder auf Muttersprachniveau),<\/li>\n<li>perfekte Kenntnisse in der Grammatik, Rechtschreibung und Zeichensetzung im Polnischen,<\/li>\n<li>sehr gute MS-Office-Kenntnisse,<\/li>\n<li>schriftliche Gewandtheit und Interesse an sozialen Medien,<\/li>\n<li>Proaktivit\u00e4t, Engagement bei der Erledigung zugewiesener Aufgaben,<\/li>\n<\/ul>\n<p>\u00a0<\/p>\n<p>Wie kann ich mich bewerben?<\/p>\n<p>Senden Sie uns Ihren Lebenslauf sowie Ihr Bewerbungsschreiben an folgende Adresse: <a href=\"mailto:hr@atominium.com\">hr@atominium.com<\/a> - mit Angabe des folgenden Betreffs: Praktikum\/Copywriter.<\/p>\t\t\t\t\t<\/div>\n\t\t\t\t<\/div>\n\t\t\t\t\t\t\t<div class=\"pp-accordion-item\">\n\t\t\t\t\t\t\t\t\t\t<div id=\"pp-accordion-tab-title-4463\" class=\"pp-accordion-tab-title\" tabindex=\"0\" data-tab=\"3\" role=\"tab\" aria-controls=\"pp-accordion-tab-content-4463\" aria-expanded=\"false\">\n\t\t\t\t\t\t<span class=\"pp-accordion-title-icon\">\n\t\t\t\t\t\t\t\t\t\t\t\t\t\t<span class=\"pp-accordion-title-text\">\n\t\t\t\t\t\t\t\tPRAKTIKUM im \u00dcbersetzungsb\u00fcro\t\t\t\t\t\t\t<\/span>\n\t\t\t\t\t\t<\/span>\n\t\t\t\t\t\t\t\t\t\t\t\t\t<div class=\"pp-accordion-toggle-icon\">\n\t\t\t\t\t\t\t\t\t\t\t\t\t\t\t\t\t<span class='pp-accordion-toggle-icon-close pp-icon'>\n\t\t\t\t\t\t\t\t\t\t<svg xmlns=\"http:\/\/www.w3.org\/2000\/svg\" xmlns:xlink=\"http:\/\/www.w3.org\/1999\/xlink\" id=\"Warstwa_1\" x=\"0px\" y=\"0px\" viewBox=\"0 0 50 50\" style=\"enable-background:new 0 0 50 50;\" xml:space=\"preserve\"><path d=\"M36.8,13.6C36.8,13.6,36.8,13.6,36.8,13.6c-0.2,0.1-0.4,0.2-0.5,0.3L22.9,34.8l-9.3-8.4c-0.2-0.2-0.4-0.3-0.7-0.2  c-0.3,0.1-0.4,0.3-0.5,0.5c0,0.3,0.1,0.5,0.3,0.7l9.8,8.9c0.1,0.1,0.3,0.2,0.5,0.2c0.2,0,0.4-0.1,0.5-0.3l13.9-21.5  c0.2-0.2,0.2-0.5,0-0.7C37.3,13.7,37.1,13.5,36.8,13.6z\"><\/path><\/svg>\t\t\t\t\t\t\t\t\t<\/span>\n\t\t\t\t\t\t\t\t\t\t\t\t\t\t\t\t\t\t\t\t\t\t\t\t\t<span class='pp-accordion-toggle-icon-open pp-icon'>\n\t\t\t\t\t\t\t\t\t\t<svg xmlns=\"http:\/\/www.w3.org\/2000\/svg\" xmlns:xlink=\"http:\/\/www.w3.org\/1999\/xlink\" id=\"Warstwa_1\" x=\"0px\" y=\"0px\" viewBox=\"0 0 50 50\" style=\"enable-background:new 0 0 50 50;\" xml:space=\"preserve\"><path d=\"M25,21c-2.2,0-4,1.8-4,4s1.8,4,4,4s4-1.8,4-4S27.2,21,25,21z\"><\/path><\/svg>\t\t\t\t\t\t\t\t\t<\/span>\n\t\t\t\t\t\t\t\t\t\t\t\t\t\t\t<\/div>\n\t\t\t\t\t\t\t\t\t\t\t<\/div>\n\n\t\t\t\t\t<div id=\"pp-accordion-tab-content-4463\" class=\"pp-accordion-tab-content\" data-tab=\"3\" role=\"tabpanel\" aria-labelledby=\"pp-accordion-tab-title-4463\">\n\t\t\t\t\t\t<p>Stellenbeschreibung:<\/p>\n<ul>\n<li>\u00dcberpr\u00fcfung der \u00dcbereinstimmung der \u00dcbersetzungen mit dem Original.<\/li>\n<li>Vornehmen notwendiger terminologischer und stilistischer Korrekturen.<\/li>\n<li>\u00dcbersetzen kurzer Texte.<\/li>\n<li>Unterst\u00fctzung der Projektmanager bei anderen, allt\u00e4glichen Aufgaben (Kontakt zu den \u00dcbersetzern und Kunden).<\/li>\n<\/ul>\n<p>\u00a0<\/p>\n<p>Anforderungen:<\/p>\n<ul>\n<li>Perekte Kenntnisse der englischen oder einer anderen Sprache.<\/li>\n<li>Perfekte Kenntnisse in der Grammatik, Rechtschreibung und Zeichensetzung im Polnischen.<\/li>\n<li>Sehr gute MS-Office-Kenntnisse.<\/li>\n<li>Gewissenhaftigkeit, Genauigkeit.<\/li>\n<li>Engagement bei der Erledigung zugewiesener Aufgaben.<\/li>\n<\/ul>\n<p>\u00a0<\/p>\n<p>Wir bieten:<\/p>\n<ul>\n<li>Ein zweimonatiges unbezahltes Praktikum vor Ort, welches einen Blick hinter die Kulissen der Arbeit eines \u00dcbersetzungsb\u00fcros erm\u00f6glicht.<\/li>\n<li>Einen flexiblen Arbeitsplan mit m\u00f6glicher Anpassung an Ihre Lehrveranstaltungen (volle Verf\u00fcgbarkeit ist gern gesehen).<\/li>\n<li>Wertvolle, auf Referenzen basierende Erfahrung.<\/li>\n<li>Ein entwicklungsf\u00f6rderndes Arbeitsklima sowie interne Schulungen (CAT-Tools)<\/li>\n<li>Einen eigenst\u00e4ndigen Arbeitsplatz.<\/li>\n<li>Die M\u00f6glichkeit einer Zusammenarbeit nach Beendigung des Praktikums.<\/li>\n<\/ul>\n<p>\u00a0<\/p>\n<p>Wie kann ich mich bewerben?<\/p>\n<p><br \/>Wenn wir Ihr Interesse geweckt haben, senden Sie uns bitte Ihren Lebenslauf an folgende Adresse: <a href=\"mailto:hr@atominium.com\">hr@atominium.com<\/a>.<br \/>Die ausgew\u00e4hlten Bewerber laden wir zu einem Bewerbungsgespr\u00e4ch ein.<\/p>\t\t\t\t\t<\/div>\n\t\t\t\t<\/div>\n\t\t\t\t\t<\/div>\n\t\t\t\t\t\t<\/div>\n\t\t\t\t<\/div>\n\t\t\t\t\t<\/div>\n\t\t<\/div>\n\t\t\t\t\t<\/div>\n\t\t<\/section>\n\t\t\t\t<\/div>\n\t\t","protected":false},"excerpt":{"rendered":"<p>Wenn Sie Student im 3., 4. oder 5. Studienjahr sind oder gerade Ihren Abschluss gemacht haben, bieten wir Ihnen einen Praktikumsplatz in unserem B\u00fcro. Es ist sicher kein Fehler, wenn Ihre Universit\u00e4t Ihnen eine Empfehlung ausstellt, aber wenn Ihr Hauptfach kein Praktikum erfordert, Sie aber dennoch wertvolle Erfahrungen sammeln m\u00f6chten, so sind Sie jederzeit willkommen. [&hellip;]<\/p>\n","protected":false},"author":1,"featured_media":0,"parent":69,"menu_order":0,"comment_status":"closed","ping_status":"closed","template":"","meta":{"footnotes":""},"class_list":["post-835","page","type-page","status-publish","hentry"],"yoast_head":"<!-- This site is optimized with the Yoast SEO plugin v24.2 - https:\/\/yoast.com\/wordpress\/plugins\/seo\/ -->\n<title>Zone f\u00fcr Studenten und Absolventen - Fach\u00fcbersetzungsb\u00fcro - Krakau - Atominium<\/title>\n<meta name=\"robots\" content=\"index, follow, max-snippet:-1, max-image-preview:large, max-video-preview:-1\" \/>\n<link rel=\"canonical\" href=\"https:\/\/www.atominium.com\/de\/karriere\/zone-fuer-studenten-und-absolventen\/\" \/>\n<meta property=\"og:locale\" content=\"de_DE\" \/>\n<meta property=\"og:type\" content=\"article\" \/>\n<meta property=\"og:title\" content=\"Zone f\u00fcr Studenten und Absolventen - Fach\u00fcbersetzungsb\u00fcro - Krakau - Atominium\" \/>\n<meta property=\"og:description\" content=\"Wenn Sie Student im 3., 4. oder 5. Studienjahr sind oder gerade Ihren Abschluss gemacht haben, bieten wir Ihnen einen Praktikumsplatz in unserem B\u00fcro. Es ist sicher kein Fehler, wenn Ihre Universit\u00e4t Ihnen eine Empfehlung ausstellt, aber wenn Ihr Hauptfach kein Praktikum erfordert, Sie aber dennoch wertvolle Erfahrungen sammeln m\u00f6chten, so sind Sie jederzeit willkommen. [&hellip;]\" \/>\n<meta property=\"og:url\" content=\"https:\/\/www.atominium.com\/de\/karriere\/zone-fuer-studenten-und-absolventen\/\" \/>\n<meta property=\"og:site_name\" content=\"Fach\u00fcbersetzungsb\u00fcro - Krakau - Atominium\" \/>\n<meta property=\"article:modified_time\" content=\"2021-07-20T10:56:36+00:00\" \/>\n<meta name=\"twitter:card\" content=\"summary_large_image\" \/>\n<meta name=\"twitter:label1\" content=\"Gesch\u00e4tzte Lesezeit\" \/>\n\t<meta name=\"twitter:data1\" content=\"3\u00a0Minuten\" \/>\n<script type=\"application\/ld+json\" class=\"yoast-schema-graph\">{\"@context\":\"https:\/\/schema.org\",\"@graph\":[{\"@type\":\"WebPage\",\"@id\":\"https:\/\/www.atominium.com\/de\/karriere\/zone-fuer-studenten-und-absolventen\/\",\"url\":\"https:\/\/www.atominium.com\/de\/karriere\/zone-fuer-studenten-und-absolventen\/\",\"name\":\"Zone f\u00fcr Studenten und Absolventen - Fach\u00fcbersetzungsb\u00fcro - Krakau - Atominium\",\"isPartOf\":{\"@id\":\"https:\/\/www.atominium.com\/de\/#website\"},\"datePublished\":\"2021-04-21T21:08:38+00:00\",\"dateModified\":\"2021-07-20T10:56:36+00:00\",\"breadcrumb\":{\"@id\":\"https:\/\/www.atominium.com\/de\/karriere\/zone-fuer-studenten-und-absolventen\/#breadcrumb\"},\"inLanguage\":\"de\",\"potentialAction\":[{\"@type\":\"ReadAction\",\"target\":[\"https:\/\/www.atominium.com\/de\/karriere\/zone-fuer-studenten-und-absolventen\/\"]}]},{\"@type\":\"BreadcrumbList\",\"@id\":\"https:\/\/www.atominium.com\/de\/karriere\/zone-fuer-studenten-und-absolventen\/#breadcrumb\",\"itemListElement\":[{\"@type\":\"ListItem\",\"position\":1,\"name\":\"Strona g\u0142\u00f3wna\",\"item\":\"https:\/\/www.atominium.com\/de\/\"},{\"@type\":\"ListItem\",\"position\":2,\"name\":\"Karriere\",\"item\":\"https:\/\/www.atominium.com\/de\/karriere\/\"},{\"@type\":\"ListItem\",\"position\":3,\"name\":\"Zone f\u00fcr Studenten und Absolventen\"}]},{\"@type\":\"WebSite\",\"@id\":\"https:\/\/www.atominium.com\/de\/#website\",\"url\":\"https:\/\/www.atominium.com\/de\/\",\"name\":\"Fach\u00fcbersetzungsb\u00fcro - Krakau - Atominium\",\"description\":\"Fach\u00fcbersetzungsb\u00fcro - Krakau - Atominium\",\"publisher\":{\"@id\":\"https:\/\/www.atominium.com\/de\/#organization\"},\"potentialAction\":[{\"@type\":\"SearchAction\",\"target\":{\"@type\":\"EntryPoint\",\"urlTemplate\":\"https:\/\/www.atominium.com\/de\/?s={search_term_string}\"},\"query-input\":{\"@type\":\"PropertyValueSpecification\",\"valueRequired\":true,\"valueName\":\"search_term_string\"}}],\"inLanguage\":\"de\"},{\"@type\":\"Organization\",\"@id\":\"https:\/\/www.atominium.com\/de\/#organization\",\"name\":\"Fach\u00fcbersetzungsb\u00fcro - Krakau - Atominium\",\"url\":\"https:\/\/www.atominium.com\/de\/\",\"logo\":{\"@type\":\"ImageObject\",\"inLanguage\":\"de\",\"@id\":\"https:\/\/www.atominium.com\/de\/#\/schema\/logo\/image\/\",\"url\":\"https:\/\/www.atominium.com\/de\/wp-content\/uploads\/2021\/02\/logo-atominium.png\",\"contentUrl\":\"https:\/\/www.atominium.com\/de\/wp-content\/uploads\/2021\/02\/logo-atominium.png\",\"width\":573,\"height\":90,\"caption\":\"Fach\u00fcbersetzungsb\u00fcro - Krakau - Atominium\"},\"image\":{\"@id\":\"https:\/\/www.atominium.com\/de\/#\/schema\/logo\/image\/\"}}]}<\/script>\n<!-- \/ Yoast SEO plugin. -->","yoast_head_json":{"title":"Zone f\u00fcr Studenten und Absolventen - Fach\u00fcbersetzungsb\u00fcro - Krakau - Atominium","robots":{"index":"index","follow":"follow","max-snippet":"max-snippet:-1","max-image-preview":"max-image-preview:large","max-video-preview":"max-video-preview:-1"},"canonical":"https:\/\/www.atominium.com\/de\/karriere\/zone-fuer-studenten-und-absolventen\/","og_locale":"de_DE","og_type":"article","og_title":"Zone f\u00fcr Studenten und Absolventen - Fach\u00fcbersetzungsb\u00fcro - Krakau - Atominium","og_description":"Wenn Sie Student im 3., 4. oder 5. Studienjahr sind oder gerade Ihren Abschluss gemacht haben, bieten wir Ihnen einen Praktikumsplatz in unserem B\u00fcro. Es ist sicher kein Fehler, wenn Ihre Universit\u00e4t Ihnen eine Empfehlung ausstellt, aber wenn Ihr Hauptfach kein Praktikum erfordert, Sie aber dennoch wertvolle Erfahrungen sammeln m\u00f6chten, so sind Sie jederzeit willkommen. [&hellip;]","og_url":"https:\/\/www.atominium.com\/de\/karriere\/zone-fuer-studenten-und-absolventen\/","og_site_name":"Fach\u00fcbersetzungsb\u00fcro - Krakau - Atominium","article_modified_time":"2021-07-20T10:56:36+00:00","twitter_card":"summary_large_image","twitter_misc":{"Gesch\u00e4tzte Lesezeit":"3\u00a0Minuten"},"schema":{"@context":"https:\/\/schema.org","@graph":[{"@type":"WebPage","@id":"https:\/\/www.atominium.com\/de\/karriere\/zone-fuer-studenten-und-absolventen\/","url":"https:\/\/www.atominium.com\/de\/karriere\/zone-fuer-studenten-und-absolventen\/","name":"Zone f\u00fcr Studenten und Absolventen - Fach\u00fcbersetzungsb\u00fcro - Krakau - Atominium","isPartOf":{"@id":"https:\/\/www.atominium.com\/de\/#website"},"datePublished":"2021-04-21T21:08:38+00:00","dateModified":"2021-07-20T10:56:36+00:00","breadcrumb":{"@id":"https:\/\/www.atominium.com\/de\/karriere\/zone-fuer-studenten-und-absolventen\/#breadcrumb"},"inLanguage":"de","potentialAction":[{"@type":"ReadAction","target":["https:\/\/www.atominium.com\/de\/karriere\/zone-fuer-studenten-und-absolventen\/"]}]},{"@type":"BreadcrumbList","@id":"https:\/\/www.atominium.com\/de\/karriere\/zone-fuer-studenten-und-absolventen\/#breadcrumb","itemListElement":[{"@type":"ListItem","position":1,"name":"Strona g\u0142\u00f3wna","item":"https:\/\/www.atominium.com\/de\/"},{"@type":"ListItem","position":2,"name":"Karriere","item":"https:\/\/www.atominium.com\/de\/karriere\/"},{"@type":"ListItem","position":3,"name":"Zone f\u00fcr Studenten und Absolventen"}]},{"@type":"WebSite","@id":"https:\/\/www.atominium.com\/de\/#website","url":"https:\/\/www.atominium.com\/de\/","name":"Fach\u00fcbersetzungsb\u00fcro - Krakau - Atominium","description":"Fach\u00fcbersetzungsb\u00fcro - Krakau - Atominium","publisher":{"@id":"https:\/\/www.atominium.com\/de\/#organization"},"potentialAction":[{"@type":"SearchAction","target":{"@type":"EntryPoint","urlTemplate":"https:\/\/www.atominium.com\/de\/?s={search_term_string}"},"query-input":{"@type":"PropertyValueSpecification","valueRequired":true,"valueName":"search_term_string"}}],"inLanguage":"de"},{"@type":"Organization","@id":"https:\/\/www.atominium.com\/de\/#organization","name":"Fach\u00fcbersetzungsb\u00fcro - Krakau - Atominium","url":"https:\/\/www.atominium.com\/de\/","logo":{"@type":"ImageObject","inLanguage":"de","@id":"https:\/\/www.atominium.com\/de\/#\/schema\/logo\/image\/","url":"https:\/\/www.atominium.com\/de\/wp-content\/uploads\/2021\/02\/logo-atominium.png","contentUrl":"https:\/\/www.atominium.com\/de\/wp-content\/uploads\/2021\/02\/logo-atominium.png","width":573,"height":90,"caption":"Fach\u00fcbersetzungsb\u00fcro - Krakau - Atominium"},"image":{"@id":"https:\/\/www.atominium.com\/de\/#\/schema\/logo\/image\/"}}]}},"_links":{"self":[{"href":"https:\/\/www.atominium.com\/de\/wp-json\/wp\/v2\/pages\/835","targetHints":{"allow":["GET"]}}],"collection":[{"href":"https:\/\/www.atominium.com\/de\/wp-json\/wp\/v2\/pages"}],"about":[{"href":"https:\/\/www.atominium.com\/de\/wp-json\/wp\/v2\/types\/page"}],"author":[{"embeddable":true,"href":"https:\/\/www.atominium.com\/de\/wp-json\/wp\/v2\/users\/1"}],"replies":[{"embeddable":true,"href":"https:\/\/www.atominium.com\/de\/wp-json\/wp\/v2\/comments?post=835"}],"version-history":[{"count":59,"href":"https:\/\/www.atominium.com\/de\/wp-json\/wp\/v2\/pages\/835\/revisions"}],"predecessor-version":[{"id":3032,"href":"https:\/\/www.atominium.com\/de\/wp-json\/wp\/v2\/pages\/835\/revisions\/3032"}],"up":[{"embeddable":true,"href":"https:\/\/www.atominium.com\/de\/wp-json\/wp\/v2\/pages\/69"}],"wp:attachment":[{"href":"https:\/\/www.atominium.com\/de\/wp-json\/wp\/v2\/media?parent=835"}],"curies":[{"name":"wp","href":"https:\/\/api.w.org\/{rel}","templated":true}]}}