{"id":832,"date":"2021-04-21T21:07:46","date_gmt":"2021-04-21T21:07:46","guid":{"rendered":"http:\/\/betade.atominium.com\/?page_id=832"},"modified":"2021-07-13T14:43:40","modified_gmt":"2021-07-13T14:43:40","slug":"zone-fuer-uebersetzer-und-korrekturleser","status":"publish","type":"page","link":"https:\/\/www.atominium.com\/de\/karriere\/zone-fuer-uebersetzer-und-korrekturleser\/","title":{"rendered":"Zone f\u00fcr \u00dcbersetzer und Korrekturleser"},"content":{"rendered":"\t\t<div data-elementor-type=\"wp-page\" data-elementor-id=\"832\" class=\"elementor elementor-832\" data-elementor-post-type=\"page\">\n\t\t\t\t\t\t<section class=\"elementor-section elementor-top-section elementor-element elementor-element-34064c84 elementor-section-boxed elementor-section-height-default elementor-section-height-default\" data-id=\"34064c84\" data-element_type=\"section\">\n\t\t\t\t\t\t<div class=\"elementor-container elementor-column-gap-default\">\n\t\t\t\t\t<div class=\"elementor-column elementor-col-100 elementor-top-column elementor-element elementor-element-6165af7c\" data-id=\"6165af7c\" data-element_type=\"column\">\n\t\t\t<div class=\"elementor-widget-wrap elementor-element-populated\">\n\t\t\t\t\t\t<div class=\"elementor-element elementor-element-30f46f9 elementor-widget elementor-widget-text-editor\" data-id=\"30f46f9\" data-element_type=\"widget\" data-widget_type=\"text-editor.default\">\n\t\t\t\t<div class=\"elementor-widget-container\">\n\t\t\t\t\t\t\t\t\t<p>Gerne nehmen wir eine Zusammenarbeit mit erfahrenen und qualifizierten \u00dcbersetzern auf. Wenn Sie Fremdsprachen perfekt beherrschen, und \u00dcbersetzungserfahrung in einer bestimmten Branche haben, senden Sie uns Ihren Lebenslauf, Ihre Referenzen und das ausgef\u00fcllte\u00a0<a href=\"https:\/\/atominium.com\/de\/FORMULARZ_TLUMACZA_KOREKTORA_EN.pdf\">\u00dcbersetzerformular<\/a> an die folgende Adresse <a href=\"mailto:hr@atominium.com\">hr@atominium.com<\/a>\u00a0&#8211; unter Angaben des folgenden Betreffs: \u00dcbersetzer.<\/p><p>Wenn sie reichlich Erfahrung im Redaktionsbereich haben, Ihnen die Pflege der Sprachkultur am Herzen liegt, wenn Ihre Leidenschaft die Arbeit mit Texten ist, und Sie dazu noch au\u00dferordentliche Pr\u00e4zision und Liebe zum Detail zeigen &#8211; schlie\u00dfen Sie sich den zahlreichen Profis an, die mit uns zusammenarbeiten. Senden Sie uns Ihren Lebenslauf sowie das ausgef\u00fcllte\u00a0<a href=\"https:\/\/atominium.com\/de\/FORMULARZ_TLUMACZA_KOREKTORA_EN.pdf\">Formular<\/a> mit dem Betreff \u201eKorrektor\u201c an die folgende Adresse <a href=\"mailto:hr@atominium.com\">hr@atominium.com<\/a>.<\/p>\t\t\t\t\t\t\t\t<\/div>\n\t\t\t\t<\/div>\n\t\t\t\t\t<\/div>\n\t\t<\/div>\n\t\t\t\t\t<\/div>\n\t\t<\/section>\n\t\t\t\t<\/div>\n\t\t","protected":false},"excerpt":{"rendered":"<p>Gerne nehmen wir eine Zusammenarbeit mit erfahrenen und qualifizierten \u00dcbersetzern auf. Wenn Sie Fremdsprachen perfekt beherrschen, und \u00dcbersetzungserfahrung in einer bestimmten Branche haben, senden Sie uns Ihren Lebenslauf, Ihre Referenzen und das ausgef\u00fcllte\u00a0\u00dcbersetzerformular an die folgende Adresse hr@atominium.com\u00a0&#8211; unter Angaben des folgenden Betreffs: \u00dcbersetzer. Wenn sie reichlich Erfahrung im Redaktionsbereich haben, Ihnen die Pflege der [&hellip;]<\/p>\n","protected":false},"author":1,"featured_media":0,"parent":69,"menu_order":0,"comment_status":"closed","ping_status":"closed","template":"","meta":{"footnotes":""},"class_list":["post-832","page","type-page","status-publish","hentry"],"yoast_head":"<!-- This site is optimized with the Yoast SEO plugin v24.2 - https:\/\/yoast.com\/wordpress\/plugins\/seo\/ -->\n<title>Zone f\u00fcr \u00dcbersetzer und Korrekturleser - Fach\u00fcbersetzungsb\u00fcro - Krakau - Atominium<\/title>\n<meta name=\"robots\" content=\"index, follow, max-snippet:-1, max-image-preview:large, max-video-preview:-1\" \/>\n<link rel=\"canonical\" href=\"https:\/\/www.atominium.com\/de\/karriere\/zone-fuer-uebersetzer-und-korrekturleser\/\" \/>\n<meta property=\"og:locale\" content=\"de_DE\" \/>\n<meta property=\"og:type\" content=\"article\" \/>\n<meta property=\"og:title\" content=\"Zone f\u00fcr \u00dcbersetzer und Korrekturleser - Fach\u00fcbersetzungsb\u00fcro - Krakau - Atominium\" \/>\n<meta property=\"og:description\" content=\"Gerne nehmen wir eine Zusammenarbeit mit erfahrenen und qualifizierten \u00dcbersetzern auf. Wenn Sie Fremdsprachen perfekt beherrschen, und \u00dcbersetzungserfahrung in einer bestimmten Branche haben, senden Sie uns Ihren Lebenslauf, Ihre Referenzen und das ausgef\u00fcllte\u00a0\u00dcbersetzerformular an die folgende Adresse hr@atominium.com\u00a0&#8211; unter Angaben des folgenden Betreffs: \u00dcbersetzer. Wenn sie reichlich Erfahrung im Redaktionsbereich haben, Ihnen die Pflege der [&hellip;]\" \/>\n<meta property=\"og:url\" content=\"https:\/\/www.atominium.com\/de\/karriere\/zone-fuer-uebersetzer-und-korrekturleser\/\" \/>\n<meta property=\"og:site_name\" content=\"Fach\u00fcbersetzungsb\u00fcro - Krakau - Atominium\" \/>\n<meta property=\"article:modified_time\" content=\"2021-07-13T14:43:40+00:00\" \/>\n<meta name=\"twitter:card\" content=\"summary_large_image\" \/>\n<meta name=\"twitter:label1\" content=\"Gesch\u00e4tzte Lesezeit\" \/>\n\t<meta name=\"twitter:data1\" content=\"1\u00a0Minute\" \/>\n<script type=\"application\/ld+json\" class=\"yoast-schema-graph\">{\"@context\":\"https:\/\/schema.org\",\"@graph\":[{\"@type\":\"WebPage\",\"@id\":\"https:\/\/www.atominium.com\/de\/karriere\/zone-fuer-uebersetzer-und-korrekturleser\/\",\"url\":\"https:\/\/www.atominium.com\/de\/karriere\/zone-fuer-uebersetzer-und-korrekturleser\/\",\"name\":\"Zone f\u00fcr \u00dcbersetzer und Korrekturleser - Fach\u00fcbersetzungsb\u00fcro - Krakau - Atominium\",\"isPartOf\":{\"@id\":\"https:\/\/www.atominium.com\/de\/#website\"},\"datePublished\":\"2021-04-21T21:07:46+00:00\",\"dateModified\":\"2021-07-13T14:43:40+00:00\",\"breadcrumb\":{\"@id\":\"https:\/\/www.atominium.com\/de\/karriere\/zone-fuer-uebersetzer-und-korrekturleser\/#breadcrumb\"},\"inLanguage\":\"de\",\"potentialAction\":[{\"@type\":\"ReadAction\",\"target\":[\"https:\/\/www.atominium.com\/de\/karriere\/zone-fuer-uebersetzer-und-korrekturleser\/\"]}]},{\"@type\":\"BreadcrumbList\",\"@id\":\"https:\/\/www.atominium.com\/de\/karriere\/zone-fuer-uebersetzer-und-korrekturleser\/#breadcrumb\",\"itemListElement\":[{\"@type\":\"ListItem\",\"position\":1,\"name\":\"Strona g\u0142\u00f3wna\",\"item\":\"https:\/\/www.atominium.com\/de\/\"},{\"@type\":\"ListItem\",\"position\":2,\"name\":\"Karriere\",\"item\":\"https:\/\/www.atominium.com\/de\/karriere\/\"},{\"@type\":\"ListItem\",\"position\":3,\"name\":\"Zone f\u00fcr \u00dcbersetzer und Korrekturleser\"}]},{\"@type\":\"WebSite\",\"@id\":\"https:\/\/www.atominium.com\/de\/#website\",\"url\":\"https:\/\/www.atominium.com\/de\/\",\"name\":\"Fach\u00fcbersetzungsb\u00fcro - Krakau - Atominium\",\"description\":\"Fach\u00fcbersetzungsb\u00fcro - Krakau - Atominium\",\"publisher\":{\"@id\":\"https:\/\/www.atominium.com\/de\/#organization\"},\"potentialAction\":[{\"@type\":\"SearchAction\",\"target\":{\"@type\":\"EntryPoint\",\"urlTemplate\":\"https:\/\/www.atominium.com\/de\/?s={search_term_string}\"},\"query-input\":{\"@type\":\"PropertyValueSpecification\",\"valueRequired\":true,\"valueName\":\"search_term_string\"}}],\"inLanguage\":\"de\"},{\"@type\":\"Organization\",\"@id\":\"https:\/\/www.atominium.com\/de\/#organization\",\"name\":\"Fach\u00fcbersetzungsb\u00fcro - Krakau - Atominium\",\"url\":\"https:\/\/www.atominium.com\/de\/\",\"logo\":{\"@type\":\"ImageObject\",\"inLanguage\":\"de\",\"@id\":\"https:\/\/www.atominium.com\/de\/#\/schema\/logo\/image\/\",\"url\":\"https:\/\/www.atominium.com\/de\/wp-content\/uploads\/2021\/02\/logo-atominium.png\",\"contentUrl\":\"https:\/\/www.atominium.com\/de\/wp-content\/uploads\/2021\/02\/logo-atominium.png\",\"width\":573,\"height\":90,\"caption\":\"Fach\u00fcbersetzungsb\u00fcro - Krakau - Atominium\"},\"image\":{\"@id\":\"https:\/\/www.atominium.com\/de\/#\/schema\/logo\/image\/\"}}]}<\/script>\n<!-- \/ Yoast SEO plugin. -->","yoast_head_json":{"title":"Zone f\u00fcr \u00dcbersetzer und Korrekturleser - Fach\u00fcbersetzungsb\u00fcro - Krakau - Atominium","robots":{"index":"index","follow":"follow","max-snippet":"max-snippet:-1","max-image-preview":"max-image-preview:large","max-video-preview":"max-video-preview:-1"},"canonical":"https:\/\/www.atominium.com\/de\/karriere\/zone-fuer-uebersetzer-und-korrekturleser\/","og_locale":"de_DE","og_type":"article","og_title":"Zone f\u00fcr \u00dcbersetzer und Korrekturleser - Fach\u00fcbersetzungsb\u00fcro - Krakau - Atominium","og_description":"Gerne nehmen wir eine Zusammenarbeit mit erfahrenen und qualifizierten \u00dcbersetzern auf. Wenn Sie Fremdsprachen perfekt beherrschen, und \u00dcbersetzungserfahrung in einer bestimmten Branche haben, senden Sie uns Ihren Lebenslauf, Ihre Referenzen und das ausgef\u00fcllte\u00a0\u00dcbersetzerformular an die folgende Adresse hr@atominium.com\u00a0&#8211; unter Angaben des folgenden Betreffs: \u00dcbersetzer. Wenn sie reichlich Erfahrung im Redaktionsbereich haben, Ihnen die Pflege der [&hellip;]","og_url":"https:\/\/www.atominium.com\/de\/karriere\/zone-fuer-uebersetzer-und-korrekturleser\/","og_site_name":"Fach\u00fcbersetzungsb\u00fcro - Krakau - Atominium","article_modified_time":"2021-07-13T14:43:40+00:00","twitter_card":"summary_large_image","twitter_misc":{"Gesch\u00e4tzte Lesezeit":"1\u00a0Minute"},"schema":{"@context":"https:\/\/schema.org","@graph":[{"@type":"WebPage","@id":"https:\/\/www.atominium.com\/de\/karriere\/zone-fuer-uebersetzer-und-korrekturleser\/","url":"https:\/\/www.atominium.com\/de\/karriere\/zone-fuer-uebersetzer-und-korrekturleser\/","name":"Zone f\u00fcr \u00dcbersetzer und Korrekturleser - Fach\u00fcbersetzungsb\u00fcro - Krakau - Atominium","isPartOf":{"@id":"https:\/\/www.atominium.com\/de\/#website"},"datePublished":"2021-04-21T21:07:46+00:00","dateModified":"2021-07-13T14:43:40+00:00","breadcrumb":{"@id":"https:\/\/www.atominium.com\/de\/karriere\/zone-fuer-uebersetzer-und-korrekturleser\/#breadcrumb"},"inLanguage":"de","potentialAction":[{"@type":"ReadAction","target":["https:\/\/www.atominium.com\/de\/karriere\/zone-fuer-uebersetzer-und-korrekturleser\/"]}]},{"@type":"BreadcrumbList","@id":"https:\/\/www.atominium.com\/de\/karriere\/zone-fuer-uebersetzer-und-korrekturleser\/#breadcrumb","itemListElement":[{"@type":"ListItem","position":1,"name":"Strona g\u0142\u00f3wna","item":"https:\/\/www.atominium.com\/de\/"},{"@type":"ListItem","position":2,"name":"Karriere","item":"https:\/\/www.atominium.com\/de\/karriere\/"},{"@type":"ListItem","position":3,"name":"Zone f\u00fcr \u00dcbersetzer und Korrekturleser"}]},{"@type":"WebSite","@id":"https:\/\/www.atominium.com\/de\/#website","url":"https:\/\/www.atominium.com\/de\/","name":"Fach\u00fcbersetzungsb\u00fcro - Krakau - Atominium","description":"Fach\u00fcbersetzungsb\u00fcro - Krakau - Atominium","publisher":{"@id":"https:\/\/www.atominium.com\/de\/#organization"},"potentialAction":[{"@type":"SearchAction","target":{"@type":"EntryPoint","urlTemplate":"https:\/\/www.atominium.com\/de\/?s={search_term_string}"},"query-input":{"@type":"PropertyValueSpecification","valueRequired":true,"valueName":"search_term_string"}}],"inLanguage":"de"},{"@type":"Organization","@id":"https:\/\/www.atominium.com\/de\/#organization","name":"Fach\u00fcbersetzungsb\u00fcro - Krakau - Atominium","url":"https:\/\/www.atominium.com\/de\/","logo":{"@type":"ImageObject","inLanguage":"de","@id":"https:\/\/www.atominium.com\/de\/#\/schema\/logo\/image\/","url":"https:\/\/www.atominium.com\/de\/wp-content\/uploads\/2021\/02\/logo-atominium.png","contentUrl":"https:\/\/www.atominium.com\/de\/wp-content\/uploads\/2021\/02\/logo-atominium.png","width":573,"height":90,"caption":"Fach\u00fcbersetzungsb\u00fcro - Krakau - Atominium"},"image":{"@id":"https:\/\/www.atominium.com\/de\/#\/schema\/logo\/image\/"}}]}},"_links":{"self":[{"href":"https:\/\/www.atominium.com\/de\/wp-json\/wp\/v2\/pages\/832","targetHints":{"allow":["GET"]}}],"collection":[{"href":"https:\/\/www.atominium.com\/de\/wp-json\/wp\/v2\/pages"}],"about":[{"href":"https:\/\/www.atominium.com\/de\/wp-json\/wp\/v2\/types\/page"}],"author":[{"embeddable":true,"href":"https:\/\/www.atominium.com\/de\/wp-json\/wp\/v2\/users\/1"}],"replies":[{"embeddable":true,"href":"https:\/\/www.atominium.com\/de\/wp-json\/wp\/v2\/comments?post=832"}],"version-history":[{"count":30,"href":"https:\/\/www.atominium.com\/de\/wp-json\/wp\/v2\/pages\/832\/revisions"}],"predecessor-version":[{"id":2992,"href":"https:\/\/www.atominium.com\/de\/wp-json\/wp\/v2\/pages\/832\/revisions\/2992"}],"up":[{"embeddable":true,"href":"https:\/\/www.atominium.com\/de\/wp-json\/wp\/v2\/pages\/69"}],"wp:attachment":[{"href":"https:\/\/www.atominium.com\/de\/wp-json\/wp\/v2\/media?parent=832"}],"curies":[{"name":"wp","href":"https:\/\/api.w.org\/{rel}","templated":true}]}}