{"id":778,"date":"2021-04-21T20:39:32","date_gmt":"2021-04-21T20:39:32","guid":{"rendered":"http:\/\/betade.atominium.com\/?page_id=778"},"modified":"2021-07-01T10:38:22","modified_gmt":"2021-07-01T10:38:22","slug":"islaendisch","status":"publish","type":"page","link":"https:\/\/www.atominium.com\/de\/sprachen\/islaendisch\/","title":{"rendered":"Isl\u00e4ndisch"},"content":{"rendered":"\n<p><strong>Isl\u00e4ndisch geh\u00f6rt zur Gruppe der nordgermanischen Sprachen.<\/strong> Es ist ein Beispiel f\u00fcr sprachlichen Purismus. Fremdw\u00f6rter werden durch isl\u00e4ndische Neologismen ersetzt, die von einer speziellen Regierungskommission erstellt werden. Die Grammatik ist ziemlich schwierig, mit Substantiven, die drei grammatikalischen Typen zugeordnet sind: Maskulinum, Femininum und Neutrum, mit vier Konjugationen, zehn Zeitformen, drei Diatheseformen (Aktiv, Passiv und Medium), Verben mit Person, Tempus, Genus und Zeitform. Gesprochen wird es von etwa 320.000 Menschen, haupts\u00e4chlich von Isl\u00e4ndern im In- und Ausland.<\/p>\n","protected":false},"excerpt":{"rendered":"<p>Isl\u00e4ndisch geh\u00f6rt zur Gruppe der nordgermanischen Sprachen. Es ist ein Beispiel f\u00fcr sprachlichen Purismus. Fremdw\u00f6rter werden durch isl\u00e4ndische Neologismen ersetzt, die von einer speziellen Regierungskommission erstellt werden. Die Grammatik ist ziemlich schwierig, mit Substantiven, die drei grammatikalischen Typen zugeordnet sind: Maskulinum, Femininum und Neutrum, mit vier Konjugationen, zehn Zeitformen, drei Diatheseformen (Aktiv, Passiv und Medium), [&hellip;]<\/p>\n","protected":false},"author":2,"featured_media":2040,"parent":141,"menu_order":0,"comment_status":"closed","ping_status":"closed","template":"","meta":{"footnotes":""},"class_list":["post-778","page","type-page","status-publish","has-post-thumbnail","hentry"],"yoast_head":"<!-- This site is optimized with the Yoast SEO plugin v24.2 - https:\/\/yoast.com\/wordpress\/plugins\/seo\/ -->\n<title>Isl\u00e4ndisch - Fach\u00fcbersetzungsb\u00fcro - Krakau - Atominium<\/title>\n<meta name=\"robots\" content=\"index, follow, max-snippet:-1, max-image-preview:large, max-video-preview:-1\" \/>\n<link rel=\"canonical\" href=\"https:\/\/www.atominium.com\/de\/sprachen\/islaendisch\/\" \/>\n<meta property=\"og:locale\" content=\"de_DE\" \/>\n<meta property=\"og:type\" content=\"article\" \/>\n<meta property=\"og:title\" content=\"Isl\u00e4ndisch - Fach\u00fcbersetzungsb\u00fcro - Krakau - Atominium\" \/>\n<meta property=\"og:description\" content=\"Isl\u00e4ndisch geh\u00f6rt zur Gruppe der nordgermanischen Sprachen. Es ist ein Beispiel f\u00fcr sprachlichen Purismus. Fremdw\u00f6rter werden durch isl\u00e4ndische Neologismen ersetzt, die von einer speziellen Regierungskommission erstellt werden. Die Grammatik ist ziemlich schwierig, mit Substantiven, die drei grammatikalischen Typen zugeordnet sind: Maskulinum, Femininum und Neutrum, mit vier Konjugationen, zehn Zeitformen, drei Diatheseformen (Aktiv, Passiv und Medium), [&hellip;]\" \/>\n<meta property=\"og:url\" content=\"https:\/\/www.atominium.com\/de\/sprachen\/islaendisch\/\" \/>\n<meta property=\"og:site_name\" content=\"Fach\u00fcbersetzungsb\u00fcro - Krakau - Atominium\" \/>\n<meta property=\"article:modified_time\" content=\"2021-07-01T10:38:22+00:00\" \/>\n<meta property=\"og:image\" content=\"https:\/\/www.atominium.com\/de\/wp-content\/uploads\/2021\/05\/kirkjufellfoss-waterfall-in-iceland-in-the-evening-NVR5MMD-min.jpg\" \/>\n\t<meta property=\"og:image:width\" content=\"500\" \/>\n\t<meta property=\"og:image:height\" content=\"500\" \/>\n\t<meta property=\"og:image:type\" content=\"image\/jpeg\" \/>\n<meta name=\"twitter:card\" content=\"summary_large_image\" \/>\n<meta name=\"twitter:label1\" content=\"Gesch\u00e4tzte Lesezeit\" \/>\n\t<meta name=\"twitter:data1\" content=\"1\u00a0Minute\" \/>\n<script type=\"application\/ld+json\" class=\"yoast-schema-graph\">{\"@context\":\"https:\/\/schema.org\",\"@graph\":[{\"@type\":\"WebPage\",\"@id\":\"https:\/\/www.atominium.com\/de\/sprachen\/islaendisch\/\",\"url\":\"https:\/\/www.atominium.com\/de\/sprachen\/islaendisch\/\",\"name\":\"Isl\u00e4ndisch - Fach\u00fcbersetzungsb\u00fcro - Krakau - Atominium\",\"isPartOf\":{\"@id\":\"https:\/\/www.atominium.com\/de\/#website\"},\"primaryImageOfPage\":{\"@id\":\"https:\/\/www.atominium.com\/de\/sprachen\/islaendisch\/#primaryimage\"},\"image\":{\"@id\":\"https:\/\/www.atominium.com\/de\/sprachen\/islaendisch\/#primaryimage\"},\"thumbnailUrl\":\"https:\/\/www.atominium.com\/de\/wp-content\/uploads\/2021\/05\/kirkjufellfoss-waterfall-in-iceland-in-the-evening-NVR5MMD-min.jpg\",\"datePublished\":\"2021-04-21T20:39:32+00:00\",\"dateModified\":\"2021-07-01T10:38:22+00:00\",\"breadcrumb\":{\"@id\":\"https:\/\/www.atominium.com\/de\/sprachen\/islaendisch\/#breadcrumb\"},\"inLanguage\":\"de\",\"potentialAction\":[{\"@type\":\"ReadAction\",\"target\":[\"https:\/\/www.atominium.com\/de\/sprachen\/islaendisch\/\"]}]},{\"@type\":\"ImageObject\",\"inLanguage\":\"de\",\"@id\":\"https:\/\/www.atominium.com\/de\/sprachen\/islaendisch\/#primaryimage\",\"url\":\"https:\/\/www.atominium.com\/de\/wp-content\/uploads\/2021\/05\/kirkjufellfoss-waterfall-in-iceland-in-the-evening-NVR5MMD-min.jpg\",\"contentUrl\":\"https:\/\/www.atominium.com\/de\/wp-content\/uploads\/2021\/05\/kirkjufellfoss-waterfall-in-iceland-in-the-evening-NVR5MMD-min.jpg\",\"width\":500,\"height\":500},{\"@type\":\"BreadcrumbList\",\"@id\":\"https:\/\/www.atominium.com\/de\/sprachen\/islaendisch\/#breadcrumb\",\"itemListElement\":[{\"@type\":\"ListItem\",\"position\":1,\"name\":\"Strona g\u0142\u00f3wna\",\"item\":\"https:\/\/www.atominium.com\/de\/\"},{\"@type\":\"ListItem\",\"position\":2,\"name\":\"Sprachen\",\"item\":\"https:\/\/www.atominium.com\/de\/sprachen\/\"},{\"@type\":\"ListItem\",\"position\":3,\"name\":\"Isl\u00e4ndisch\"}]},{\"@type\":\"WebSite\",\"@id\":\"https:\/\/www.atominium.com\/de\/#website\",\"url\":\"https:\/\/www.atominium.com\/de\/\",\"name\":\"Fach\u00fcbersetzungsb\u00fcro - Krakau - Atominium\",\"description\":\"Fach\u00fcbersetzungsb\u00fcro - Krakau - Atominium\",\"publisher\":{\"@id\":\"https:\/\/www.atominium.com\/de\/#organization\"},\"potentialAction\":[{\"@type\":\"SearchAction\",\"target\":{\"@type\":\"EntryPoint\",\"urlTemplate\":\"https:\/\/www.atominium.com\/de\/?s={search_term_string}\"},\"query-input\":{\"@type\":\"PropertyValueSpecification\",\"valueRequired\":true,\"valueName\":\"search_term_string\"}}],\"inLanguage\":\"de\"},{\"@type\":\"Organization\",\"@id\":\"https:\/\/www.atominium.com\/de\/#organization\",\"name\":\"Fach\u00fcbersetzungsb\u00fcro - Krakau - Atominium\",\"url\":\"https:\/\/www.atominium.com\/de\/\",\"logo\":{\"@type\":\"ImageObject\",\"inLanguage\":\"de\",\"@id\":\"https:\/\/www.atominium.com\/de\/#\/schema\/logo\/image\/\",\"url\":\"https:\/\/www.atominium.com\/de\/wp-content\/uploads\/2021\/02\/logo-atominium.png\",\"contentUrl\":\"https:\/\/www.atominium.com\/de\/wp-content\/uploads\/2021\/02\/logo-atominium.png\",\"width\":573,\"height\":90,\"caption\":\"Fach\u00fcbersetzungsb\u00fcro - Krakau - Atominium\"},\"image\":{\"@id\":\"https:\/\/www.atominium.com\/de\/#\/schema\/logo\/image\/\"}}]}<\/script>\n<!-- \/ Yoast SEO plugin. -->","yoast_head_json":{"title":"Isl\u00e4ndisch - Fach\u00fcbersetzungsb\u00fcro - Krakau - Atominium","robots":{"index":"index","follow":"follow","max-snippet":"max-snippet:-1","max-image-preview":"max-image-preview:large","max-video-preview":"max-video-preview:-1"},"canonical":"https:\/\/www.atominium.com\/de\/sprachen\/islaendisch\/","og_locale":"de_DE","og_type":"article","og_title":"Isl\u00e4ndisch - Fach\u00fcbersetzungsb\u00fcro - Krakau - Atominium","og_description":"Isl\u00e4ndisch geh\u00f6rt zur Gruppe der nordgermanischen Sprachen. Es ist ein Beispiel f\u00fcr sprachlichen Purismus. Fremdw\u00f6rter werden durch isl\u00e4ndische Neologismen ersetzt, die von einer speziellen Regierungskommission erstellt werden. Die Grammatik ist ziemlich schwierig, mit Substantiven, die drei grammatikalischen Typen zugeordnet sind: Maskulinum, Femininum und Neutrum, mit vier Konjugationen, zehn Zeitformen, drei Diatheseformen (Aktiv, Passiv und Medium), [&hellip;]","og_url":"https:\/\/www.atominium.com\/de\/sprachen\/islaendisch\/","og_site_name":"Fach\u00fcbersetzungsb\u00fcro - Krakau - Atominium","article_modified_time":"2021-07-01T10:38:22+00:00","og_image":[{"width":500,"height":500,"url":"https:\/\/www.atominium.com\/de\/wp-content\/uploads\/2021\/05\/kirkjufellfoss-waterfall-in-iceland-in-the-evening-NVR5MMD-min.jpg","type":"image\/jpeg"}],"twitter_card":"summary_large_image","twitter_misc":{"Gesch\u00e4tzte Lesezeit":"1\u00a0Minute"},"schema":{"@context":"https:\/\/schema.org","@graph":[{"@type":"WebPage","@id":"https:\/\/www.atominium.com\/de\/sprachen\/islaendisch\/","url":"https:\/\/www.atominium.com\/de\/sprachen\/islaendisch\/","name":"Isl\u00e4ndisch - Fach\u00fcbersetzungsb\u00fcro - Krakau - Atominium","isPartOf":{"@id":"https:\/\/www.atominium.com\/de\/#website"},"primaryImageOfPage":{"@id":"https:\/\/www.atominium.com\/de\/sprachen\/islaendisch\/#primaryimage"},"image":{"@id":"https:\/\/www.atominium.com\/de\/sprachen\/islaendisch\/#primaryimage"},"thumbnailUrl":"https:\/\/www.atominium.com\/de\/wp-content\/uploads\/2021\/05\/kirkjufellfoss-waterfall-in-iceland-in-the-evening-NVR5MMD-min.jpg","datePublished":"2021-04-21T20:39:32+00:00","dateModified":"2021-07-01T10:38:22+00:00","breadcrumb":{"@id":"https:\/\/www.atominium.com\/de\/sprachen\/islaendisch\/#breadcrumb"},"inLanguage":"de","potentialAction":[{"@type":"ReadAction","target":["https:\/\/www.atominium.com\/de\/sprachen\/islaendisch\/"]}]},{"@type":"ImageObject","inLanguage":"de","@id":"https:\/\/www.atominium.com\/de\/sprachen\/islaendisch\/#primaryimage","url":"https:\/\/www.atominium.com\/de\/wp-content\/uploads\/2021\/05\/kirkjufellfoss-waterfall-in-iceland-in-the-evening-NVR5MMD-min.jpg","contentUrl":"https:\/\/www.atominium.com\/de\/wp-content\/uploads\/2021\/05\/kirkjufellfoss-waterfall-in-iceland-in-the-evening-NVR5MMD-min.jpg","width":500,"height":500},{"@type":"BreadcrumbList","@id":"https:\/\/www.atominium.com\/de\/sprachen\/islaendisch\/#breadcrumb","itemListElement":[{"@type":"ListItem","position":1,"name":"Strona g\u0142\u00f3wna","item":"https:\/\/www.atominium.com\/de\/"},{"@type":"ListItem","position":2,"name":"Sprachen","item":"https:\/\/www.atominium.com\/de\/sprachen\/"},{"@type":"ListItem","position":3,"name":"Isl\u00e4ndisch"}]},{"@type":"WebSite","@id":"https:\/\/www.atominium.com\/de\/#website","url":"https:\/\/www.atominium.com\/de\/","name":"Fach\u00fcbersetzungsb\u00fcro - Krakau - Atominium","description":"Fach\u00fcbersetzungsb\u00fcro - Krakau - Atominium","publisher":{"@id":"https:\/\/www.atominium.com\/de\/#organization"},"potentialAction":[{"@type":"SearchAction","target":{"@type":"EntryPoint","urlTemplate":"https:\/\/www.atominium.com\/de\/?s={search_term_string}"},"query-input":{"@type":"PropertyValueSpecification","valueRequired":true,"valueName":"search_term_string"}}],"inLanguage":"de"},{"@type":"Organization","@id":"https:\/\/www.atominium.com\/de\/#organization","name":"Fach\u00fcbersetzungsb\u00fcro - Krakau - Atominium","url":"https:\/\/www.atominium.com\/de\/","logo":{"@type":"ImageObject","inLanguage":"de","@id":"https:\/\/www.atominium.com\/de\/#\/schema\/logo\/image\/","url":"https:\/\/www.atominium.com\/de\/wp-content\/uploads\/2021\/02\/logo-atominium.png","contentUrl":"https:\/\/www.atominium.com\/de\/wp-content\/uploads\/2021\/02\/logo-atominium.png","width":573,"height":90,"caption":"Fach\u00fcbersetzungsb\u00fcro - Krakau - Atominium"},"image":{"@id":"https:\/\/www.atominium.com\/de\/#\/schema\/logo\/image\/"}}]}},"_links":{"self":[{"href":"https:\/\/www.atominium.com\/de\/wp-json\/wp\/v2\/pages\/778","targetHints":{"allow":["GET"]}}],"collection":[{"href":"https:\/\/www.atominium.com\/de\/wp-json\/wp\/v2\/pages"}],"about":[{"href":"https:\/\/www.atominium.com\/de\/wp-json\/wp\/v2\/types\/page"}],"author":[{"embeddable":true,"href":"https:\/\/www.atominium.com\/de\/wp-json\/wp\/v2\/users\/2"}],"replies":[{"embeddable":true,"href":"https:\/\/www.atominium.com\/de\/wp-json\/wp\/v2\/comments?post=778"}],"version-history":[{"count":6,"href":"https:\/\/www.atominium.com\/de\/wp-json\/wp\/v2\/pages\/778\/revisions"}],"predecessor-version":[{"id":2843,"href":"https:\/\/www.atominium.com\/de\/wp-json\/wp\/v2\/pages\/778\/revisions\/2843"}],"up":[{"embeddable":true,"href":"https:\/\/www.atominium.com\/de\/wp-json\/wp\/v2\/pages\/141"}],"wp:featuredmedia":[{"embeddable":true,"href":"https:\/\/www.atominium.com\/de\/wp-json\/wp\/v2\/media\/2040"}],"wp:attachment":[{"href":"https:\/\/www.atominium.com\/de\/wp-json\/wp\/v2\/media?parent=778"}],"curies":[{"name":"wp","href":"https:\/\/api.w.org\/{rel}","templated":true}]}}