{"id":764,"date":"2021-04-21T20:32:56","date_gmt":"2021-04-21T20:32:56","guid":{"rendered":"http:\/\/betade.atominium.com\/?page_id=764"},"modified":"2021-07-01T10:29:38","modified_gmt":"2021-07-01T10:29:38","slug":"esperanto","status":"publish","type":"page","link":"https:\/\/www.atominium.com\/de\/sprachen\/esperanto\/","title":{"rendered":"Esperanto"},"content":{"rendered":"\n<p>Esperanto gilt als die j\u00fcngste Sprache der Welt. <strong>Sie wurde von Ludwik Zamenhof geschaffen, der versuchte, eine einfache und neutrale internationale Sprache zu schaffen<\/strong>. Sie ist in keinem Land offizielle Amtssprache. Das Vokabular der Sprache stammt aus verschiedenen Sprachen, haupts\u00e4chlich aus europ\u00e4ischen Sprachen wie Latein, Italienisch, Spanisch, Portugiesisch, Deutsch und Englisch, in geringerem Umfang auch aus Polnisch, Russisch, Griechisch und Hebr\u00e4isch. Die Sprache hat einen umfangreichen Wortschatz und ihre Grammatik basiert auf einfachen Regeln ohne Ausnahmen. Die Tatsache, dass die Sprache mit 28 Buchstaben der lateinischen Schrift geschrieben wird und jeder Buchstabe einem Phonem entspricht, ist ebenfalls f\u00fcr ihre gute Zug\u00e4nglichkeit verantwortlich.<\/p>\n","protected":false},"excerpt":{"rendered":"<p>Esperanto gilt als die j\u00fcngste Sprache der Welt. Sie wurde von Ludwik Zamenhof geschaffen, der versuchte, eine einfache und neutrale internationale Sprache zu schaffen. Sie ist in keinem Land offizielle Amtssprache. Das Vokabular der Sprache stammt aus verschiedenen Sprachen, haupts\u00e4chlich aus europ\u00e4ischen Sprachen wie Latein, Italienisch, Spanisch, Portugiesisch, Deutsch und Englisch, in geringerem Umfang auch [&hellip;]<\/p>\n","protected":false},"author":2,"featured_media":2107,"parent":141,"menu_order":0,"comment_status":"closed","ping_status":"closed","template":"","meta":{"footnotes":""},"class_list":["post-764","page","type-page","status-publish","has-post-thumbnail","hentry"],"yoast_head":"<!-- This site is optimized with the Yoast SEO plugin v24.2 - https:\/\/yoast.com\/wordpress\/plugins\/seo\/ -->\n<title>Esperanto - Fach\u00fcbersetzungsb\u00fcro - Krakau - Atominium<\/title>\n<meta name=\"robots\" content=\"index, follow, max-snippet:-1, max-image-preview:large, max-video-preview:-1\" \/>\n<link rel=\"canonical\" href=\"https:\/\/www.atominium.com\/de\/sprachen\/esperanto\/\" \/>\n<meta property=\"og:locale\" content=\"de_DE\" \/>\n<meta property=\"og:type\" content=\"article\" \/>\n<meta property=\"og:title\" content=\"Esperanto - Fach\u00fcbersetzungsb\u00fcro - Krakau - Atominium\" \/>\n<meta property=\"og:description\" content=\"Esperanto gilt als die j\u00fcngste Sprache der Welt. Sie wurde von Ludwik Zamenhof geschaffen, der versuchte, eine einfache und neutrale internationale Sprache zu schaffen. Sie ist in keinem Land offizielle Amtssprache. Das Vokabular der Sprache stammt aus verschiedenen Sprachen, haupts\u00e4chlich aus europ\u00e4ischen Sprachen wie Latein, Italienisch, Spanisch, Portugiesisch, Deutsch und Englisch, in geringerem Umfang auch [&hellip;]\" \/>\n<meta property=\"og:url\" content=\"https:\/\/www.atominium.com\/de\/sprachen\/esperanto\/\" \/>\n<meta property=\"og:site_name\" content=\"Fach\u00fcbersetzungsb\u00fcro - Krakau - Atominium\" \/>\n<meta property=\"article:modified_time\" content=\"2021-07-01T10:29:38+00:00\" \/>\n<meta property=\"og:image\" content=\"https:\/\/www.atominium.com\/de\/wp-content\/uploads\/2021\/05\/esperanto.png\" \/>\n\t<meta property=\"og:image:width\" content=\"1080\" \/>\n\t<meta property=\"og:image:height\" content=\"1080\" \/>\n\t<meta property=\"og:image:type\" content=\"image\/png\" \/>\n<meta name=\"twitter:card\" content=\"summary_large_image\" \/>\n<meta name=\"twitter:label1\" content=\"Gesch\u00e4tzte Lesezeit\" \/>\n\t<meta name=\"twitter:data1\" content=\"1\u00a0Minute\" \/>\n<script type=\"application\/ld+json\" class=\"yoast-schema-graph\">{\"@context\":\"https:\/\/schema.org\",\"@graph\":[{\"@type\":\"WebPage\",\"@id\":\"https:\/\/www.atominium.com\/de\/sprachen\/esperanto\/\",\"url\":\"https:\/\/www.atominium.com\/de\/sprachen\/esperanto\/\",\"name\":\"Esperanto - Fach\u00fcbersetzungsb\u00fcro - Krakau - Atominium\",\"isPartOf\":{\"@id\":\"https:\/\/www.atominium.com\/de\/#website\"},\"primaryImageOfPage\":{\"@id\":\"https:\/\/www.atominium.com\/de\/sprachen\/esperanto\/#primaryimage\"},\"image\":{\"@id\":\"https:\/\/www.atominium.com\/de\/sprachen\/esperanto\/#primaryimage\"},\"thumbnailUrl\":\"https:\/\/www.atominium.com\/de\/wp-content\/uploads\/2021\/05\/esperanto.png\",\"datePublished\":\"2021-04-21T20:32:56+00:00\",\"dateModified\":\"2021-07-01T10:29:38+00:00\",\"breadcrumb\":{\"@id\":\"https:\/\/www.atominium.com\/de\/sprachen\/esperanto\/#breadcrumb\"},\"inLanguage\":\"de\",\"potentialAction\":[{\"@type\":\"ReadAction\",\"target\":[\"https:\/\/www.atominium.com\/de\/sprachen\/esperanto\/\"]}]},{\"@type\":\"ImageObject\",\"inLanguage\":\"de\",\"@id\":\"https:\/\/www.atominium.com\/de\/sprachen\/esperanto\/#primaryimage\",\"url\":\"https:\/\/www.atominium.com\/de\/wp-content\/uploads\/2021\/05\/esperanto.png\",\"contentUrl\":\"https:\/\/www.atominium.com\/de\/wp-content\/uploads\/2021\/05\/esperanto.png\",\"width\":1080,\"height\":1080},{\"@type\":\"BreadcrumbList\",\"@id\":\"https:\/\/www.atominium.com\/de\/sprachen\/esperanto\/#breadcrumb\",\"itemListElement\":[{\"@type\":\"ListItem\",\"position\":1,\"name\":\"Strona g\u0142\u00f3wna\",\"item\":\"https:\/\/www.atominium.com\/de\/\"},{\"@type\":\"ListItem\",\"position\":2,\"name\":\"Sprachen\",\"item\":\"https:\/\/www.atominium.com\/de\/sprachen\/\"},{\"@type\":\"ListItem\",\"position\":3,\"name\":\"Esperanto\"}]},{\"@type\":\"WebSite\",\"@id\":\"https:\/\/www.atominium.com\/de\/#website\",\"url\":\"https:\/\/www.atominium.com\/de\/\",\"name\":\"Fach\u00fcbersetzungsb\u00fcro - Krakau - Atominium\",\"description\":\"Fach\u00fcbersetzungsb\u00fcro - Krakau - Atominium\",\"publisher\":{\"@id\":\"https:\/\/www.atominium.com\/de\/#organization\"},\"potentialAction\":[{\"@type\":\"SearchAction\",\"target\":{\"@type\":\"EntryPoint\",\"urlTemplate\":\"https:\/\/www.atominium.com\/de\/?s={search_term_string}\"},\"query-input\":{\"@type\":\"PropertyValueSpecification\",\"valueRequired\":true,\"valueName\":\"search_term_string\"}}],\"inLanguage\":\"de\"},{\"@type\":\"Organization\",\"@id\":\"https:\/\/www.atominium.com\/de\/#organization\",\"name\":\"Fach\u00fcbersetzungsb\u00fcro - Krakau - Atominium\",\"url\":\"https:\/\/www.atominium.com\/de\/\",\"logo\":{\"@type\":\"ImageObject\",\"inLanguage\":\"de\",\"@id\":\"https:\/\/www.atominium.com\/de\/#\/schema\/logo\/image\/\",\"url\":\"https:\/\/www.atominium.com\/de\/wp-content\/uploads\/2021\/02\/logo-atominium.png\",\"contentUrl\":\"https:\/\/www.atominium.com\/de\/wp-content\/uploads\/2021\/02\/logo-atominium.png\",\"width\":573,\"height\":90,\"caption\":\"Fach\u00fcbersetzungsb\u00fcro - Krakau - Atominium\"},\"image\":{\"@id\":\"https:\/\/www.atominium.com\/de\/#\/schema\/logo\/image\/\"}}]}<\/script>\n<!-- \/ Yoast SEO plugin. -->","yoast_head_json":{"title":"Esperanto - Fach\u00fcbersetzungsb\u00fcro - Krakau - Atominium","robots":{"index":"index","follow":"follow","max-snippet":"max-snippet:-1","max-image-preview":"max-image-preview:large","max-video-preview":"max-video-preview:-1"},"canonical":"https:\/\/www.atominium.com\/de\/sprachen\/esperanto\/","og_locale":"de_DE","og_type":"article","og_title":"Esperanto - Fach\u00fcbersetzungsb\u00fcro - Krakau - Atominium","og_description":"Esperanto gilt als die j\u00fcngste Sprache der Welt. Sie wurde von Ludwik Zamenhof geschaffen, der versuchte, eine einfache und neutrale internationale Sprache zu schaffen. Sie ist in keinem Land offizielle Amtssprache. Das Vokabular der Sprache stammt aus verschiedenen Sprachen, haupts\u00e4chlich aus europ\u00e4ischen Sprachen wie Latein, Italienisch, Spanisch, Portugiesisch, Deutsch und Englisch, in geringerem Umfang auch [&hellip;]","og_url":"https:\/\/www.atominium.com\/de\/sprachen\/esperanto\/","og_site_name":"Fach\u00fcbersetzungsb\u00fcro - Krakau - Atominium","article_modified_time":"2021-07-01T10:29:38+00:00","og_image":[{"width":1080,"height":1080,"url":"https:\/\/www.atominium.com\/de\/wp-content\/uploads\/2021\/05\/esperanto.png","type":"image\/png"}],"twitter_card":"summary_large_image","twitter_misc":{"Gesch\u00e4tzte Lesezeit":"1\u00a0Minute"},"schema":{"@context":"https:\/\/schema.org","@graph":[{"@type":"WebPage","@id":"https:\/\/www.atominium.com\/de\/sprachen\/esperanto\/","url":"https:\/\/www.atominium.com\/de\/sprachen\/esperanto\/","name":"Esperanto - Fach\u00fcbersetzungsb\u00fcro - Krakau - Atominium","isPartOf":{"@id":"https:\/\/www.atominium.com\/de\/#website"},"primaryImageOfPage":{"@id":"https:\/\/www.atominium.com\/de\/sprachen\/esperanto\/#primaryimage"},"image":{"@id":"https:\/\/www.atominium.com\/de\/sprachen\/esperanto\/#primaryimage"},"thumbnailUrl":"https:\/\/www.atominium.com\/de\/wp-content\/uploads\/2021\/05\/esperanto.png","datePublished":"2021-04-21T20:32:56+00:00","dateModified":"2021-07-01T10:29:38+00:00","breadcrumb":{"@id":"https:\/\/www.atominium.com\/de\/sprachen\/esperanto\/#breadcrumb"},"inLanguage":"de","potentialAction":[{"@type":"ReadAction","target":["https:\/\/www.atominium.com\/de\/sprachen\/esperanto\/"]}]},{"@type":"ImageObject","inLanguage":"de","@id":"https:\/\/www.atominium.com\/de\/sprachen\/esperanto\/#primaryimage","url":"https:\/\/www.atominium.com\/de\/wp-content\/uploads\/2021\/05\/esperanto.png","contentUrl":"https:\/\/www.atominium.com\/de\/wp-content\/uploads\/2021\/05\/esperanto.png","width":1080,"height":1080},{"@type":"BreadcrumbList","@id":"https:\/\/www.atominium.com\/de\/sprachen\/esperanto\/#breadcrumb","itemListElement":[{"@type":"ListItem","position":1,"name":"Strona g\u0142\u00f3wna","item":"https:\/\/www.atominium.com\/de\/"},{"@type":"ListItem","position":2,"name":"Sprachen","item":"https:\/\/www.atominium.com\/de\/sprachen\/"},{"@type":"ListItem","position":3,"name":"Esperanto"}]},{"@type":"WebSite","@id":"https:\/\/www.atominium.com\/de\/#website","url":"https:\/\/www.atominium.com\/de\/","name":"Fach\u00fcbersetzungsb\u00fcro - Krakau - Atominium","description":"Fach\u00fcbersetzungsb\u00fcro - Krakau - Atominium","publisher":{"@id":"https:\/\/www.atominium.com\/de\/#organization"},"potentialAction":[{"@type":"SearchAction","target":{"@type":"EntryPoint","urlTemplate":"https:\/\/www.atominium.com\/de\/?s={search_term_string}"},"query-input":{"@type":"PropertyValueSpecification","valueRequired":true,"valueName":"search_term_string"}}],"inLanguage":"de"},{"@type":"Organization","@id":"https:\/\/www.atominium.com\/de\/#organization","name":"Fach\u00fcbersetzungsb\u00fcro - Krakau - Atominium","url":"https:\/\/www.atominium.com\/de\/","logo":{"@type":"ImageObject","inLanguage":"de","@id":"https:\/\/www.atominium.com\/de\/#\/schema\/logo\/image\/","url":"https:\/\/www.atominium.com\/de\/wp-content\/uploads\/2021\/02\/logo-atominium.png","contentUrl":"https:\/\/www.atominium.com\/de\/wp-content\/uploads\/2021\/02\/logo-atominium.png","width":573,"height":90,"caption":"Fach\u00fcbersetzungsb\u00fcro - Krakau - Atominium"},"image":{"@id":"https:\/\/www.atominium.com\/de\/#\/schema\/logo\/image\/"}}]}},"_links":{"self":[{"href":"https:\/\/www.atominium.com\/de\/wp-json\/wp\/v2\/pages\/764","targetHints":{"allow":["GET"]}}],"collection":[{"href":"https:\/\/www.atominium.com\/de\/wp-json\/wp\/v2\/pages"}],"about":[{"href":"https:\/\/www.atominium.com\/de\/wp-json\/wp\/v2\/types\/page"}],"author":[{"embeddable":true,"href":"https:\/\/www.atominium.com\/de\/wp-json\/wp\/v2\/users\/2"}],"replies":[{"embeddable":true,"href":"https:\/\/www.atominium.com\/de\/wp-json\/wp\/v2\/comments?post=764"}],"version-history":[{"count":5,"href":"https:\/\/www.atominium.com\/de\/wp-json\/wp\/v2\/pages\/764\/revisions"}],"predecessor-version":[{"id":2831,"href":"https:\/\/www.atominium.com\/de\/wp-json\/wp\/v2\/pages\/764\/revisions\/2831"}],"up":[{"embeddable":true,"href":"https:\/\/www.atominium.com\/de\/wp-json\/wp\/v2\/pages\/141"}],"wp:featuredmedia":[{"embeddable":true,"href":"https:\/\/www.atominium.com\/de\/wp-json\/wp\/v2\/media\/2107"}],"wp:attachment":[{"href":"https:\/\/www.atominium.com\/de\/wp-json\/wp\/v2\/media?parent=764"}],"curies":[{"name":"wp","href":"https:\/\/api.w.org\/{rel}","templated":true}]}}