{"id":69,"date":"2021-02-23T12:28:50","date_gmt":"2021-02-23T12:28:50","guid":{"rendered":"http:\/\/betade.atominium.com\/?page_id=69"},"modified":"2021-07-14T10:43:59","modified_gmt":"2021-07-14T10:43:59","slug":"karriere","status":"publish","type":"page","link":"https:\/\/www.atominium.com\/de\/karriere\/","title":{"rendered":"Karriere"},"content":{"rendered":"\t\t<div data-elementor-type=\"wp-page\" data-elementor-id=\"69\" class=\"elementor elementor-69\" data-elementor-post-type=\"page\">\n\t\t\t\t\t\t<section class=\"elementor-section elementor-top-section elementor-element elementor-element-fecc0fc elementor-section-boxed elementor-section-height-default elementor-section-height-default\" data-id=\"fecc0fc\" data-element_type=\"section\">\n\t\t\t\t\t\t<div class=\"elementor-container elementor-column-gap-default\">\n\t\t\t\t\t<div class=\"elementor-column elementor-col-100 elementor-top-column elementor-element elementor-element-c8a944f\" data-id=\"c8a944f\" data-element_type=\"column\">\n\t\t\t<div class=\"elementor-widget-wrap elementor-element-populated\">\n\t\t\t\t\t\t<div class=\"elementor-element elementor-element-a38f2b2 elementor-widget elementor-widget-text-editor\" data-id=\"a38f2b2\" data-element_type=\"widget\" data-widget_type=\"text-editor.default\">\n\t\t\t\t<div class=\"elementor-widget-container\">\n\t\t\t\t\t\t\t\t\t<p>Wir sind ein ambitioniertes und junges Team mit einer Leidenschaft f\u00fcr \u00dcbersetzen. Bei Atominium finden Sie eine freundliche Atmosph\u00e4re, stabile Besch\u00e4ftigungsbedingungen, Entwicklungsm\u00f6glichkeiten und die Zusammenarbeit mit den besten Experten der Branche. Unser B\u00fcro befindet sich im Herzen Krakaus, der Hauptmarkt und der Planty-Park sind in 5 Minuten zu Fu\u00df zu erreichen. In der K\u00fcche finden Sie t\u00e4glich Obst, leckeren italienischen und franz\u00f6sischen Kaffee, wir organisieren Pizza-Tage, Sushi-Tage, Pasta-Tage und viele andere mehr, um die Zeit bei der Arbeit etwas angenehmer zu gestalten.<\/p><p><strong>Wir sind auf der Suche nach talentierten und kreativen Menschen, die in unserem Unternehmen wachsen und zu seinem Erfolg beitragen wollen.<\/strong><\/p><p>Pr\u00fcfen Sie unsere Vorschl\u00e4ge <strong>f\u00fcr eine dauerhafte Zusammenarbeit f\u00fcr \u00dcbersetzer und Korrekturleser <\/strong>sowie <strong>aktuelle Stellenangebote <\/strong>bei Atominium.<\/p><p>Mit Blick auf Studenten und Absolventen haben wir <strong>ferner ein System von Praktika in den Abteilungen HR und IT <\/strong>geschaffen.<\/p><p>Besuchen Sie unseren Blog (<a href=\"https:\/\/blog.atominium.com\/\">blog.atominium.com<\/a>), in dem wir Texte zu den Themen \u00dcbersetzungswissenschaft, Literatur, Kultur, Marketing und neue Medien ver\u00f6ffentlichen.<\/p>\t\t\t\t\t\t\t\t<\/div>\n\t\t\t\t<\/div>\n\t\t\t\t\t<\/div>\n\t\t<\/div>\n\t\t\t\t\t<\/div>\n\t\t<\/section>\n\t\t\t\t<section class=\"elementor-section elementor-top-section elementor-element elementor-element-fe97912 elementor-section-boxed elementor-section-height-default elementor-section-height-default\" data-id=\"fe97912\" data-element_type=\"section\">\n\t\t\t\t\t\t<div class=\"elementor-container elementor-column-gap-default\">\n\t\t\t\t\t<div class=\"elementor-column elementor-col-100 elementor-top-column elementor-element elementor-element-8cb1223\" data-id=\"8cb1223\" data-element_type=\"column\">\n\t\t\t<div class=\"elementor-widget-wrap elementor-element-populated\">\n\t\t\t\t\t\t<section class=\"elementor-section elementor-inner-section elementor-element elementor-element-9071eae elementor-section-boxed elementor-section-height-default elementor-section-height-default\" data-id=\"9071eae\" data-element_type=\"section\">\n\t\t\t\t\t\t<div class=\"elementor-container elementor-column-gap-default\">\n\t\t\t\t\t<div class=\"elementor-column elementor-col-33 elementor-inner-column elementor-element elementor-element-b9c4138\" data-id=\"b9c4138\" data-element_type=\"column\">\n\t\t\t<div class=\"elementor-widget-wrap elementor-element-populated\">\n\t\t\t\t\t\t<div class=\"elementor-element elementor-element-a2350c4 elementor-position-top elementor-widget elementor-widget-image-box\" data-id=\"a2350c4\" data-element_type=\"widget\" data-widget_type=\"image-box.default\">\n\t\t\t\t<div class=\"elementor-widget-container\">\n\t\t\t\t\t<div class=\"elementor-image-box-wrapper\"><figure class=\"elementor-image-box-img\"><a href=\"https:\/\/atominium.com\/de\/karriere\/zone-fuer-uebersetzer-und-korrekturleser\/\" tabindex=\"-1\"><img decoding=\"async\" src=\"https:\/\/www.atominium.com\/de\/wp-content\/uploads\/elementor\/thumbs\/adult-woman-type-on-laptop-computer-and-smile-happ-8MZMENY-\u2014-kopia-min-p6z5hu8g29jfhc50brzw96rjntqf04p0txeat0l45g-pa3nfrbo6zwdysiyvqaknl9rlycj60bsumklpok3t0.jpg\" title=\"adult-woman-type-on-laptop-computer-and-smile-happ-8MZMENY-\u2014-kopia-min-p6z5hu8g29jfhc50brzw96rjntqf04p0txeat0l45g\" alt=\"adult-woman-type-on-laptop-computer-and-smile-happ-8MZMENY-\u2014-kopia-min-p6z5hu8g29jfhc50brzw96rjntqf04p0txeat0l45g\" loading=\"lazy\" \/><\/a><\/figure><div class=\"elementor-image-box-content\"><h3 class=\"elementor-image-box-title\"><a href=\"https:\/\/atominium.com\/de\/karriere\/zone-fuer-uebersetzer-und-korrekturleser\/\">Zone f\u00fcr \u00dcbersetzer und Korrekturleser<\/a><\/h3><\/div><\/div>\t\t\t\t<\/div>\n\t\t\t\t<\/div>\n\t\t\t\t\t<\/div>\n\t\t<\/div>\n\t\t\t\t<div class=\"elementor-column elementor-col-33 elementor-inner-column elementor-element elementor-element-a85a010\" data-id=\"a85a010\" data-element_type=\"column\">\n\t\t\t<div class=\"elementor-widget-wrap elementor-element-populated\">\n\t\t\t\t\t\t<div class=\"elementor-element elementor-element-9876f04 elementor-position-top elementor-widget elementor-widget-image-box\" data-id=\"9876f04\" data-element_type=\"widget\" data-widget_type=\"image-box.default\">\n\t\t\t\t<div class=\"elementor-widget-container\">\n\t\t\t\t\t<div class=\"elementor-image-box-wrapper\"><figure class=\"elementor-image-box-img\"><a href=\"https:\/\/atominium.com\/de\/karriere\/zone-fuer-studenten-und-absolventen\/\" tabindex=\"-1\"><img decoding=\"async\" src=\"https:\/\/www.atominium.com\/de\/wp-content\/uploads\/elementor\/thumbs\/at-the-job-interview-W8D3V6Q-\u2014-kopia-min-p6z5htalvfi55q6dh9l9op032fv1sflahsqtbqmibo-pa3ng1nwa6ajii3y7crgx0nu56xkioguk1qxzq4rwk.jpg\" title=\"at-the-job-interview-W8D3V6Q-\u2014-kopia-min-p6z5htalvfi55q6dh9l9op032fv1sflahsqtbqmibo\" alt=\"at-the-job-interview-W8D3V6Q-\u2014-kopia-min-p6z5htalvfi55q6dh9l9op032fv1sflahsqtbqmibo\" loading=\"lazy\" \/><\/a><\/figure><div class=\"elementor-image-box-content\"><h3 class=\"elementor-image-box-title\"><a href=\"https:\/\/atominium.com\/de\/karriere\/zone-fuer-studenten-und-absolventen\/\">Zone f\u00fcr Studenten und Absolventen<\/a><\/h3><\/div><\/div>\t\t\t\t<\/div>\n\t\t\t\t<\/div>\n\t\t\t\t\t<\/div>\n\t\t<\/div>\n\t\t\t\t<div class=\"elementor-column elementor-col-33 elementor-inner-column elementor-element elementor-element-10810f7\" data-id=\"10810f7\" data-element_type=\"column\">\n\t\t\t<div class=\"elementor-widget-wrap elementor-element-populated\">\n\t\t\t\t\t\t<div class=\"elementor-element elementor-element-dfc21e0 elementor-position-top elementor-widget elementor-widget-image-box\" data-id=\"dfc21e0\" data-element_type=\"widget\" data-widget_type=\"image-box.default\">\n\t\t\t\t<div class=\"elementor-widget-container\">\n\t\t\t\t\t<div class=\"elementor-image-box-wrapper\"><figure class=\"elementor-image-box-img\"><a href=\"https:\/\/atominium.com\/de\/karriere\/job-und-praktikumsmoeglichkeiten\/\" tabindex=\"-1\"><img decoding=\"async\" src=\"https:\/\/www.atominium.com\/de\/wp-content\/uploads\/elementor\/thumbs\/coworking-and-corporate-colleagues-working-in-offi-7DVHDZM-\u2014-kopia-min-p6z5hscrolguu47qmr6n478mh1zokqhk5o3bugnwhw-pa3ngcxyk6pzdtnkdhmzqxtd9tdz31pmllkrr1o1tw.jpg\" title=\"coworking-and-corporate-colleagues-working-in-offi-7DVHDZM-\u2014-kopia-min-p6z5hscrolguu47qmr6n478mh1zokqhk5o3bugnwhw\" alt=\"coworking-and-corporate-colleagues-working-in-offi-7DVHDZM-\u2014-kopia-min-p6z5hscrolguu47qmr6n478mh1zokqhk5o3bugnwhw\" loading=\"lazy\" \/><\/a><\/figure><div class=\"elementor-image-box-content\"><h3 class=\"elementor-image-box-title\"><a href=\"https:\/\/atominium.com\/de\/karriere\/job-und-praktikumsmoeglichkeiten\/\">Job- und Praktikumsm\u00f6glichkeiten <\/a><\/h3><\/div><\/div>\t\t\t\t<\/div>\n\t\t\t\t<\/div>\n\t\t\t\t\t<\/div>\n\t\t<\/div>\n\t\t\t\t\t<\/div>\n\t\t<\/section>\n\t\t\t\t\t<\/div>\n\t\t<\/div>\n\t\t\t\t\t<\/div>\n\t\t<\/section>\n\t\t\t\t<\/div>\n\t\t","protected":false},"excerpt":{"rendered":"<p>Wir sind ein ambitioniertes und junges Team mit einer Leidenschaft f\u00fcr \u00dcbersetzen. Bei Atominium finden Sie eine freundliche Atmosph\u00e4re, stabile Besch\u00e4ftigungsbedingungen, Entwicklungsm\u00f6glichkeiten und die Zusammenarbeit mit den besten Experten der Branche. Unser B\u00fcro befindet sich im Herzen Krakaus, der Hauptmarkt und der Planty-Park sind in 5 Minuten zu Fu\u00df zu erreichen. In der K\u00fcche finden [&hellip;]<\/p>\n","protected":false},"author":1,"featured_media":0,"parent":0,"menu_order":5,"comment_status":"closed","ping_status":"closed","template":"","meta":{"footnotes":""},"class_list":["post-69","page","type-page","status-publish","hentry"],"yoast_head":"<!-- This site is optimized with the Yoast SEO plugin v24.2 - https:\/\/yoast.com\/wordpress\/plugins\/seo\/ -->\n<title>Karriere - Fach\u00fcbersetzungsb\u00fcro - Krakau - Atominium<\/title>\n<meta name=\"robots\" content=\"index, follow, max-snippet:-1, max-image-preview:large, max-video-preview:-1\" \/>\n<link rel=\"canonical\" href=\"https:\/\/www.atominium.com\/de\/karriere\/\" \/>\n<meta property=\"og:locale\" content=\"de_DE\" \/>\n<meta property=\"og:type\" content=\"article\" \/>\n<meta property=\"og:title\" content=\"Karriere - Fach\u00fcbersetzungsb\u00fcro - Krakau - Atominium\" \/>\n<meta property=\"og:description\" content=\"Wir sind ein ambitioniertes und junges Team mit einer Leidenschaft f\u00fcr \u00dcbersetzen. Bei Atominium finden Sie eine freundliche Atmosph\u00e4re, stabile Besch\u00e4ftigungsbedingungen, Entwicklungsm\u00f6glichkeiten und die Zusammenarbeit mit den besten Experten der Branche. Unser B\u00fcro befindet sich im Herzen Krakaus, der Hauptmarkt und der Planty-Park sind in 5 Minuten zu Fu\u00df zu erreichen. In der K\u00fcche finden [&hellip;]\" \/>\n<meta property=\"og:url\" content=\"https:\/\/www.atominium.com\/de\/karriere\/\" \/>\n<meta property=\"og:site_name\" content=\"Fach\u00fcbersetzungsb\u00fcro - Krakau - Atominium\" \/>\n<meta property=\"article:modified_time\" content=\"2021-07-14T10:43:59+00:00\" \/>\n<meta name=\"twitter:card\" content=\"summary_large_image\" \/>\n<meta name=\"twitter:label1\" content=\"Gesch\u00e4tzte Lesezeit\" \/>\n\t<meta name=\"twitter:data1\" content=\"2\u00a0Minuten\" \/>\n<script type=\"application\/ld+json\" class=\"yoast-schema-graph\">{\"@context\":\"https:\/\/schema.org\",\"@graph\":[{\"@type\":\"WebPage\",\"@id\":\"https:\/\/www.atominium.com\/de\/karriere\/\",\"url\":\"https:\/\/www.atominium.com\/de\/karriere\/\",\"name\":\"Karriere - Fach\u00fcbersetzungsb\u00fcro - Krakau - Atominium\",\"isPartOf\":{\"@id\":\"https:\/\/www.atominium.com\/de\/#website\"},\"datePublished\":\"2021-02-23T12:28:50+00:00\",\"dateModified\":\"2021-07-14T10:43:59+00:00\",\"breadcrumb\":{\"@id\":\"https:\/\/www.atominium.com\/de\/karriere\/#breadcrumb\"},\"inLanguage\":\"de\",\"potentialAction\":[{\"@type\":\"ReadAction\",\"target\":[\"https:\/\/www.atominium.com\/de\/karriere\/\"]}]},{\"@type\":\"BreadcrumbList\",\"@id\":\"https:\/\/www.atominium.com\/de\/karriere\/#breadcrumb\",\"itemListElement\":[{\"@type\":\"ListItem\",\"position\":1,\"name\":\"Strona g\u0142\u00f3wna\",\"item\":\"https:\/\/www.atominium.com\/de\/\"},{\"@type\":\"ListItem\",\"position\":2,\"name\":\"Karriere\"}]},{\"@type\":\"WebSite\",\"@id\":\"https:\/\/www.atominium.com\/de\/#website\",\"url\":\"https:\/\/www.atominium.com\/de\/\",\"name\":\"Fach\u00fcbersetzungsb\u00fcro - Krakau - Atominium\",\"description\":\"Fach\u00fcbersetzungsb\u00fcro - Krakau - Atominium\",\"publisher\":{\"@id\":\"https:\/\/www.atominium.com\/de\/#organization\"},\"potentialAction\":[{\"@type\":\"SearchAction\",\"target\":{\"@type\":\"EntryPoint\",\"urlTemplate\":\"https:\/\/www.atominium.com\/de\/?s={search_term_string}\"},\"query-input\":{\"@type\":\"PropertyValueSpecification\",\"valueRequired\":true,\"valueName\":\"search_term_string\"}}],\"inLanguage\":\"de\"},{\"@type\":\"Organization\",\"@id\":\"https:\/\/www.atominium.com\/de\/#organization\",\"name\":\"Fach\u00fcbersetzungsb\u00fcro - Krakau - Atominium\",\"url\":\"https:\/\/www.atominium.com\/de\/\",\"logo\":{\"@type\":\"ImageObject\",\"inLanguage\":\"de\",\"@id\":\"https:\/\/www.atominium.com\/de\/#\/schema\/logo\/image\/\",\"url\":\"https:\/\/www.atominium.com\/de\/wp-content\/uploads\/2021\/02\/logo-atominium.png\",\"contentUrl\":\"https:\/\/www.atominium.com\/de\/wp-content\/uploads\/2021\/02\/logo-atominium.png\",\"width\":573,\"height\":90,\"caption\":\"Fach\u00fcbersetzungsb\u00fcro - Krakau - Atominium\"},\"image\":{\"@id\":\"https:\/\/www.atominium.com\/de\/#\/schema\/logo\/image\/\"}}]}<\/script>\n<!-- \/ Yoast SEO plugin. -->","yoast_head_json":{"title":"Karriere - Fach\u00fcbersetzungsb\u00fcro - Krakau - Atominium","robots":{"index":"index","follow":"follow","max-snippet":"max-snippet:-1","max-image-preview":"max-image-preview:large","max-video-preview":"max-video-preview:-1"},"canonical":"https:\/\/www.atominium.com\/de\/karriere\/","og_locale":"de_DE","og_type":"article","og_title":"Karriere - Fach\u00fcbersetzungsb\u00fcro - Krakau - Atominium","og_description":"Wir sind ein ambitioniertes und junges Team mit einer Leidenschaft f\u00fcr \u00dcbersetzen. Bei Atominium finden Sie eine freundliche Atmosph\u00e4re, stabile Besch\u00e4ftigungsbedingungen, Entwicklungsm\u00f6glichkeiten und die Zusammenarbeit mit den besten Experten der Branche. Unser B\u00fcro befindet sich im Herzen Krakaus, der Hauptmarkt und der Planty-Park sind in 5 Minuten zu Fu\u00df zu erreichen. In der K\u00fcche finden [&hellip;]","og_url":"https:\/\/www.atominium.com\/de\/karriere\/","og_site_name":"Fach\u00fcbersetzungsb\u00fcro - Krakau - Atominium","article_modified_time":"2021-07-14T10:43:59+00:00","twitter_card":"summary_large_image","twitter_misc":{"Gesch\u00e4tzte Lesezeit":"2\u00a0Minuten"},"schema":{"@context":"https:\/\/schema.org","@graph":[{"@type":"WebPage","@id":"https:\/\/www.atominium.com\/de\/karriere\/","url":"https:\/\/www.atominium.com\/de\/karriere\/","name":"Karriere - Fach\u00fcbersetzungsb\u00fcro - Krakau - Atominium","isPartOf":{"@id":"https:\/\/www.atominium.com\/de\/#website"},"datePublished":"2021-02-23T12:28:50+00:00","dateModified":"2021-07-14T10:43:59+00:00","breadcrumb":{"@id":"https:\/\/www.atominium.com\/de\/karriere\/#breadcrumb"},"inLanguage":"de","potentialAction":[{"@type":"ReadAction","target":["https:\/\/www.atominium.com\/de\/karriere\/"]}]},{"@type":"BreadcrumbList","@id":"https:\/\/www.atominium.com\/de\/karriere\/#breadcrumb","itemListElement":[{"@type":"ListItem","position":1,"name":"Strona g\u0142\u00f3wna","item":"https:\/\/www.atominium.com\/de\/"},{"@type":"ListItem","position":2,"name":"Karriere"}]},{"@type":"WebSite","@id":"https:\/\/www.atominium.com\/de\/#website","url":"https:\/\/www.atominium.com\/de\/","name":"Fach\u00fcbersetzungsb\u00fcro - Krakau - Atominium","description":"Fach\u00fcbersetzungsb\u00fcro - Krakau - Atominium","publisher":{"@id":"https:\/\/www.atominium.com\/de\/#organization"},"potentialAction":[{"@type":"SearchAction","target":{"@type":"EntryPoint","urlTemplate":"https:\/\/www.atominium.com\/de\/?s={search_term_string}"},"query-input":{"@type":"PropertyValueSpecification","valueRequired":true,"valueName":"search_term_string"}}],"inLanguage":"de"},{"@type":"Organization","@id":"https:\/\/www.atominium.com\/de\/#organization","name":"Fach\u00fcbersetzungsb\u00fcro - Krakau - Atominium","url":"https:\/\/www.atominium.com\/de\/","logo":{"@type":"ImageObject","inLanguage":"de","@id":"https:\/\/www.atominium.com\/de\/#\/schema\/logo\/image\/","url":"https:\/\/www.atominium.com\/de\/wp-content\/uploads\/2021\/02\/logo-atominium.png","contentUrl":"https:\/\/www.atominium.com\/de\/wp-content\/uploads\/2021\/02\/logo-atominium.png","width":573,"height":90,"caption":"Fach\u00fcbersetzungsb\u00fcro - Krakau - Atominium"},"image":{"@id":"https:\/\/www.atominium.com\/de\/#\/schema\/logo\/image\/"}}]}},"_links":{"self":[{"href":"https:\/\/www.atominium.com\/de\/wp-json\/wp\/v2\/pages\/69","targetHints":{"allow":["GET"]}}],"collection":[{"href":"https:\/\/www.atominium.com\/de\/wp-json\/wp\/v2\/pages"}],"about":[{"href":"https:\/\/www.atominium.com\/de\/wp-json\/wp\/v2\/types\/page"}],"author":[{"embeddable":true,"href":"https:\/\/www.atominium.com\/de\/wp-json\/wp\/v2\/users\/1"}],"replies":[{"embeddable":true,"href":"https:\/\/www.atominium.com\/de\/wp-json\/wp\/v2\/comments?post=69"}],"version-history":[{"count":63,"href":"https:\/\/www.atominium.com\/de\/wp-json\/wp\/v2\/pages\/69\/revisions"}],"predecessor-version":[{"id":3021,"href":"https:\/\/www.atominium.com\/de\/wp-json\/wp\/v2\/pages\/69\/revisions\/3021"}],"wp:attachment":[{"href":"https:\/\/www.atominium.com\/de\/wp-json\/wp\/v2\/media?parent=69"}],"curies":[{"name":"wp","href":"https:\/\/api.w.org\/{rel}","templated":true}]}}