{"id":270,"date":"2021-03-11T13:30:51","date_gmt":"2021-03-11T13:30:51","guid":{"rendered":"http:\/\/betade.atominium.com\/?page_id=270"},"modified":"2021-06-30T12:47:20","modified_gmt":"2021-06-30T12:47:20","slug":"chinesisch","status":"publish","type":"page","link":"https:\/\/www.atominium.com\/de\/sprachen\/chinesisch\/","title":{"rendered":"Chinesisch"},"content":{"rendered":"\t\t<div data-elementor-type=\"wp-page\" data-elementor-id=\"270\" class=\"elementor elementor-270\" data-elementor-post-type=\"page\">\n\t\t\t\t\t\t<section class=\"elementor-section elementor-top-section elementor-element elementor-element-c8c50cd elementor-section-boxed elementor-section-height-default elementor-section-height-default\" data-id=\"c8c50cd\" data-element_type=\"section\">\n\t\t\t\t\t\t<div class=\"elementor-container elementor-column-gap-default\">\n\t\t\t\t\t<div class=\"elementor-column elementor-col-100 elementor-top-column elementor-element elementor-element-663aeea7\" data-id=\"663aeea7\" data-element_type=\"column\">\n\t\t\t<div class=\"elementor-widget-wrap elementor-element-populated\">\n\t\t\t\t\t\t<div class=\"elementor-element elementor-element-27d8e616 elementor-widget elementor-widget-text-editor\" data-id=\"27d8e616\" data-element_type=\"widget\" data-widget_type=\"text-editor.default\">\n\t\t\t\t<div class=\"elementor-widget-container\">\n\t\t\t\t\t\t\t\t\t<p>Im allgemeinen Sprachgebrauch oft Mandarin genannt &#8211; wird in Ideogrammen geschrieben. Es wird in zwei gro\u00dfe Sprachgruppen unterteilt: die n\u00f6rdliche (z.B. Peking-Dialekt) und die s\u00fcdliche (z.B. Kantonesischer Dialekt). Die n\u00f6rdlichen und s\u00fcdlichen Dialekte unterscheiden sich stark voneinander. Die chinesische Standardsprache, die f\u00fcr Medien und Kommunikation in der VR China verwendet wird, basiert auf dem Pekinger Dialekt, w\u00e4hrend die Bewohner Hongkongs den kantonesischen Dialekt sprechen. Kantonesisches Chinesisch ist die Lingua Franca der chinesischen Diaspora in aller Welt. Die Sprache kann in vereinfachten Zeichen geschrieben werden, die haupts\u00e4chlich in der VR China und Singapur verwendet werden, oder in traditionellen Zeichen, die in Taiwan und Hongkong \u00fcblich sind. Chinesisch hat eine ziemlich vereinfachte Grammatik, keine Flexion, keine F\u00e4lle, keinen Singular oder Plural und kein maskulines oder feminines Geschlecht, extrem wenige Ausnahmen. Sie ist die Sprache mit der gr\u00f6\u00dften Anzahl an Muttersprachlern.<\/p>\t\t\t\t\t\t\t\t<\/div>\n\t\t\t\t<\/div>\n\t\t\t\t\t<\/div>\n\t\t<\/div>\n\t\t\t\t\t<\/div>\n\t\t<\/section>\n\t\t\t\t<\/div>\n\t\t","protected":false},"excerpt":{"rendered":"<p>Im allgemeinen Sprachgebrauch oft Mandarin genannt &#8211; wird in Ideogrammen geschrieben. Es wird in zwei gro\u00dfe Sprachgruppen unterteilt: die n\u00f6rdliche (z.B. Peking-Dialekt) und die s\u00fcdliche (z.B. Kantonesischer Dialekt). Die n\u00f6rdlichen und s\u00fcdlichen Dialekte unterscheiden sich stark voneinander. Die chinesische Standardsprache, die f\u00fcr Medien und Kommunikation in der VR China verwendet wird, basiert auf dem Pekinger [&hellip;]<\/p>\n","protected":false},"author":1,"featured_media":2036,"parent":141,"menu_order":1,"comment_status":"closed","ping_status":"closed","template":"","meta":{"footnotes":""},"class_list":["post-270","page","type-page","status-publish","has-post-thumbnail","hentry"],"yoast_head":"<!-- This site is optimized with the Yoast SEO plugin v24.2 - https:\/\/yoast.com\/wordpress\/plugins\/seo\/ -->\n<title>Chinesisch - Fach\u00fcbersetzungsb\u00fcro - Krakau - Atominium<\/title>\n<meta name=\"robots\" content=\"index, follow, max-snippet:-1, max-image-preview:large, max-video-preview:-1\" \/>\n<link rel=\"canonical\" href=\"https:\/\/www.atominium.com\/de\/sprachen\/chinesisch\/\" \/>\n<meta property=\"og:locale\" content=\"de_DE\" \/>\n<meta property=\"og:type\" content=\"article\" \/>\n<meta property=\"og:title\" content=\"Chinesisch - Fach\u00fcbersetzungsb\u00fcro - Krakau - Atominium\" \/>\n<meta property=\"og:description\" content=\"Im allgemeinen Sprachgebrauch oft Mandarin genannt &#8211; wird in Ideogrammen geschrieben. Es wird in zwei gro\u00dfe Sprachgruppen unterteilt: die n\u00f6rdliche (z.B. Peking-Dialekt) und die s\u00fcdliche (z.B. Kantonesischer Dialekt). Die n\u00f6rdlichen und s\u00fcdlichen Dialekte unterscheiden sich stark voneinander. Die chinesische Standardsprache, die f\u00fcr Medien und Kommunikation in der VR China verwendet wird, basiert auf dem Pekinger [&hellip;]\" \/>\n<meta property=\"og:url\" content=\"https:\/\/www.atominium.com\/de\/sprachen\/chinesisch\/\" \/>\n<meta property=\"og:site_name\" content=\"Fach\u00fcbersetzungsb\u00fcro - Krakau - Atominium\" \/>\n<meta property=\"article:modified_time\" content=\"2021-06-30T12:47:20+00:00\" \/>\n<meta property=\"og:image\" content=\"https:\/\/www.atominium.com\/de\/wp-content\/uploads\/2021\/05\/forbidden-city-PGHN7SL-min.jpg\" \/>\n\t<meta property=\"og:image:width\" content=\"500\" \/>\n\t<meta property=\"og:image:height\" content=\"500\" \/>\n\t<meta property=\"og:image:type\" content=\"image\/jpeg\" \/>\n<meta name=\"twitter:card\" content=\"summary_large_image\" \/>\n<meta name=\"twitter:label1\" content=\"Gesch\u00e4tzte Lesezeit\" \/>\n\t<meta name=\"twitter:data1\" content=\"1\u00a0Minute\" \/>\n<script type=\"application\/ld+json\" class=\"yoast-schema-graph\">{\"@context\":\"https:\/\/schema.org\",\"@graph\":[{\"@type\":\"WebPage\",\"@id\":\"https:\/\/www.atominium.com\/de\/sprachen\/chinesisch\/\",\"url\":\"https:\/\/www.atominium.com\/de\/sprachen\/chinesisch\/\",\"name\":\"Chinesisch - Fach\u00fcbersetzungsb\u00fcro - Krakau - Atominium\",\"isPartOf\":{\"@id\":\"https:\/\/www.atominium.com\/de\/#website\"},\"primaryImageOfPage\":{\"@id\":\"https:\/\/www.atominium.com\/de\/sprachen\/chinesisch\/#primaryimage\"},\"image\":{\"@id\":\"https:\/\/www.atominium.com\/de\/sprachen\/chinesisch\/#primaryimage\"},\"thumbnailUrl\":\"https:\/\/www.atominium.com\/de\/wp-content\/uploads\/2021\/05\/forbidden-city-PGHN7SL-min.jpg\",\"datePublished\":\"2021-03-11T13:30:51+00:00\",\"dateModified\":\"2021-06-30T12:47:20+00:00\",\"breadcrumb\":{\"@id\":\"https:\/\/www.atominium.com\/de\/sprachen\/chinesisch\/#breadcrumb\"},\"inLanguage\":\"de\",\"potentialAction\":[{\"@type\":\"ReadAction\",\"target\":[\"https:\/\/www.atominium.com\/de\/sprachen\/chinesisch\/\"]}]},{\"@type\":\"ImageObject\",\"inLanguage\":\"de\",\"@id\":\"https:\/\/www.atominium.com\/de\/sprachen\/chinesisch\/#primaryimage\",\"url\":\"https:\/\/www.atominium.com\/de\/wp-content\/uploads\/2021\/05\/forbidden-city-PGHN7SL-min.jpg\",\"contentUrl\":\"https:\/\/www.atominium.com\/de\/wp-content\/uploads\/2021\/05\/forbidden-city-PGHN7SL-min.jpg\",\"width\":500,\"height\":500},{\"@type\":\"BreadcrumbList\",\"@id\":\"https:\/\/www.atominium.com\/de\/sprachen\/chinesisch\/#breadcrumb\",\"itemListElement\":[{\"@type\":\"ListItem\",\"position\":1,\"name\":\"Strona g\u0142\u00f3wna\",\"item\":\"https:\/\/www.atominium.com\/de\/\"},{\"@type\":\"ListItem\",\"position\":2,\"name\":\"Sprachen\",\"item\":\"https:\/\/www.atominium.com\/de\/sprachen\/\"},{\"@type\":\"ListItem\",\"position\":3,\"name\":\"Chinesisch\"}]},{\"@type\":\"WebSite\",\"@id\":\"https:\/\/www.atominium.com\/de\/#website\",\"url\":\"https:\/\/www.atominium.com\/de\/\",\"name\":\"Fach\u00fcbersetzungsb\u00fcro - Krakau - Atominium\",\"description\":\"Fach\u00fcbersetzungsb\u00fcro - Krakau - Atominium\",\"publisher\":{\"@id\":\"https:\/\/www.atominium.com\/de\/#organization\"},\"potentialAction\":[{\"@type\":\"SearchAction\",\"target\":{\"@type\":\"EntryPoint\",\"urlTemplate\":\"https:\/\/www.atominium.com\/de\/?s={search_term_string}\"},\"query-input\":{\"@type\":\"PropertyValueSpecification\",\"valueRequired\":true,\"valueName\":\"search_term_string\"}}],\"inLanguage\":\"de\"},{\"@type\":\"Organization\",\"@id\":\"https:\/\/www.atominium.com\/de\/#organization\",\"name\":\"Fach\u00fcbersetzungsb\u00fcro - Krakau - Atominium\",\"url\":\"https:\/\/www.atominium.com\/de\/\",\"logo\":{\"@type\":\"ImageObject\",\"inLanguage\":\"de\",\"@id\":\"https:\/\/www.atominium.com\/de\/#\/schema\/logo\/image\/\",\"url\":\"https:\/\/www.atominium.com\/de\/wp-content\/uploads\/2021\/02\/logo-atominium.png\",\"contentUrl\":\"https:\/\/www.atominium.com\/de\/wp-content\/uploads\/2021\/02\/logo-atominium.png\",\"width\":573,\"height\":90,\"caption\":\"Fach\u00fcbersetzungsb\u00fcro - Krakau - Atominium\"},\"image\":{\"@id\":\"https:\/\/www.atominium.com\/de\/#\/schema\/logo\/image\/\"}}]}<\/script>\n<!-- \/ Yoast SEO plugin. -->","yoast_head_json":{"title":"Chinesisch - Fach\u00fcbersetzungsb\u00fcro - Krakau - Atominium","robots":{"index":"index","follow":"follow","max-snippet":"max-snippet:-1","max-image-preview":"max-image-preview:large","max-video-preview":"max-video-preview:-1"},"canonical":"https:\/\/www.atominium.com\/de\/sprachen\/chinesisch\/","og_locale":"de_DE","og_type":"article","og_title":"Chinesisch - Fach\u00fcbersetzungsb\u00fcro - Krakau - Atominium","og_description":"Im allgemeinen Sprachgebrauch oft Mandarin genannt &#8211; wird in Ideogrammen geschrieben. Es wird in zwei gro\u00dfe Sprachgruppen unterteilt: die n\u00f6rdliche (z.B. Peking-Dialekt) und die s\u00fcdliche (z.B. Kantonesischer Dialekt). Die n\u00f6rdlichen und s\u00fcdlichen Dialekte unterscheiden sich stark voneinander. Die chinesische Standardsprache, die f\u00fcr Medien und Kommunikation in der VR China verwendet wird, basiert auf dem Pekinger [&hellip;]","og_url":"https:\/\/www.atominium.com\/de\/sprachen\/chinesisch\/","og_site_name":"Fach\u00fcbersetzungsb\u00fcro - Krakau - Atominium","article_modified_time":"2021-06-30T12:47:20+00:00","og_image":[{"width":500,"height":500,"url":"https:\/\/www.atominium.com\/de\/wp-content\/uploads\/2021\/05\/forbidden-city-PGHN7SL-min.jpg","type":"image\/jpeg"}],"twitter_card":"summary_large_image","twitter_misc":{"Gesch\u00e4tzte Lesezeit":"1\u00a0Minute"},"schema":{"@context":"https:\/\/schema.org","@graph":[{"@type":"WebPage","@id":"https:\/\/www.atominium.com\/de\/sprachen\/chinesisch\/","url":"https:\/\/www.atominium.com\/de\/sprachen\/chinesisch\/","name":"Chinesisch - Fach\u00fcbersetzungsb\u00fcro - Krakau - Atominium","isPartOf":{"@id":"https:\/\/www.atominium.com\/de\/#website"},"primaryImageOfPage":{"@id":"https:\/\/www.atominium.com\/de\/sprachen\/chinesisch\/#primaryimage"},"image":{"@id":"https:\/\/www.atominium.com\/de\/sprachen\/chinesisch\/#primaryimage"},"thumbnailUrl":"https:\/\/www.atominium.com\/de\/wp-content\/uploads\/2021\/05\/forbidden-city-PGHN7SL-min.jpg","datePublished":"2021-03-11T13:30:51+00:00","dateModified":"2021-06-30T12:47:20+00:00","breadcrumb":{"@id":"https:\/\/www.atominium.com\/de\/sprachen\/chinesisch\/#breadcrumb"},"inLanguage":"de","potentialAction":[{"@type":"ReadAction","target":["https:\/\/www.atominium.com\/de\/sprachen\/chinesisch\/"]}]},{"@type":"ImageObject","inLanguage":"de","@id":"https:\/\/www.atominium.com\/de\/sprachen\/chinesisch\/#primaryimage","url":"https:\/\/www.atominium.com\/de\/wp-content\/uploads\/2021\/05\/forbidden-city-PGHN7SL-min.jpg","contentUrl":"https:\/\/www.atominium.com\/de\/wp-content\/uploads\/2021\/05\/forbidden-city-PGHN7SL-min.jpg","width":500,"height":500},{"@type":"BreadcrumbList","@id":"https:\/\/www.atominium.com\/de\/sprachen\/chinesisch\/#breadcrumb","itemListElement":[{"@type":"ListItem","position":1,"name":"Strona g\u0142\u00f3wna","item":"https:\/\/www.atominium.com\/de\/"},{"@type":"ListItem","position":2,"name":"Sprachen","item":"https:\/\/www.atominium.com\/de\/sprachen\/"},{"@type":"ListItem","position":3,"name":"Chinesisch"}]},{"@type":"WebSite","@id":"https:\/\/www.atominium.com\/de\/#website","url":"https:\/\/www.atominium.com\/de\/","name":"Fach\u00fcbersetzungsb\u00fcro - Krakau - Atominium","description":"Fach\u00fcbersetzungsb\u00fcro - Krakau - Atominium","publisher":{"@id":"https:\/\/www.atominium.com\/de\/#organization"},"potentialAction":[{"@type":"SearchAction","target":{"@type":"EntryPoint","urlTemplate":"https:\/\/www.atominium.com\/de\/?s={search_term_string}"},"query-input":{"@type":"PropertyValueSpecification","valueRequired":true,"valueName":"search_term_string"}}],"inLanguage":"de"},{"@type":"Organization","@id":"https:\/\/www.atominium.com\/de\/#organization","name":"Fach\u00fcbersetzungsb\u00fcro - Krakau - Atominium","url":"https:\/\/www.atominium.com\/de\/","logo":{"@type":"ImageObject","inLanguage":"de","@id":"https:\/\/www.atominium.com\/de\/#\/schema\/logo\/image\/","url":"https:\/\/www.atominium.com\/de\/wp-content\/uploads\/2021\/02\/logo-atominium.png","contentUrl":"https:\/\/www.atominium.com\/de\/wp-content\/uploads\/2021\/02\/logo-atominium.png","width":573,"height":90,"caption":"Fach\u00fcbersetzungsb\u00fcro - Krakau - Atominium"},"image":{"@id":"https:\/\/www.atominium.com\/de\/#\/schema\/logo\/image\/"}}]}},"_links":{"self":[{"href":"https:\/\/www.atominium.com\/de\/wp-json\/wp\/v2\/pages\/270","targetHints":{"allow":["GET"]}}],"collection":[{"href":"https:\/\/www.atominium.com\/de\/wp-json\/wp\/v2\/pages"}],"about":[{"href":"https:\/\/www.atominium.com\/de\/wp-json\/wp\/v2\/types\/page"}],"author":[{"embeddable":true,"href":"https:\/\/www.atominium.com\/de\/wp-json\/wp\/v2\/users\/1"}],"replies":[{"embeddable":true,"href":"https:\/\/www.atominium.com\/de\/wp-json\/wp\/v2\/comments?post=270"}],"version-history":[{"count":8,"href":"https:\/\/www.atominium.com\/de\/wp-json\/wp\/v2\/pages\/270\/revisions"}],"predecessor-version":[{"id":2817,"href":"https:\/\/www.atominium.com\/de\/wp-json\/wp\/v2\/pages\/270\/revisions\/2817"}],"up":[{"embeddable":true,"href":"https:\/\/www.atominium.com\/de\/wp-json\/wp\/v2\/pages\/141"}],"wp:featuredmedia":[{"embeddable":true,"href":"https:\/\/www.atominium.com\/de\/wp-json\/wp\/v2\/media\/2036"}],"wp:attachment":[{"href":"https:\/\/www.atominium.com\/de\/wp-json\/wp\/v2\/media?parent=270"}],"curies":[{"name":"wp","href":"https:\/\/api.w.org\/{rel}","templated":true}]}}