{"id":254,"date":"2021-03-11T13:24:42","date_gmt":"2021-03-11T13:24:42","guid":{"rendered":"http:\/\/betade.atominium.com\/?page_id=254"},"modified":"2021-07-01T11:03:42","modified_gmt":"2021-07-01T11:03:42","slug":"norwegisch","status":"publish","type":"page","link":"https:\/\/www.atominium.com\/de\/sprachen\/norwegisch\/","title":{"rendered":"Norwegisch"},"content":{"rendered":"\n<p>Norwegisch ist eine Sprache mit einer schwachen, vereinfachten Flexion, aber gleichzeitig einem aktiven Wortschatz, der auf Ableitungen und Komposita basiert. Es ist eine \u201eV2-Sprache\u201c, was bedeutet, dass das Verb in einem Indikativsatz immer in der logischen zweiten Position steht. Es gibt Varianten des Norwegischen wie bokm\u00e5l, das eine Buchsprache ist, und nynorsk, das &#8222;Neu-Norwegische&#8220;. Die norwegische Sprache ist extrem reich an einer gro\u00dfen Anzahl von Dialekten. Die genaue Zahl ist noch unbestimmt, aber man nimmt an, dass es etwa 400 sein k\u00f6nnten. Jeder einzelne Teil Norwegens hat seinen eigenen, einzigartigen Dialekt, weshalb es vorkommen kann, dass Menschen, die aus entfernten Kommunen (Verwaltungseinheit, entspricht der Woiwodschaft in Polen) stammen, Probleme mit der Verst\u00e4ndigung haben.<\/p>\n","protected":false},"excerpt":{"rendered":"<p>Norwegisch ist eine Sprache mit einer schwachen, vereinfachten Flexion, aber gleichzeitig einem aktiven Wortschatz, der auf Ableitungen und Komposita basiert. Es ist eine \u201eV2-Sprache\u201c, was bedeutet, dass das Verb in einem Indikativsatz immer in der logischen zweiten Position steht. Es gibt Varianten des Norwegischen wie bokm\u00e5l, das eine Buchsprache ist, und nynorsk, das &#8222;Neu-Norwegische&#8220;. Die [&hellip;]<\/p>\n","protected":false},"author":1,"featured_media":2047,"parent":141,"menu_order":3,"comment_status":"closed","ping_status":"closed","template":"","meta":{"footnotes":""},"class_list":["post-254","page","type-page","status-publish","has-post-thumbnail","hentry"],"yoast_head":"<!-- This site is optimized with the Yoast SEO plugin v24.2 - https:\/\/yoast.com\/wordpress\/plugins\/seo\/ -->\n<title>Norwegisch - Fach\u00fcbersetzungsb\u00fcro - Krakau - Atominium<\/title>\n<meta name=\"robots\" content=\"index, follow, max-snippet:-1, max-image-preview:large, max-video-preview:-1\" \/>\n<link rel=\"canonical\" href=\"https:\/\/www.atominium.com\/de\/sprachen\/norwegisch\/\" \/>\n<meta property=\"og:locale\" content=\"de_DE\" \/>\n<meta property=\"og:type\" content=\"article\" \/>\n<meta property=\"og:title\" content=\"Norwegisch - Fach\u00fcbersetzungsb\u00fcro - Krakau - Atominium\" \/>\n<meta property=\"og:description\" content=\"Norwegisch ist eine Sprache mit einer schwachen, vereinfachten Flexion, aber gleichzeitig einem aktiven Wortschatz, der auf Ableitungen und Komposita basiert. Es ist eine \u201eV2-Sprache\u201c, was bedeutet, dass das Verb in einem Indikativsatz immer in der logischen zweiten Position steht. Es gibt Varianten des Norwegischen wie bokm\u00e5l, das eine Buchsprache ist, und nynorsk, das &#8222;Neu-Norwegische&#8220;. Die [&hellip;]\" \/>\n<meta property=\"og:url\" content=\"https:\/\/www.atominium.com\/de\/sprachen\/norwegisch\/\" \/>\n<meta property=\"og:site_name\" content=\"Fach\u00fcbersetzungsb\u00fcro - Krakau - Atominium\" \/>\n<meta property=\"article:modified_time\" content=\"2021-07-01T11:03:42+00:00\" \/>\n<meta property=\"og:image\" content=\"https:\/\/www.atominium.com\/de\/wp-content\/uploads\/2021\/05\/norway-8LPLNKZ-min.jpg\" \/>\n\t<meta property=\"og:image:width\" content=\"500\" \/>\n\t<meta property=\"og:image:height\" content=\"500\" \/>\n\t<meta property=\"og:image:type\" content=\"image\/jpeg\" \/>\n<meta name=\"twitter:card\" content=\"summary_large_image\" \/>\n<meta name=\"twitter:label1\" content=\"Gesch\u00e4tzte Lesezeit\" \/>\n\t<meta name=\"twitter:data1\" content=\"1\u00a0Minute\" \/>\n<script type=\"application\/ld+json\" class=\"yoast-schema-graph\">{\"@context\":\"https:\/\/schema.org\",\"@graph\":[{\"@type\":\"WebPage\",\"@id\":\"https:\/\/www.atominium.com\/de\/sprachen\/norwegisch\/\",\"url\":\"https:\/\/www.atominium.com\/de\/sprachen\/norwegisch\/\",\"name\":\"Norwegisch - Fach\u00fcbersetzungsb\u00fcro - Krakau - Atominium\",\"isPartOf\":{\"@id\":\"https:\/\/www.atominium.com\/de\/#website\"},\"primaryImageOfPage\":{\"@id\":\"https:\/\/www.atominium.com\/de\/sprachen\/norwegisch\/#primaryimage\"},\"image\":{\"@id\":\"https:\/\/www.atominium.com\/de\/sprachen\/norwegisch\/#primaryimage\"},\"thumbnailUrl\":\"https:\/\/www.atominium.com\/de\/wp-content\/uploads\/2021\/05\/norway-8LPLNKZ-min.jpg\",\"datePublished\":\"2021-03-11T13:24:42+00:00\",\"dateModified\":\"2021-07-01T11:03:42+00:00\",\"breadcrumb\":{\"@id\":\"https:\/\/www.atominium.com\/de\/sprachen\/norwegisch\/#breadcrumb\"},\"inLanguage\":\"de\",\"potentialAction\":[{\"@type\":\"ReadAction\",\"target\":[\"https:\/\/www.atominium.com\/de\/sprachen\/norwegisch\/\"]}]},{\"@type\":\"ImageObject\",\"inLanguage\":\"de\",\"@id\":\"https:\/\/www.atominium.com\/de\/sprachen\/norwegisch\/#primaryimage\",\"url\":\"https:\/\/www.atominium.com\/de\/wp-content\/uploads\/2021\/05\/norway-8LPLNKZ-min.jpg\",\"contentUrl\":\"https:\/\/www.atominium.com\/de\/wp-content\/uploads\/2021\/05\/norway-8LPLNKZ-min.jpg\",\"width\":500,\"height\":500},{\"@type\":\"BreadcrumbList\",\"@id\":\"https:\/\/www.atominium.com\/de\/sprachen\/norwegisch\/#breadcrumb\",\"itemListElement\":[{\"@type\":\"ListItem\",\"position\":1,\"name\":\"Strona g\u0142\u00f3wna\",\"item\":\"https:\/\/www.atominium.com\/de\/\"},{\"@type\":\"ListItem\",\"position\":2,\"name\":\"Sprachen\",\"item\":\"https:\/\/www.atominium.com\/de\/sprachen\/\"},{\"@type\":\"ListItem\",\"position\":3,\"name\":\"Norwegisch\"}]},{\"@type\":\"WebSite\",\"@id\":\"https:\/\/www.atominium.com\/de\/#website\",\"url\":\"https:\/\/www.atominium.com\/de\/\",\"name\":\"Fach\u00fcbersetzungsb\u00fcro - Krakau - Atominium\",\"description\":\"Fach\u00fcbersetzungsb\u00fcro - Krakau - Atominium\",\"publisher\":{\"@id\":\"https:\/\/www.atominium.com\/de\/#organization\"},\"potentialAction\":[{\"@type\":\"SearchAction\",\"target\":{\"@type\":\"EntryPoint\",\"urlTemplate\":\"https:\/\/www.atominium.com\/de\/?s={search_term_string}\"},\"query-input\":{\"@type\":\"PropertyValueSpecification\",\"valueRequired\":true,\"valueName\":\"search_term_string\"}}],\"inLanguage\":\"de\"},{\"@type\":\"Organization\",\"@id\":\"https:\/\/www.atominium.com\/de\/#organization\",\"name\":\"Fach\u00fcbersetzungsb\u00fcro - Krakau - Atominium\",\"url\":\"https:\/\/www.atominium.com\/de\/\",\"logo\":{\"@type\":\"ImageObject\",\"inLanguage\":\"de\",\"@id\":\"https:\/\/www.atominium.com\/de\/#\/schema\/logo\/image\/\",\"url\":\"https:\/\/www.atominium.com\/de\/wp-content\/uploads\/2021\/02\/logo-atominium.png\",\"contentUrl\":\"https:\/\/www.atominium.com\/de\/wp-content\/uploads\/2021\/02\/logo-atominium.png\",\"width\":573,\"height\":90,\"caption\":\"Fach\u00fcbersetzungsb\u00fcro - Krakau - Atominium\"},\"image\":{\"@id\":\"https:\/\/www.atominium.com\/de\/#\/schema\/logo\/image\/\"}}]}<\/script>\n<!-- \/ Yoast SEO plugin. -->","yoast_head_json":{"title":"Norwegisch - Fach\u00fcbersetzungsb\u00fcro - Krakau - Atominium","robots":{"index":"index","follow":"follow","max-snippet":"max-snippet:-1","max-image-preview":"max-image-preview:large","max-video-preview":"max-video-preview:-1"},"canonical":"https:\/\/www.atominium.com\/de\/sprachen\/norwegisch\/","og_locale":"de_DE","og_type":"article","og_title":"Norwegisch - Fach\u00fcbersetzungsb\u00fcro - Krakau - Atominium","og_description":"Norwegisch ist eine Sprache mit einer schwachen, vereinfachten Flexion, aber gleichzeitig einem aktiven Wortschatz, der auf Ableitungen und Komposita basiert. Es ist eine \u201eV2-Sprache\u201c, was bedeutet, dass das Verb in einem Indikativsatz immer in der logischen zweiten Position steht. Es gibt Varianten des Norwegischen wie bokm\u00e5l, das eine Buchsprache ist, und nynorsk, das &#8222;Neu-Norwegische&#8220;. Die [&hellip;]","og_url":"https:\/\/www.atominium.com\/de\/sprachen\/norwegisch\/","og_site_name":"Fach\u00fcbersetzungsb\u00fcro - Krakau - Atominium","article_modified_time":"2021-07-01T11:03:42+00:00","og_image":[{"width":500,"height":500,"url":"https:\/\/www.atominium.com\/de\/wp-content\/uploads\/2021\/05\/norway-8LPLNKZ-min.jpg","type":"image\/jpeg"}],"twitter_card":"summary_large_image","twitter_misc":{"Gesch\u00e4tzte Lesezeit":"1\u00a0Minute"},"schema":{"@context":"https:\/\/schema.org","@graph":[{"@type":"WebPage","@id":"https:\/\/www.atominium.com\/de\/sprachen\/norwegisch\/","url":"https:\/\/www.atominium.com\/de\/sprachen\/norwegisch\/","name":"Norwegisch - Fach\u00fcbersetzungsb\u00fcro - Krakau - Atominium","isPartOf":{"@id":"https:\/\/www.atominium.com\/de\/#website"},"primaryImageOfPage":{"@id":"https:\/\/www.atominium.com\/de\/sprachen\/norwegisch\/#primaryimage"},"image":{"@id":"https:\/\/www.atominium.com\/de\/sprachen\/norwegisch\/#primaryimage"},"thumbnailUrl":"https:\/\/www.atominium.com\/de\/wp-content\/uploads\/2021\/05\/norway-8LPLNKZ-min.jpg","datePublished":"2021-03-11T13:24:42+00:00","dateModified":"2021-07-01T11:03:42+00:00","breadcrumb":{"@id":"https:\/\/www.atominium.com\/de\/sprachen\/norwegisch\/#breadcrumb"},"inLanguage":"de","potentialAction":[{"@type":"ReadAction","target":["https:\/\/www.atominium.com\/de\/sprachen\/norwegisch\/"]}]},{"@type":"ImageObject","inLanguage":"de","@id":"https:\/\/www.atominium.com\/de\/sprachen\/norwegisch\/#primaryimage","url":"https:\/\/www.atominium.com\/de\/wp-content\/uploads\/2021\/05\/norway-8LPLNKZ-min.jpg","contentUrl":"https:\/\/www.atominium.com\/de\/wp-content\/uploads\/2021\/05\/norway-8LPLNKZ-min.jpg","width":500,"height":500},{"@type":"BreadcrumbList","@id":"https:\/\/www.atominium.com\/de\/sprachen\/norwegisch\/#breadcrumb","itemListElement":[{"@type":"ListItem","position":1,"name":"Strona g\u0142\u00f3wna","item":"https:\/\/www.atominium.com\/de\/"},{"@type":"ListItem","position":2,"name":"Sprachen","item":"https:\/\/www.atominium.com\/de\/sprachen\/"},{"@type":"ListItem","position":3,"name":"Norwegisch"}]},{"@type":"WebSite","@id":"https:\/\/www.atominium.com\/de\/#website","url":"https:\/\/www.atominium.com\/de\/","name":"Fach\u00fcbersetzungsb\u00fcro - Krakau - Atominium","description":"Fach\u00fcbersetzungsb\u00fcro - Krakau - Atominium","publisher":{"@id":"https:\/\/www.atominium.com\/de\/#organization"},"potentialAction":[{"@type":"SearchAction","target":{"@type":"EntryPoint","urlTemplate":"https:\/\/www.atominium.com\/de\/?s={search_term_string}"},"query-input":{"@type":"PropertyValueSpecification","valueRequired":true,"valueName":"search_term_string"}}],"inLanguage":"de"},{"@type":"Organization","@id":"https:\/\/www.atominium.com\/de\/#organization","name":"Fach\u00fcbersetzungsb\u00fcro - Krakau - Atominium","url":"https:\/\/www.atominium.com\/de\/","logo":{"@type":"ImageObject","inLanguage":"de","@id":"https:\/\/www.atominium.com\/de\/#\/schema\/logo\/image\/","url":"https:\/\/www.atominium.com\/de\/wp-content\/uploads\/2021\/02\/logo-atominium.png","contentUrl":"https:\/\/www.atominium.com\/de\/wp-content\/uploads\/2021\/02\/logo-atominium.png","width":573,"height":90,"caption":"Fach\u00fcbersetzungsb\u00fcro - Krakau - Atominium"},"image":{"@id":"https:\/\/www.atominium.com\/de\/#\/schema\/logo\/image\/"}}]}},"_links":{"self":[{"href":"https:\/\/www.atominium.com\/de\/wp-json\/wp\/v2\/pages\/254","targetHints":{"allow":["GET"]}}],"collection":[{"href":"https:\/\/www.atominium.com\/de\/wp-json\/wp\/v2\/pages"}],"about":[{"href":"https:\/\/www.atominium.com\/de\/wp-json\/wp\/v2\/types\/page"}],"author":[{"embeddable":true,"href":"https:\/\/www.atominium.com\/de\/wp-json\/wp\/v2\/users\/1"}],"replies":[{"embeddable":true,"href":"https:\/\/www.atominium.com\/de\/wp-json\/wp\/v2\/comments?post=254"}],"version-history":[{"count":4,"href":"https:\/\/www.atominium.com\/de\/wp-json\/wp\/v2\/pages\/254\/revisions"}],"predecessor-version":[{"id":2877,"href":"https:\/\/www.atominium.com\/de\/wp-json\/wp\/v2\/pages\/254\/revisions\/2877"}],"up":[{"embeddable":true,"href":"https:\/\/www.atominium.com\/de\/wp-json\/wp\/v2\/pages\/141"}],"wp:featuredmedia":[{"embeddable":true,"href":"https:\/\/www.atominium.com\/de\/wp-json\/wp\/v2\/media\/2047"}],"wp:attachment":[{"href":"https:\/\/www.atominium.com\/de\/wp-json\/wp\/v2\/media?parent=254"}],"curies":[{"name":"wp","href":"https:\/\/api.w.org\/{rel}","templated":true}]}}