{"id":210,"date":"2021-03-11T12:08:33","date_gmt":"2021-03-11T12:08:33","guid":{"rendered":"http:\/\/betade.atominium.com\/?page_id=210"},"modified":"2021-07-01T11:08:40","modified_gmt":"2021-07-01T11:08:40","slug":"lettisch","status":"publish","type":"page","link":"https:\/\/www.atominium.com\/de\/sprachen\/lettisch\/","title":{"rendered":"Lettisch"},"content":{"rendered":"\n<p>Atominium Translation Services unterst\u00fctzt seine Kunden bei ihrem globalen Wachstum und ihrer Expansion auf ausl\u00e4ndischen M\u00e4rkten, indem wir Ihre speziellen \u00dcbersetzungs- und Lokalisierungsanforderungen in mehreren Sprachkombinationen unterst\u00fctzen und umsetzen. Wir verwalten mehrsprachige komplexe Projekte schnell und effizient. Die Zusammenarbeit mit unserer Agentur gew\u00e4hrleistet \u00dcbersetzungen ins Lettische, die von professionellen Linguisten mit langj\u00e4hriger Erfahrung angefertigt werden.<\/p>\n\n\n\n<p>Das Lettische wurde stark von germanischen, finno-ugrischen und slawischen Sprachen beeinflusst. Lettisch geh\u00f6rt zur Gruppe der baltischen Sprachen und ist neben Litauisch die zweite nicht ausgestorbene Sprache dieser Gruppe, die zur Amtssprache wurde. Lettisch hat drei Dialekte: Livl\u00e4ndisch, Mittellettisch und Latgale.<\/p>\n","protected":false},"excerpt":{"rendered":"<p>Atominium Translation Services unterst\u00fctzt seine Kunden bei ihrem globalen Wachstum und ihrer Expansion auf ausl\u00e4ndischen M\u00e4rkten, indem wir Ihre speziellen \u00dcbersetzungs- und Lokalisierungsanforderungen in mehreren Sprachkombinationen unterst\u00fctzen und umsetzen. Wir verwalten mehrsprachige komplexe Projekte schnell und effizient. Die Zusammenarbeit mit unserer Agentur gew\u00e4hrleistet \u00dcbersetzungen ins Lettische, die von professionellen Linguisten mit langj\u00e4hriger Erfahrung angefertigt werden. [&hellip;]<\/p>\n","protected":false},"author":1,"featured_media":2053,"parent":141,"menu_order":6,"comment_status":"closed","ping_status":"closed","template":"","meta":{"footnotes":""},"class_list":["post-210","page","type-page","status-publish","has-post-thumbnail","hentry"],"yoast_head":"<!-- This site is optimized with the Yoast SEO plugin v24.2 - https:\/\/yoast.com\/wordpress\/plugins\/seo\/ -->\n<title>Lettisch - Fach\u00fcbersetzungsb\u00fcro - Krakau - Atominium<\/title>\n<meta name=\"robots\" content=\"index, follow, max-snippet:-1, max-image-preview:large, max-video-preview:-1\" \/>\n<link rel=\"canonical\" href=\"https:\/\/www.atominium.com\/de\/sprachen\/lettisch\/\" \/>\n<meta property=\"og:locale\" content=\"de_DE\" \/>\n<meta property=\"og:type\" content=\"article\" \/>\n<meta property=\"og:title\" content=\"Lettisch - Fach\u00fcbersetzungsb\u00fcro - Krakau - Atominium\" \/>\n<meta property=\"og:description\" content=\"Atominium Translation Services unterst\u00fctzt seine Kunden bei ihrem globalen Wachstum und ihrer Expansion auf ausl\u00e4ndischen M\u00e4rkten, indem wir Ihre speziellen \u00dcbersetzungs- und Lokalisierungsanforderungen in mehreren Sprachkombinationen unterst\u00fctzen und umsetzen. Wir verwalten mehrsprachige komplexe Projekte schnell und effizient. Die Zusammenarbeit mit unserer Agentur gew\u00e4hrleistet \u00dcbersetzungen ins Lettische, die von professionellen Linguisten mit langj\u00e4hriger Erfahrung angefertigt werden. [&hellip;]\" \/>\n<meta property=\"og:url\" content=\"https:\/\/www.atominium.com\/de\/sprachen\/lettisch\/\" \/>\n<meta property=\"og:site_name\" content=\"Fach\u00fcbersetzungsb\u00fcro - Krakau - Atominium\" \/>\n<meta property=\"article:modified_time\" content=\"2021-07-01T11:08:40+00:00\" \/>\n<meta property=\"og:image\" content=\"https:\/\/www.atominium.com\/de\/wp-content\/uploads\/2021\/05\/riga-latvia-schwabe-house-and-house-of-the-blackhe-PFJXEAZ-min.jpg\" \/>\n\t<meta property=\"og:image:width\" content=\"500\" \/>\n\t<meta property=\"og:image:height\" content=\"500\" \/>\n\t<meta property=\"og:image:type\" content=\"image\/jpeg\" \/>\n<meta name=\"twitter:card\" content=\"summary_large_image\" \/>\n<meta name=\"twitter:label1\" content=\"Gesch\u00e4tzte Lesezeit\" \/>\n\t<meta name=\"twitter:data1\" content=\"1\u00a0Minute\" \/>\n<script type=\"application\/ld+json\" class=\"yoast-schema-graph\">{\"@context\":\"https:\/\/schema.org\",\"@graph\":[{\"@type\":\"WebPage\",\"@id\":\"https:\/\/www.atominium.com\/de\/sprachen\/lettisch\/\",\"url\":\"https:\/\/www.atominium.com\/de\/sprachen\/lettisch\/\",\"name\":\"Lettisch - Fach\u00fcbersetzungsb\u00fcro - Krakau - Atominium\",\"isPartOf\":{\"@id\":\"https:\/\/www.atominium.com\/de\/#website\"},\"primaryImageOfPage\":{\"@id\":\"https:\/\/www.atominium.com\/de\/sprachen\/lettisch\/#primaryimage\"},\"image\":{\"@id\":\"https:\/\/www.atominium.com\/de\/sprachen\/lettisch\/#primaryimage\"},\"thumbnailUrl\":\"https:\/\/www.atominium.com\/de\/wp-content\/uploads\/2021\/05\/riga-latvia-schwabe-house-and-house-of-the-blackhe-PFJXEAZ-min.jpg\",\"datePublished\":\"2021-03-11T12:08:33+00:00\",\"dateModified\":\"2021-07-01T11:08:40+00:00\",\"breadcrumb\":{\"@id\":\"https:\/\/www.atominium.com\/de\/sprachen\/lettisch\/#breadcrumb\"},\"inLanguage\":\"de\",\"potentialAction\":[{\"@type\":\"ReadAction\",\"target\":[\"https:\/\/www.atominium.com\/de\/sprachen\/lettisch\/\"]}]},{\"@type\":\"ImageObject\",\"inLanguage\":\"de\",\"@id\":\"https:\/\/www.atominium.com\/de\/sprachen\/lettisch\/#primaryimage\",\"url\":\"https:\/\/www.atominium.com\/de\/wp-content\/uploads\/2021\/05\/riga-latvia-schwabe-house-and-house-of-the-blackhe-PFJXEAZ-min.jpg\",\"contentUrl\":\"https:\/\/www.atominium.com\/de\/wp-content\/uploads\/2021\/05\/riga-latvia-schwabe-house-and-house-of-the-blackhe-PFJXEAZ-min.jpg\",\"width\":500,\"height\":500},{\"@type\":\"BreadcrumbList\",\"@id\":\"https:\/\/www.atominium.com\/de\/sprachen\/lettisch\/#breadcrumb\",\"itemListElement\":[{\"@type\":\"ListItem\",\"position\":1,\"name\":\"Strona g\u0142\u00f3wna\",\"item\":\"https:\/\/www.atominium.com\/de\/\"},{\"@type\":\"ListItem\",\"position\":2,\"name\":\"Sprachen\",\"item\":\"https:\/\/www.atominium.com\/de\/sprachen\/\"},{\"@type\":\"ListItem\",\"position\":3,\"name\":\"Lettisch\"}]},{\"@type\":\"WebSite\",\"@id\":\"https:\/\/www.atominium.com\/de\/#website\",\"url\":\"https:\/\/www.atominium.com\/de\/\",\"name\":\"Fach\u00fcbersetzungsb\u00fcro - Krakau - Atominium\",\"description\":\"Fach\u00fcbersetzungsb\u00fcro - Krakau - Atominium\",\"publisher\":{\"@id\":\"https:\/\/www.atominium.com\/de\/#organization\"},\"potentialAction\":[{\"@type\":\"SearchAction\",\"target\":{\"@type\":\"EntryPoint\",\"urlTemplate\":\"https:\/\/www.atominium.com\/de\/?s={search_term_string}\"},\"query-input\":{\"@type\":\"PropertyValueSpecification\",\"valueRequired\":true,\"valueName\":\"search_term_string\"}}],\"inLanguage\":\"de\"},{\"@type\":\"Organization\",\"@id\":\"https:\/\/www.atominium.com\/de\/#organization\",\"name\":\"Fach\u00fcbersetzungsb\u00fcro - Krakau - Atominium\",\"url\":\"https:\/\/www.atominium.com\/de\/\",\"logo\":{\"@type\":\"ImageObject\",\"inLanguage\":\"de\",\"@id\":\"https:\/\/www.atominium.com\/de\/#\/schema\/logo\/image\/\",\"url\":\"https:\/\/www.atominium.com\/de\/wp-content\/uploads\/2021\/02\/logo-atominium.png\",\"contentUrl\":\"https:\/\/www.atominium.com\/de\/wp-content\/uploads\/2021\/02\/logo-atominium.png\",\"width\":573,\"height\":90,\"caption\":\"Fach\u00fcbersetzungsb\u00fcro - Krakau - Atominium\"},\"image\":{\"@id\":\"https:\/\/www.atominium.com\/de\/#\/schema\/logo\/image\/\"}}]}<\/script>\n<!-- \/ Yoast SEO plugin. -->","yoast_head_json":{"title":"Lettisch - Fach\u00fcbersetzungsb\u00fcro - Krakau - Atominium","robots":{"index":"index","follow":"follow","max-snippet":"max-snippet:-1","max-image-preview":"max-image-preview:large","max-video-preview":"max-video-preview:-1"},"canonical":"https:\/\/www.atominium.com\/de\/sprachen\/lettisch\/","og_locale":"de_DE","og_type":"article","og_title":"Lettisch - Fach\u00fcbersetzungsb\u00fcro - Krakau - Atominium","og_description":"Atominium Translation Services unterst\u00fctzt seine Kunden bei ihrem globalen Wachstum und ihrer Expansion auf ausl\u00e4ndischen M\u00e4rkten, indem wir Ihre speziellen \u00dcbersetzungs- und Lokalisierungsanforderungen in mehreren Sprachkombinationen unterst\u00fctzen und umsetzen. Wir verwalten mehrsprachige komplexe Projekte schnell und effizient. Die Zusammenarbeit mit unserer Agentur gew\u00e4hrleistet \u00dcbersetzungen ins Lettische, die von professionellen Linguisten mit langj\u00e4hriger Erfahrung angefertigt werden. [&hellip;]","og_url":"https:\/\/www.atominium.com\/de\/sprachen\/lettisch\/","og_site_name":"Fach\u00fcbersetzungsb\u00fcro - Krakau - Atominium","article_modified_time":"2021-07-01T11:08:40+00:00","og_image":[{"width":500,"height":500,"url":"https:\/\/www.atominium.com\/de\/wp-content\/uploads\/2021\/05\/riga-latvia-schwabe-house-and-house-of-the-blackhe-PFJXEAZ-min.jpg","type":"image\/jpeg"}],"twitter_card":"summary_large_image","twitter_misc":{"Gesch\u00e4tzte Lesezeit":"1\u00a0Minute"},"schema":{"@context":"https:\/\/schema.org","@graph":[{"@type":"WebPage","@id":"https:\/\/www.atominium.com\/de\/sprachen\/lettisch\/","url":"https:\/\/www.atominium.com\/de\/sprachen\/lettisch\/","name":"Lettisch - Fach\u00fcbersetzungsb\u00fcro - Krakau - Atominium","isPartOf":{"@id":"https:\/\/www.atominium.com\/de\/#website"},"primaryImageOfPage":{"@id":"https:\/\/www.atominium.com\/de\/sprachen\/lettisch\/#primaryimage"},"image":{"@id":"https:\/\/www.atominium.com\/de\/sprachen\/lettisch\/#primaryimage"},"thumbnailUrl":"https:\/\/www.atominium.com\/de\/wp-content\/uploads\/2021\/05\/riga-latvia-schwabe-house-and-house-of-the-blackhe-PFJXEAZ-min.jpg","datePublished":"2021-03-11T12:08:33+00:00","dateModified":"2021-07-01T11:08:40+00:00","breadcrumb":{"@id":"https:\/\/www.atominium.com\/de\/sprachen\/lettisch\/#breadcrumb"},"inLanguage":"de","potentialAction":[{"@type":"ReadAction","target":["https:\/\/www.atominium.com\/de\/sprachen\/lettisch\/"]}]},{"@type":"ImageObject","inLanguage":"de","@id":"https:\/\/www.atominium.com\/de\/sprachen\/lettisch\/#primaryimage","url":"https:\/\/www.atominium.com\/de\/wp-content\/uploads\/2021\/05\/riga-latvia-schwabe-house-and-house-of-the-blackhe-PFJXEAZ-min.jpg","contentUrl":"https:\/\/www.atominium.com\/de\/wp-content\/uploads\/2021\/05\/riga-latvia-schwabe-house-and-house-of-the-blackhe-PFJXEAZ-min.jpg","width":500,"height":500},{"@type":"BreadcrumbList","@id":"https:\/\/www.atominium.com\/de\/sprachen\/lettisch\/#breadcrumb","itemListElement":[{"@type":"ListItem","position":1,"name":"Strona g\u0142\u00f3wna","item":"https:\/\/www.atominium.com\/de\/"},{"@type":"ListItem","position":2,"name":"Sprachen","item":"https:\/\/www.atominium.com\/de\/sprachen\/"},{"@type":"ListItem","position":3,"name":"Lettisch"}]},{"@type":"WebSite","@id":"https:\/\/www.atominium.com\/de\/#website","url":"https:\/\/www.atominium.com\/de\/","name":"Fach\u00fcbersetzungsb\u00fcro - Krakau - Atominium","description":"Fach\u00fcbersetzungsb\u00fcro - Krakau - Atominium","publisher":{"@id":"https:\/\/www.atominium.com\/de\/#organization"},"potentialAction":[{"@type":"SearchAction","target":{"@type":"EntryPoint","urlTemplate":"https:\/\/www.atominium.com\/de\/?s={search_term_string}"},"query-input":{"@type":"PropertyValueSpecification","valueRequired":true,"valueName":"search_term_string"}}],"inLanguage":"de"},{"@type":"Organization","@id":"https:\/\/www.atominium.com\/de\/#organization","name":"Fach\u00fcbersetzungsb\u00fcro - Krakau - Atominium","url":"https:\/\/www.atominium.com\/de\/","logo":{"@type":"ImageObject","inLanguage":"de","@id":"https:\/\/www.atominium.com\/de\/#\/schema\/logo\/image\/","url":"https:\/\/www.atominium.com\/de\/wp-content\/uploads\/2021\/02\/logo-atominium.png","contentUrl":"https:\/\/www.atominium.com\/de\/wp-content\/uploads\/2021\/02\/logo-atominium.png","width":573,"height":90,"caption":"Fach\u00fcbersetzungsb\u00fcro - Krakau - Atominium"},"image":{"@id":"https:\/\/www.atominium.com\/de\/#\/schema\/logo\/image\/"}}]}},"_links":{"self":[{"href":"https:\/\/www.atominium.com\/de\/wp-json\/wp\/v2\/pages\/210","targetHints":{"allow":["GET"]}}],"collection":[{"href":"https:\/\/www.atominium.com\/de\/wp-json\/wp\/v2\/pages"}],"about":[{"href":"https:\/\/www.atominium.com\/de\/wp-json\/wp\/v2\/types\/page"}],"author":[{"embeddable":true,"href":"https:\/\/www.atominium.com\/de\/wp-json\/wp\/v2\/users\/1"}],"replies":[{"embeddable":true,"href":"https:\/\/www.atominium.com\/de\/wp-json\/wp\/v2\/comments?post=210"}],"version-history":[{"count":5,"href":"https:\/\/www.atominium.com\/de\/wp-json\/wp\/v2\/pages\/210\/revisions"}],"predecessor-version":[{"id":2886,"href":"https:\/\/www.atominium.com\/de\/wp-json\/wp\/v2\/pages\/210\/revisions\/2886"}],"up":[{"embeddable":true,"href":"https:\/\/www.atominium.com\/de\/wp-json\/wp\/v2\/pages\/141"}],"wp:featuredmedia":[{"embeddable":true,"href":"https:\/\/www.atominium.com\/de\/wp-json\/wp\/v2\/media\/2053"}],"wp:attachment":[{"href":"https:\/\/www.atominium.com\/de\/wp-json\/wp\/v2\/media?parent=210"}],"curies":[{"name":"wp","href":"https:\/\/api.w.org\/{rel}","templated":true}]}}