{"id":204,"date":"2021-03-11T12:07:18","date_gmt":"2021-03-11T12:07:18","guid":{"rendered":"http:\/\/betade.atominium.com\/?page_id=204"},"modified":"2021-07-01T11:03:08","modified_gmt":"2021-07-01T11:03:08","slug":"estnisch","status":"publish","type":"page","link":"https:\/\/www.atominium.com\/de\/sprachen\/estnisch\/","title":{"rendered":"Estnisch"},"content":{"rendered":"\n<p>Atominium Translation Services unterst\u00fctzt seine Kunden bei ihrem globalen Wachstum und ihrer Expansion auf ausl\u00e4ndischen M\u00e4rkten, indem wir Ihre speziellen \u00dcbersetzungs- und Lokalisierungsanforderungen in mehreren Sprachkombinationen unterst\u00fctzen und umsetzen. Wir verwalten mehrsprachige komplexe Projekte schnell und effizient. Die Zusammenarbeit mit unserer Agentur gew\u00e4hrleistet \u00dcbersetzungen ins Estnische, die von professionellen Linguisten mit langj\u00e4hriger Erfahrung angefertigt werden.<\/p>\n\n\n\n<p>Substantive in Estnisch werden in 14 F\u00e4llen dekliniert. Eines der charakteristischeren Merkmale der Sprache ist das Vorkommen von kurzen, langen und \u00fcberlangen Phonemen. Es ist eng mit dem Finnischen verwandt, hat aber auch viele Einfl\u00fcsse aus dem Deutschen, Russischen, Lettischen und Schwedischen.<\/p>\n","protected":false},"excerpt":{"rendered":"<p>Atominium Translation Services unterst\u00fctzt seine Kunden bei ihrem globalen Wachstum und ihrer Expansion auf ausl\u00e4ndischen M\u00e4rkten, indem wir Ihre speziellen \u00dcbersetzungs- und Lokalisierungsanforderungen in mehreren Sprachkombinationen unterst\u00fctzen und umsetzen. Wir verwalten mehrsprachige komplexe Projekte schnell und effizient. Die Zusammenarbeit mit unserer Agentur gew\u00e4hrleistet \u00dcbersetzungen ins Estnische, die von professionellen Linguisten mit langj\u00e4hriger Erfahrung angefertigt werden. [&hellip;]<\/p>\n","protected":false},"author":1,"featured_media":2061,"parent":141,"menu_order":3,"comment_status":"closed","ping_status":"closed","template":"","meta":{"footnotes":""},"class_list":["post-204","page","type-page","status-publish","has-post-thumbnail","hentry"],"yoast_head":"<!-- This site is optimized with the Yoast SEO plugin v24.2 - https:\/\/yoast.com\/wordpress\/plugins\/seo\/ -->\n<title>Estnisch - Fach\u00fcbersetzungsb\u00fcro - Krakau - Atominium<\/title>\n<meta name=\"robots\" content=\"index, follow, max-snippet:-1, max-image-preview:large, max-video-preview:-1\" \/>\n<link rel=\"canonical\" href=\"https:\/\/www.atominium.com\/de\/sprachen\/estnisch\/\" \/>\n<meta property=\"og:locale\" content=\"de_DE\" \/>\n<meta property=\"og:type\" content=\"article\" \/>\n<meta property=\"og:title\" content=\"Estnisch - Fach\u00fcbersetzungsb\u00fcro - Krakau - Atominium\" \/>\n<meta property=\"og:description\" content=\"Atominium Translation Services unterst\u00fctzt seine Kunden bei ihrem globalen Wachstum und ihrer Expansion auf ausl\u00e4ndischen M\u00e4rkten, indem wir Ihre speziellen \u00dcbersetzungs- und Lokalisierungsanforderungen in mehreren Sprachkombinationen unterst\u00fctzen und umsetzen. Wir verwalten mehrsprachige komplexe Projekte schnell und effizient. Die Zusammenarbeit mit unserer Agentur gew\u00e4hrleistet \u00dcbersetzungen ins Estnische, die von professionellen Linguisten mit langj\u00e4hriger Erfahrung angefertigt werden. [&hellip;]\" \/>\n<meta property=\"og:url\" content=\"https:\/\/www.atominium.com\/de\/sprachen\/estnisch\/\" \/>\n<meta property=\"og:site_name\" content=\"Fach\u00fcbersetzungsb\u00fcro - Krakau - Atominium\" \/>\n<meta property=\"article:modified_time\" content=\"2021-07-01T11:03:08+00:00\" \/>\n<meta property=\"og:image\" content=\"https:\/\/www.atominium.com\/de\/wp-content\/uploads\/2021\/05\/tallinn-estonia-morning-view-of-alexander-nevsky-c-PZ9WVWV-min.jpg\" \/>\n\t<meta property=\"og:image:width\" content=\"500\" \/>\n\t<meta property=\"og:image:height\" content=\"500\" \/>\n\t<meta property=\"og:image:type\" content=\"image\/jpeg\" \/>\n<meta name=\"twitter:card\" content=\"summary_large_image\" \/>\n<meta name=\"twitter:label1\" content=\"Gesch\u00e4tzte Lesezeit\" \/>\n\t<meta name=\"twitter:data1\" content=\"1\u00a0Minute\" \/>\n<script type=\"application\/ld+json\" class=\"yoast-schema-graph\">{\"@context\":\"https:\/\/schema.org\",\"@graph\":[{\"@type\":\"WebPage\",\"@id\":\"https:\/\/www.atominium.com\/de\/sprachen\/estnisch\/\",\"url\":\"https:\/\/www.atominium.com\/de\/sprachen\/estnisch\/\",\"name\":\"Estnisch - Fach\u00fcbersetzungsb\u00fcro - Krakau - Atominium\",\"isPartOf\":{\"@id\":\"https:\/\/www.atominium.com\/de\/#website\"},\"primaryImageOfPage\":{\"@id\":\"https:\/\/www.atominium.com\/de\/sprachen\/estnisch\/#primaryimage\"},\"image\":{\"@id\":\"https:\/\/www.atominium.com\/de\/sprachen\/estnisch\/#primaryimage\"},\"thumbnailUrl\":\"https:\/\/www.atominium.com\/de\/wp-content\/uploads\/2021\/05\/tallinn-estonia-morning-view-of-alexander-nevsky-c-PZ9WVWV-min.jpg\",\"datePublished\":\"2021-03-11T12:07:18+00:00\",\"dateModified\":\"2021-07-01T11:03:08+00:00\",\"breadcrumb\":{\"@id\":\"https:\/\/www.atominium.com\/de\/sprachen\/estnisch\/#breadcrumb\"},\"inLanguage\":\"de\",\"potentialAction\":[{\"@type\":\"ReadAction\",\"target\":[\"https:\/\/www.atominium.com\/de\/sprachen\/estnisch\/\"]}]},{\"@type\":\"ImageObject\",\"inLanguage\":\"de\",\"@id\":\"https:\/\/www.atominium.com\/de\/sprachen\/estnisch\/#primaryimage\",\"url\":\"https:\/\/www.atominium.com\/de\/wp-content\/uploads\/2021\/05\/tallinn-estonia-morning-view-of-alexander-nevsky-c-PZ9WVWV-min.jpg\",\"contentUrl\":\"https:\/\/www.atominium.com\/de\/wp-content\/uploads\/2021\/05\/tallinn-estonia-morning-view-of-alexander-nevsky-c-PZ9WVWV-min.jpg\",\"width\":500,\"height\":500},{\"@type\":\"BreadcrumbList\",\"@id\":\"https:\/\/www.atominium.com\/de\/sprachen\/estnisch\/#breadcrumb\",\"itemListElement\":[{\"@type\":\"ListItem\",\"position\":1,\"name\":\"Strona g\u0142\u00f3wna\",\"item\":\"https:\/\/www.atominium.com\/de\/\"},{\"@type\":\"ListItem\",\"position\":2,\"name\":\"Sprachen\",\"item\":\"https:\/\/www.atominium.com\/de\/sprachen\/\"},{\"@type\":\"ListItem\",\"position\":3,\"name\":\"Estnisch\"}]},{\"@type\":\"WebSite\",\"@id\":\"https:\/\/www.atominium.com\/de\/#website\",\"url\":\"https:\/\/www.atominium.com\/de\/\",\"name\":\"Fach\u00fcbersetzungsb\u00fcro - Krakau - Atominium\",\"description\":\"Fach\u00fcbersetzungsb\u00fcro - Krakau - Atominium\",\"publisher\":{\"@id\":\"https:\/\/www.atominium.com\/de\/#organization\"},\"potentialAction\":[{\"@type\":\"SearchAction\",\"target\":{\"@type\":\"EntryPoint\",\"urlTemplate\":\"https:\/\/www.atominium.com\/de\/?s={search_term_string}\"},\"query-input\":{\"@type\":\"PropertyValueSpecification\",\"valueRequired\":true,\"valueName\":\"search_term_string\"}}],\"inLanguage\":\"de\"},{\"@type\":\"Organization\",\"@id\":\"https:\/\/www.atominium.com\/de\/#organization\",\"name\":\"Fach\u00fcbersetzungsb\u00fcro - Krakau - Atominium\",\"url\":\"https:\/\/www.atominium.com\/de\/\",\"logo\":{\"@type\":\"ImageObject\",\"inLanguage\":\"de\",\"@id\":\"https:\/\/www.atominium.com\/de\/#\/schema\/logo\/image\/\",\"url\":\"https:\/\/www.atominium.com\/de\/wp-content\/uploads\/2021\/02\/logo-atominium.png\",\"contentUrl\":\"https:\/\/www.atominium.com\/de\/wp-content\/uploads\/2021\/02\/logo-atominium.png\",\"width\":573,\"height\":90,\"caption\":\"Fach\u00fcbersetzungsb\u00fcro - Krakau - Atominium\"},\"image\":{\"@id\":\"https:\/\/www.atominium.com\/de\/#\/schema\/logo\/image\/\"}}]}<\/script>\n<!-- \/ Yoast SEO plugin. -->","yoast_head_json":{"title":"Estnisch - Fach\u00fcbersetzungsb\u00fcro - Krakau - Atominium","robots":{"index":"index","follow":"follow","max-snippet":"max-snippet:-1","max-image-preview":"max-image-preview:large","max-video-preview":"max-video-preview:-1"},"canonical":"https:\/\/www.atominium.com\/de\/sprachen\/estnisch\/","og_locale":"de_DE","og_type":"article","og_title":"Estnisch - Fach\u00fcbersetzungsb\u00fcro - Krakau - Atominium","og_description":"Atominium Translation Services unterst\u00fctzt seine Kunden bei ihrem globalen Wachstum und ihrer Expansion auf ausl\u00e4ndischen M\u00e4rkten, indem wir Ihre speziellen \u00dcbersetzungs- und Lokalisierungsanforderungen in mehreren Sprachkombinationen unterst\u00fctzen und umsetzen. Wir verwalten mehrsprachige komplexe Projekte schnell und effizient. Die Zusammenarbeit mit unserer Agentur gew\u00e4hrleistet \u00dcbersetzungen ins Estnische, die von professionellen Linguisten mit langj\u00e4hriger Erfahrung angefertigt werden. [&hellip;]","og_url":"https:\/\/www.atominium.com\/de\/sprachen\/estnisch\/","og_site_name":"Fach\u00fcbersetzungsb\u00fcro - Krakau - Atominium","article_modified_time":"2021-07-01T11:03:08+00:00","og_image":[{"width":500,"height":500,"url":"https:\/\/www.atominium.com\/de\/wp-content\/uploads\/2021\/05\/tallinn-estonia-morning-view-of-alexander-nevsky-c-PZ9WVWV-min.jpg","type":"image\/jpeg"}],"twitter_card":"summary_large_image","twitter_misc":{"Gesch\u00e4tzte Lesezeit":"1\u00a0Minute"},"schema":{"@context":"https:\/\/schema.org","@graph":[{"@type":"WebPage","@id":"https:\/\/www.atominium.com\/de\/sprachen\/estnisch\/","url":"https:\/\/www.atominium.com\/de\/sprachen\/estnisch\/","name":"Estnisch - Fach\u00fcbersetzungsb\u00fcro - Krakau - Atominium","isPartOf":{"@id":"https:\/\/www.atominium.com\/de\/#website"},"primaryImageOfPage":{"@id":"https:\/\/www.atominium.com\/de\/sprachen\/estnisch\/#primaryimage"},"image":{"@id":"https:\/\/www.atominium.com\/de\/sprachen\/estnisch\/#primaryimage"},"thumbnailUrl":"https:\/\/www.atominium.com\/de\/wp-content\/uploads\/2021\/05\/tallinn-estonia-morning-view-of-alexander-nevsky-c-PZ9WVWV-min.jpg","datePublished":"2021-03-11T12:07:18+00:00","dateModified":"2021-07-01T11:03:08+00:00","breadcrumb":{"@id":"https:\/\/www.atominium.com\/de\/sprachen\/estnisch\/#breadcrumb"},"inLanguage":"de","potentialAction":[{"@type":"ReadAction","target":["https:\/\/www.atominium.com\/de\/sprachen\/estnisch\/"]}]},{"@type":"ImageObject","inLanguage":"de","@id":"https:\/\/www.atominium.com\/de\/sprachen\/estnisch\/#primaryimage","url":"https:\/\/www.atominium.com\/de\/wp-content\/uploads\/2021\/05\/tallinn-estonia-morning-view-of-alexander-nevsky-c-PZ9WVWV-min.jpg","contentUrl":"https:\/\/www.atominium.com\/de\/wp-content\/uploads\/2021\/05\/tallinn-estonia-morning-view-of-alexander-nevsky-c-PZ9WVWV-min.jpg","width":500,"height":500},{"@type":"BreadcrumbList","@id":"https:\/\/www.atominium.com\/de\/sprachen\/estnisch\/#breadcrumb","itemListElement":[{"@type":"ListItem","position":1,"name":"Strona g\u0142\u00f3wna","item":"https:\/\/www.atominium.com\/de\/"},{"@type":"ListItem","position":2,"name":"Sprachen","item":"https:\/\/www.atominium.com\/de\/sprachen\/"},{"@type":"ListItem","position":3,"name":"Estnisch"}]},{"@type":"WebSite","@id":"https:\/\/www.atominium.com\/de\/#website","url":"https:\/\/www.atominium.com\/de\/","name":"Fach\u00fcbersetzungsb\u00fcro - Krakau - Atominium","description":"Fach\u00fcbersetzungsb\u00fcro - Krakau - Atominium","publisher":{"@id":"https:\/\/www.atominium.com\/de\/#organization"},"potentialAction":[{"@type":"SearchAction","target":{"@type":"EntryPoint","urlTemplate":"https:\/\/www.atominium.com\/de\/?s={search_term_string}"},"query-input":{"@type":"PropertyValueSpecification","valueRequired":true,"valueName":"search_term_string"}}],"inLanguage":"de"},{"@type":"Organization","@id":"https:\/\/www.atominium.com\/de\/#organization","name":"Fach\u00fcbersetzungsb\u00fcro - Krakau - Atominium","url":"https:\/\/www.atominium.com\/de\/","logo":{"@type":"ImageObject","inLanguage":"de","@id":"https:\/\/www.atominium.com\/de\/#\/schema\/logo\/image\/","url":"https:\/\/www.atominium.com\/de\/wp-content\/uploads\/2021\/02\/logo-atominium.png","contentUrl":"https:\/\/www.atominium.com\/de\/wp-content\/uploads\/2021\/02\/logo-atominium.png","width":573,"height":90,"caption":"Fach\u00fcbersetzungsb\u00fcro - Krakau - Atominium"},"image":{"@id":"https:\/\/www.atominium.com\/de\/#\/schema\/logo\/image\/"}}]}},"_links":{"self":[{"href":"https:\/\/www.atominium.com\/de\/wp-json\/wp\/v2\/pages\/204","targetHints":{"allow":["GET"]}}],"collection":[{"href":"https:\/\/www.atominium.com\/de\/wp-json\/wp\/v2\/pages"}],"about":[{"href":"https:\/\/www.atominium.com\/de\/wp-json\/wp\/v2\/types\/page"}],"author":[{"embeddable":true,"href":"https:\/\/www.atominium.com\/de\/wp-json\/wp\/v2\/users\/1"}],"replies":[{"embeddable":true,"href":"https:\/\/www.atominium.com\/de\/wp-json\/wp\/v2\/comments?post=204"}],"version-history":[{"count":5,"href":"https:\/\/www.atominium.com\/de\/wp-json\/wp\/v2\/pages\/204\/revisions"}],"predecessor-version":[{"id":2876,"href":"https:\/\/www.atominium.com\/de\/wp-json\/wp\/v2\/pages\/204\/revisions\/2876"}],"up":[{"embeddable":true,"href":"https:\/\/www.atominium.com\/de\/wp-json\/wp\/v2\/pages\/141"}],"wp:featuredmedia":[{"embeddable":true,"href":"https:\/\/www.atominium.com\/de\/wp-json\/wp\/v2\/media\/2061"}],"wp:attachment":[{"href":"https:\/\/www.atominium.com\/de\/wp-json\/wp\/v2\/media?parent=204"}],"curies":[{"name":"wp","href":"https:\/\/api.w.org\/{rel}","templated":true}]}}