{"id":161,"date":"2021-03-11T11:55:26","date_gmt":"2021-03-11T11:55:26","guid":{"rendered":"http:\/\/betade.atominium.com\/?page_id=161"},"modified":"2021-07-14T11:57:40","modified_gmt":"2021-07-14T11:57:40","slug":"lokalisierung","status":"publish","type":"page","link":"https:\/\/www.atominium.com\/de\/dienstleistungen\/lokalisierung\/","title":{"rendered":"Lokalisierung"},"content":{"rendered":"\t\t<div data-elementor-type=\"wp-page\" data-elementor-id=\"161\" class=\"elementor elementor-161\" data-elementor-post-type=\"page\">\n\t\t\t\t\t\t<section class=\"elementor-section elementor-top-section elementor-element elementor-element-a7f1291 elementor-section-boxed elementor-section-height-default elementor-section-height-default\" data-id=\"a7f1291\" data-element_type=\"section\">\n\t\t\t\t\t\t<div class=\"elementor-container elementor-column-gap-default\">\n\t\t\t\t\t<div class=\"elementor-column elementor-col-100 elementor-top-column elementor-element elementor-element-d88aaad\" data-id=\"d88aaad\" data-element_type=\"column\">\n\t\t\t<div class=\"elementor-widget-wrap elementor-element-populated\">\n\t\t\t\t\t\t<div class=\"elementor-element elementor-element-51ec1bf elementor-widget elementor-widget-text-editor\" data-id=\"51ec1bf\" data-element_type=\"widget\" data-widget_type=\"text-editor.default\">\n\t\t\t\t<div class=\"elementor-widget-container\">\n\t\t\t\t\t\t\t\t\t<h4>Die Kunst des guten \u00dcbersetzens beruht auf der F\u00e4higkeit, \u00fcber die Worte hinauszuschauen.<\/h4><p>Die Lokalisierung ist ein zunehmend \u00fcbliches Verfahren in der Branche, da sie es erm\u00f6glicht, ein bestimmtes Dokument (sowohl Text als auch Grafiken) an den Empf\u00e4nger und die f\u00fcr ihn geeignete Sprache anzupassen. Dieser Prozess erm\u00f6glicht im Gegensatz zur \u00dcbersetzung \u00c4nderungen im Text des Quelldokuments, wie z. B. die Anpassung des Datumsformats, der Uhrzeit oder der W\u00e4hrung. Mit uns k\u00f6nnen Sie Lokalisierungsdienstleistungen erfolgreich umsetzen f\u00fcr:<\/p>\t\t\t\t\t\t\t\t<\/div>\n\t\t\t\t<\/div>\n\t\t\t\t<section class=\"elementor-section elementor-inner-section elementor-element elementor-element-3e9b9c6 elementor-section-boxed elementor-section-height-default elementor-section-height-default\" data-id=\"3e9b9c6\" data-element_type=\"section\">\n\t\t\t\t\t\t<div class=\"elementor-container elementor-column-gap-no\">\n\t\t\t\t\t<div class=\"elementor-column elementor-col-50 elementor-inner-column elementor-element elementor-element-410f83b\" data-id=\"410f83b\" data-element_type=\"column\">\n\t\t\t<div class=\"elementor-widget-wrap elementor-element-populated\">\n\t\t\t\t\t\t<div class=\"elementor-element elementor-element-69071d6c elementor-icon-list--layout-traditional elementor-list-item-link-full_width elementor-widget elementor-widget-icon-list\" data-id=\"69071d6c\" data-element_type=\"widget\" data-widget_type=\"icon-list.default\">\n\t\t\t\t<div class=\"elementor-widget-container\">\n\t\t\t\t\t\t\t<ul class=\"elementor-icon-list-items\">\n\t\t\t\t\t\t\t<li class=\"elementor-icon-list-item\">\n\t\t\t\t\t\t\t\t\t\t\t<span class=\"elementor-icon-list-icon\">\n\t\t\t\t\t\t\t<i aria-hidden=\"true\" class=\"fas fa-circle\"><\/i>\t\t\t\t\t\t<\/span>\n\t\t\t\t\t\t\t\t\t\t<span class=\"elementor-icon-list-text\">Software, <\/span>\n\t\t\t\t\t\t\t\t\t<\/li>\n\t\t\t\t\t\t\t\t<li class=\"elementor-icon-list-item\">\n\t\t\t\t\t\t\t\t\t\t\t<span class=\"elementor-icon-list-icon\">\n\t\t\t\t\t\t\t<i aria-hidden=\"true\" class=\"fas fa-circle\"><\/i>\t\t\t\t\t\t<\/span>\n\t\t\t\t\t\t\t\t\t\t<span class=\"elementor-icon-list-text\">Anwendungen,<\/span>\n\t\t\t\t\t\t\t\t\t<\/li>\n\t\t\t\t\t\t\t\t<li class=\"elementor-icon-list-item\">\n\t\t\t\t\t\t\t\t\t\t\t<span class=\"elementor-icon-list-icon\">\n\t\t\t\t\t\t\t<i aria-hidden=\"true\" class=\"fas fa-circle\"><\/i>\t\t\t\t\t\t<\/span>\n\t\t\t\t\t\t\t\t\t\t<span class=\"elementor-icon-list-text\">ERP\/CRM-Systeme, <\/span>\n\t\t\t\t\t\t\t\t\t<\/li>\n\t\t\t\t\t\t\t\t<li class=\"elementor-icon-list-item\">\n\t\t\t\t\t\t\t\t\t\t\t<span class=\"elementor-icon-list-icon\">\n\t\t\t\t\t\t\t<i aria-hidden=\"true\" class=\"fas fa-circle\"><\/i>\t\t\t\t\t\t<\/span>\n\t\t\t\t\t\t\t\t\t\t<span class=\"elementor-icon-list-text\">Online-Hilfe, <\/span>\n\t\t\t\t\t\t\t\t\t<\/li>\n\t\t\t\t\t\t\t\t<li class=\"elementor-icon-list-item\">\n\t\t\t\t\t\t\t\t\t\t\t<span class=\"elementor-icon-list-icon\">\n\t\t\t\t\t\t\t<i aria-hidden=\"true\" class=\"fas fa-circle\"><\/i>\t\t\t\t\t\t<\/span>\n\t\t\t\t\t\t\t\t\t\t<span class=\"elementor-icon-list-text\">Dokumentation f\u00fcr Anwender, <\/span>\n\t\t\t\t\t\t\t\t\t<\/li>\n\t\t\t\t\t\t\t\t<li class=\"elementor-icon-list-item\">\n\t\t\t\t\t\t\t\t\t\t\t<span class=\"elementor-icon-list-icon\">\n\t\t\t\t\t\t\t<i aria-hidden=\"true\" class=\"fas fa-circle\"><\/i>\t\t\t\t\t\t<\/span>\n\t\t\t\t\t\t\t\t\t\t<span class=\"elementor-icon-list-text\">Webseiten, <\/span>\n\t\t\t\t\t\t\t\t\t<\/li>\n\t\t\t\t\t\t\t\t<li class=\"elementor-icon-list-item\">\n\t\t\t\t\t\t\t\t\t\t\t<span class=\"elementor-icon-list-icon\">\n\t\t\t\t\t\t\t<i aria-hidden=\"true\" class=\"fas fa-circle\"><\/i>\t\t\t\t\t\t<\/span>\n\t\t\t\t\t\t\t\t\t\t<span class=\"elementor-icon-list-text\">Computerspiele, Multimedia-Materialien,<\/span>\n\t\t\t\t\t\t\t\t\t<\/li>\n\t\t\t\t\t\t<\/ul>\n\t\t\t\t\t\t<\/div>\n\t\t\t\t<\/div>\n\t\t\t\t<div class=\"elementor-element elementor-element-d78c950 elementor-widget elementor-widget-text-editor\" data-id=\"d78c950\" data-element_type=\"widget\" data-widget_type=\"text-editor.default\">\n\t\t\t\t<div class=\"elementor-widget-container\">\n\t\t\t\t\t\t\t\t\t<h3><span style=\"color: inherit; font-family: inherit; font-size: 1.75rem; font-weight: var( --e-global-typography-text-font-weight );\">Lokalisierung von Websites<\/span><\/h3><p>Das \u00dcbersetzen einer Website ist mehr als nur die w\u00f6rtliche \u00dcbersetzung eines Textes. Die Inhalte, die sich auf den Unterseiten einer bestimmten Website befinden, werden an eine bestimmte Umgebung angepasst, damit sie f\u00fcr den Empf\u00e4nger so \u00fcbersichtlich wie m\u00f6glich sind.\u00a0<\/p>\t\t\t\t\t\t\t\t<\/div>\n\t\t\t\t<\/div>\n\t\t\t\t\t<\/div>\n\t\t<\/div>\n\t\t\t\t<div class=\"elementor-column elementor-col-50 elementor-inner-column elementor-element elementor-element-e0c30d3\" data-id=\"e0c30d3\" data-element_type=\"column\">\n\t\t\t<div class=\"elementor-widget-wrap elementor-element-populated\">\n\t\t\t\t\t\t<div class=\"elementor-element elementor-element-5c5c9c2a elementor-widget elementor-widget-image\" data-id=\"5c5c9c2a\" data-element_type=\"widget\" data-widget_type=\"image.default\">\n\t\t\t\t<div class=\"elementor-widget-container\">\n\t\t\t\t\t\t\t\t\t\t\t\t\t\t\t<img decoding=\"async\" src=\"https:\/\/www.atominium.com\/de\/wp-content\/uploads\/elementor\/thumbs\/lokalizacja11-p7s84zxcyifvnzghjl03koiozghmi5dk9xheo9ip3c.png\" title=\"lokalizacja11\" alt=\"lokalizacja11\" loading=\"lazy\" \/>\t\t\t\t\t\t\t\t\t\t\t\t\t\t\t<\/div>\n\t\t\t\t<\/div>\n\t\t\t\t\t<\/div>\n\t\t<\/div>\n\t\t\t\t\t<\/div>\n\t\t<\/section>\n\t\t\t\t<div class=\"elementor-element elementor-element-a3e7896 elementor-widget elementor-widget-text-editor\" data-id=\"a3e7896\" data-element_type=\"widget\" data-widget_type=\"text-editor.default\">\n\t\t\t\t<div class=\"elementor-widget-container\">\n\t\t\t\t\t\t\t\t\t<p>Neben der \u00dcbersetzung werden auch Elemente wie Grafiken, Gewichts- und Ma\u00dfeinheiten sowie W\u00e4hrungen ber\u00fccksichtigt. Zus\u00e4tzlich muss die Technologie, in der die Seite aufgebaut ist, angegeben werden.<\/p><p>\u00a0<\/p><h3>Lokalisierung von Software<\/h3><p>Zu \u00fcbersetzen sind Hilfstexte, Interface, Men\u00fcelemente und Grafiken. Die Bandbreite der zu lokalisierenden Produkte ist sehr gro\u00df und reicht von Banksystemen \u00fcber medizinische Ger\u00e4te bis hin zu Computerspielen. An dieser Arbeit ist in der Regel ein Team von \u00dcbersetzern, Korrekturlesern, Programmierern und Ingenieuren beteiligt.<\/p><p>\u00a0<\/p><h3>Lokalisierung von Anwendungen<\/h3><p>Sie besteht in der Anpassung von Anwendungen an die Bed\u00fcrfnisse der Benutzer in einem bestimmten Land, wir sprechen hier von der gesamten Oberfl\u00e4che, dem grafischen Design und der unterst\u00fctzenden Dokumentation mit Symbolen oder einzigartigen Gesten. Anhand dieser Vorgehensweise werden Kommunikationsbarrieren durchbrochen, was die Erfolgschancen auf ausl\u00e4ndischen M\u00e4rkten deutlich erh\u00f6ht.<\/p>\t\t\t\t\t\t\t\t<\/div>\n\t\t\t\t<\/div>\n\t\t\t\t\t<\/div>\n\t\t<\/div>\n\t\t\t\t\t<\/div>\n\t\t<\/section>\n\t\t\t\t<\/div>\n\t\t","protected":false},"excerpt":{"rendered":"<p>Die Kunst des guten \u00dcbersetzens beruht auf der F\u00e4higkeit, \u00fcber die Worte hinauszuschauen. Die Lokalisierung ist ein zunehmend \u00fcbliches Verfahren in der Branche, da sie es erm\u00f6glicht, ein bestimmtes Dokument (sowohl Text als auch Grafiken) an den Empf\u00e4nger und die f\u00fcr ihn geeignete Sprache anzupassen. Dieser Prozess erm\u00f6glicht im Gegensatz zur \u00dcbersetzung \u00c4nderungen im Text [&hellip;]<\/p>\n","protected":false},"author":1,"featured_media":0,"parent":63,"menu_order":1,"comment_status":"closed","ping_status":"closed","template":"","meta":{"footnotes":""},"class_list":["post-161","page","type-page","status-publish","hentry"],"yoast_head":"<!-- This site is optimized with the Yoast SEO plugin v24.2 - https:\/\/yoast.com\/wordpress\/plugins\/seo\/ -->\n<title>Lokalisierung - Fach\u00fcbersetzungsb\u00fcro - Krakau - Atominium<\/title>\n<meta name=\"robots\" content=\"index, follow, max-snippet:-1, max-image-preview:large, max-video-preview:-1\" \/>\n<link rel=\"canonical\" href=\"https:\/\/www.atominium.com\/de\/dienstleistungen\/lokalisierung\/\" \/>\n<meta property=\"og:locale\" content=\"de_DE\" \/>\n<meta property=\"og:type\" content=\"article\" \/>\n<meta property=\"og:title\" content=\"Lokalisierung - Fach\u00fcbersetzungsb\u00fcro - Krakau - Atominium\" \/>\n<meta property=\"og:description\" content=\"Die Kunst des guten \u00dcbersetzens beruht auf der F\u00e4higkeit, \u00fcber die Worte hinauszuschauen. Die Lokalisierung ist ein zunehmend \u00fcbliches Verfahren in der Branche, da sie es erm\u00f6glicht, ein bestimmtes Dokument (sowohl Text als auch Grafiken) an den Empf\u00e4nger und die f\u00fcr ihn geeignete Sprache anzupassen. Dieser Prozess erm\u00f6glicht im Gegensatz zur \u00dcbersetzung \u00c4nderungen im Text [&hellip;]\" \/>\n<meta property=\"og:url\" content=\"https:\/\/www.atominium.com\/de\/dienstleistungen\/lokalisierung\/\" \/>\n<meta property=\"og:site_name\" content=\"Fach\u00fcbersetzungsb\u00fcro - Krakau - Atominium\" \/>\n<meta property=\"article:modified_time\" content=\"2021-07-14T11:57:40+00:00\" \/>\n<meta property=\"og:image\" content=\"http:\/\/betade.atominium.com\/wp-content\/uploads\/elementor\/thumbs\/lokalizacja11-p7s84zxcyifvnzghjl03koiozghmi5dk9xhefzturk.png\" \/>\n<meta name=\"twitter:card\" content=\"summary_large_image\" \/>\n<meta name=\"twitter:label1\" content=\"Gesch\u00e4tzte Lesezeit\" \/>\n\t<meta name=\"twitter:data1\" content=\"2\u00a0Minuten\" \/>\n<script type=\"application\/ld+json\" class=\"yoast-schema-graph\">{\"@context\":\"https:\/\/schema.org\",\"@graph\":[{\"@type\":\"WebPage\",\"@id\":\"https:\/\/www.atominium.com\/de\/dienstleistungen\/lokalisierung\/\",\"url\":\"https:\/\/www.atominium.com\/de\/dienstleistungen\/lokalisierung\/\",\"name\":\"Lokalisierung - Fach\u00fcbersetzungsb\u00fcro - Krakau - Atominium\",\"isPartOf\":{\"@id\":\"https:\/\/www.atominium.com\/de\/#website\"},\"primaryImageOfPage\":{\"@id\":\"https:\/\/www.atominium.com\/de\/dienstleistungen\/lokalisierung\/#primaryimage\"},\"image\":{\"@id\":\"https:\/\/www.atominium.com\/de\/dienstleistungen\/lokalisierung\/#primaryimage\"},\"thumbnailUrl\":\"http:\/\/betade.atominium.com\/wp-content\/uploads\/elementor\/thumbs\/lokalizacja11-p7s84zxcyifvnzghjl03koiozghmi5dk9xhefzturk.png\",\"datePublished\":\"2021-03-11T11:55:26+00:00\",\"dateModified\":\"2021-07-14T11:57:40+00:00\",\"breadcrumb\":{\"@id\":\"https:\/\/www.atominium.com\/de\/dienstleistungen\/lokalisierung\/#breadcrumb\"},\"inLanguage\":\"de\",\"potentialAction\":[{\"@type\":\"ReadAction\",\"target\":[\"https:\/\/www.atominium.com\/de\/dienstleistungen\/lokalisierung\/\"]}]},{\"@type\":\"ImageObject\",\"inLanguage\":\"de\",\"@id\":\"https:\/\/www.atominium.com\/de\/dienstleistungen\/lokalisierung\/#primaryimage\",\"url\":\"http:\/\/betade.atominium.com\/wp-content\/uploads\/elementor\/thumbs\/lokalizacja11-p7s84zxcyifvnzghjl03koiozghmi5dk9xhefzturk.png\",\"contentUrl\":\"http:\/\/betade.atominium.com\/wp-content\/uploads\/elementor\/thumbs\/lokalizacja11-p7s84zxcyifvnzghjl03koiozghmi5dk9xhefzturk.png\"},{\"@type\":\"BreadcrumbList\",\"@id\":\"https:\/\/www.atominium.com\/de\/dienstleistungen\/lokalisierung\/#breadcrumb\",\"itemListElement\":[{\"@type\":\"ListItem\",\"position\":1,\"name\":\"Strona g\u0142\u00f3wna\",\"item\":\"https:\/\/www.atominium.com\/de\/\"},{\"@type\":\"ListItem\",\"position\":2,\"name\":\"Dienstleistungen\",\"item\":\"https:\/\/www.atominium.com\/de\/dienstleistungen\/\"},{\"@type\":\"ListItem\",\"position\":3,\"name\":\"Lokalisierung\"}]},{\"@type\":\"WebSite\",\"@id\":\"https:\/\/www.atominium.com\/de\/#website\",\"url\":\"https:\/\/www.atominium.com\/de\/\",\"name\":\"Fach\u00fcbersetzungsb\u00fcro - Krakau - Atominium\",\"description\":\"Fach\u00fcbersetzungsb\u00fcro - Krakau - Atominium\",\"publisher\":{\"@id\":\"https:\/\/www.atominium.com\/de\/#organization\"},\"potentialAction\":[{\"@type\":\"SearchAction\",\"target\":{\"@type\":\"EntryPoint\",\"urlTemplate\":\"https:\/\/www.atominium.com\/de\/?s={search_term_string}\"},\"query-input\":{\"@type\":\"PropertyValueSpecification\",\"valueRequired\":true,\"valueName\":\"search_term_string\"}}],\"inLanguage\":\"de\"},{\"@type\":\"Organization\",\"@id\":\"https:\/\/www.atominium.com\/de\/#organization\",\"name\":\"Fach\u00fcbersetzungsb\u00fcro - Krakau - Atominium\",\"url\":\"https:\/\/www.atominium.com\/de\/\",\"logo\":{\"@type\":\"ImageObject\",\"inLanguage\":\"de\",\"@id\":\"https:\/\/www.atominium.com\/de\/#\/schema\/logo\/image\/\",\"url\":\"https:\/\/www.atominium.com\/de\/wp-content\/uploads\/2021\/02\/logo-atominium.png\",\"contentUrl\":\"https:\/\/www.atominium.com\/de\/wp-content\/uploads\/2021\/02\/logo-atominium.png\",\"width\":573,\"height\":90,\"caption\":\"Fach\u00fcbersetzungsb\u00fcro - Krakau - Atominium\"},\"image\":{\"@id\":\"https:\/\/www.atominium.com\/de\/#\/schema\/logo\/image\/\"}}]}<\/script>\n<!-- \/ Yoast SEO plugin. -->","yoast_head_json":{"title":"Lokalisierung - Fach\u00fcbersetzungsb\u00fcro - Krakau - Atominium","robots":{"index":"index","follow":"follow","max-snippet":"max-snippet:-1","max-image-preview":"max-image-preview:large","max-video-preview":"max-video-preview:-1"},"canonical":"https:\/\/www.atominium.com\/de\/dienstleistungen\/lokalisierung\/","og_locale":"de_DE","og_type":"article","og_title":"Lokalisierung - Fach\u00fcbersetzungsb\u00fcro - Krakau - Atominium","og_description":"Die Kunst des guten \u00dcbersetzens beruht auf der F\u00e4higkeit, \u00fcber die Worte hinauszuschauen. Die Lokalisierung ist ein zunehmend \u00fcbliches Verfahren in der Branche, da sie es erm\u00f6glicht, ein bestimmtes Dokument (sowohl Text als auch Grafiken) an den Empf\u00e4nger und die f\u00fcr ihn geeignete Sprache anzupassen. Dieser Prozess erm\u00f6glicht im Gegensatz zur \u00dcbersetzung \u00c4nderungen im Text [&hellip;]","og_url":"https:\/\/www.atominium.com\/de\/dienstleistungen\/lokalisierung\/","og_site_name":"Fach\u00fcbersetzungsb\u00fcro - Krakau - Atominium","article_modified_time":"2021-07-14T11:57:40+00:00","og_image":[{"url":"http:\/\/betade.atominium.com\/wp-content\/uploads\/elementor\/thumbs\/lokalizacja11-p7s84zxcyifvnzghjl03koiozghmi5dk9xhefzturk.png","type":"","width":"","height":""}],"twitter_card":"summary_large_image","twitter_misc":{"Gesch\u00e4tzte Lesezeit":"2\u00a0Minuten"},"schema":{"@context":"https:\/\/schema.org","@graph":[{"@type":"WebPage","@id":"https:\/\/www.atominium.com\/de\/dienstleistungen\/lokalisierung\/","url":"https:\/\/www.atominium.com\/de\/dienstleistungen\/lokalisierung\/","name":"Lokalisierung - Fach\u00fcbersetzungsb\u00fcro - Krakau - Atominium","isPartOf":{"@id":"https:\/\/www.atominium.com\/de\/#website"},"primaryImageOfPage":{"@id":"https:\/\/www.atominium.com\/de\/dienstleistungen\/lokalisierung\/#primaryimage"},"image":{"@id":"https:\/\/www.atominium.com\/de\/dienstleistungen\/lokalisierung\/#primaryimage"},"thumbnailUrl":"http:\/\/betade.atominium.com\/wp-content\/uploads\/elementor\/thumbs\/lokalizacja11-p7s84zxcyifvnzghjl03koiozghmi5dk9xhefzturk.png","datePublished":"2021-03-11T11:55:26+00:00","dateModified":"2021-07-14T11:57:40+00:00","breadcrumb":{"@id":"https:\/\/www.atominium.com\/de\/dienstleistungen\/lokalisierung\/#breadcrumb"},"inLanguage":"de","potentialAction":[{"@type":"ReadAction","target":["https:\/\/www.atominium.com\/de\/dienstleistungen\/lokalisierung\/"]}]},{"@type":"ImageObject","inLanguage":"de","@id":"https:\/\/www.atominium.com\/de\/dienstleistungen\/lokalisierung\/#primaryimage","url":"http:\/\/betade.atominium.com\/wp-content\/uploads\/elementor\/thumbs\/lokalizacja11-p7s84zxcyifvnzghjl03koiozghmi5dk9xhefzturk.png","contentUrl":"http:\/\/betade.atominium.com\/wp-content\/uploads\/elementor\/thumbs\/lokalizacja11-p7s84zxcyifvnzghjl03koiozghmi5dk9xhefzturk.png"},{"@type":"BreadcrumbList","@id":"https:\/\/www.atominium.com\/de\/dienstleistungen\/lokalisierung\/#breadcrumb","itemListElement":[{"@type":"ListItem","position":1,"name":"Strona g\u0142\u00f3wna","item":"https:\/\/www.atominium.com\/de\/"},{"@type":"ListItem","position":2,"name":"Dienstleistungen","item":"https:\/\/www.atominium.com\/de\/dienstleistungen\/"},{"@type":"ListItem","position":3,"name":"Lokalisierung"}]},{"@type":"WebSite","@id":"https:\/\/www.atominium.com\/de\/#website","url":"https:\/\/www.atominium.com\/de\/","name":"Fach\u00fcbersetzungsb\u00fcro - Krakau - Atominium","description":"Fach\u00fcbersetzungsb\u00fcro - Krakau - Atominium","publisher":{"@id":"https:\/\/www.atominium.com\/de\/#organization"},"potentialAction":[{"@type":"SearchAction","target":{"@type":"EntryPoint","urlTemplate":"https:\/\/www.atominium.com\/de\/?s={search_term_string}"},"query-input":{"@type":"PropertyValueSpecification","valueRequired":true,"valueName":"search_term_string"}}],"inLanguage":"de"},{"@type":"Organization","@id":"https:\/\/www.atominium.com\/de\/#organization","name":"Fach\u00fcbersetzungsb\u00fcro - Krakau - Atominium","url":"https:\/\/www.atominium.com\/de\/","logo":{"@type":"ImageObject","inLanguage":"de","@id":"https:\/\/www.atominium.com\/de\/#\/schema\/logo\/image\/","url":"https:\/\/www.atominium.com\/de\/wp-content\/uploads\/2021\/02\/logo-atominium.png","contentUrl":"https:\/\/www.atominium.com\/de\/wp-content\/uploads\/2021\/02\/logo-atominium.png","width":573,"height":90,"caption":"Fach\u00fcbersetzungsb\u00fcro - Krakau - Atominium"},"image":{"@id":"https:\/\/www.atominium.com\/de\/#\/schema\/logo\/image\/"}}]}},"_links":{"self":[{"href":"https:\/\/www.atominium.com\/de\/wp-json\/wp\/v2\/pages\/161","targetHints":{"allow":["GET"]}}],"collection":[{"href":"https:\/\/www.atominium.com\/de\/wp-json\/wp\/v2\/pages"}],"about":[{"href":"https:\/\/www.atominium.com\/de\/wp-json\/wp\/v2\/types\/page"}],"author":[{"embeddable":true,"href":"https:\/\/www.atominium.com\/de\/wp-json\/wp\/v2\/users\/1"}],"replies":[{"embeddable":true,"href":"https:\/\/www.atominium.com\/de\/wp-json\/wp\/v2\/comments?post=161"}],"version-history":[{"count":77,"href":"https:\/\/www.atominium.com\/de\/wp-json\/wp\/v2\/pages\/161\/revisions"}],"predecessor-version":[{"id":3024,"href":"https:\/\/www.atominium.com\/de\/wp-json\/wp\/v2\/pages\/161\/revisions\/3024"}],"up":[{"embeddable":true,"href":"https:\/\/www.atominium.com\/de\/wp-json\/wp\/v2\/pages\/63"}],"wp:attachment":[{"href":"https:\/\/www.atominium.com\/de\/wp-json\/wp\/v2\/media?parent=161"}],"curies":[{"name":"wp","href":"https:\/\/api.w.org\/{rel}","templated":true}]}}