{"id":1497,"date":"2021-05-10T09:39:48","date_gmt":"2021-05-10T09:39:48","guid":{"rendered":"http:\/\/betade.atominium.com\/?page_id=1497"},"modified":"2021-07-13T13:19:58","modified_gmt":"2021-07-13T13:19:58","slug":"copywriting-contentwriting","status":"publish","type":"page","link":"https:\/\/www.atominium.com\/de\/dienstleistungen\/copywriting-contentwriting\/","title":{"rendered":"Copywriting, contentwriting"},"content":{"rendered":"\t\t<div data-elementor-type=\"wp-page\" data-elementor-id=\"1497\" class=\"elementor elementor-1497\" data-elementor-post-type=\"page\">\n\t\t\t\t\t\t<section class=\"elementor-section elementor-top-section elementor-element elementor-element-586a21a elementor-section-boxed elementor-section-height-default elementor-section-height-default\" data-id=\"586a21a\" data-element_type=\"section\">\n\t\t\t\t\t\t<div class=\"elementor-container elementor-column-gap-default\">\n\t\t\t\t\t<div class=\"elementor-column elementor-col-100 elementor-top-column elementor-element elementor-element-2e8a082\" data-id=\"2e8a082\" data-element_type=\"column\">\n\t\t\t<div class=\"elementor-widget-wrap elementor-element-populated\">\n\t\t\t\t\t\t<div class=\"elementor-element elementor-element-53326a4 elementor-widget elementor-widget-text-editor\" data-id=\"53326a4\" data-element_type=\"widget\" data-widget_type=\"text-editor.default\">\n\t\t\t\t<div class=\"elementor-widget-container\">\n\t\t\t\t\t\t\t\t\t<p>Tags\u00fcber ist es nahezu ausgeschlossen, nicht auf mindestens eine Werbung zu sto\u00dfen. Und wenn man sie nicht sieht, dann h\u00f6rt man sie im Radio. Wir sind von Massenmedien und Technologie umgeben. <strong>Was genau ist Copywriting und wem n\u00fctzt es?<\/strong> Um es auf die einfachste und pr\u00e4ziseste Weise zu erkl\u00e4ren: <strong>Es ist die Kunst des Verkaufens durch das geschriebene Wort.<\/strong> Es weckt treffende Assoziationen zu Marketingaktivit\u00e4ten, denn das Ziel ist es, ein Produkt bestm\u00f6glich zu verkaufen.<\/p>\t\t\t\t\t\t\t\t<\/div>\n\t\t\t\t<\/div>\n\t\t\t\t\t<\/div>\n\t\t<\/div>\n\t\t\t\t\t<\/div>\n\t\t<\/section>\n\t\t\t\t<section class=\"elementor-section elementor-top-section elementor-element elementor-element-4f96b4cc elementor-section-boxed elementor-section-height-default elementor-section-height-default\" data-id=\"4f96b4cc\" data-element_type=\"section\">\n\t\t\t\t\t\t<div class=\"elementor-container elementor-column-gap-default\">\n\t\t\t\t\t<div class=\"elementor-column elementor-col-50 elementor-top-column elementor-element elementor-element-1fd83dad\" data-id=\"1fd83dad\" data-element_type=\"column\">\n\t\t\t<div class=\"elementor-widget-wrap elementor-element-populated\">\n\t\t\t\t\t\t<div class=\"elementor-element elementor-element-4fcb196c elementor-widget elementor-widget-text-editor\" data-id=\"4fcb196c\" data-element_type=\"widget\" data-widget_type=\"text-editor.default\">\n\t\t\t\t<div class=\"elementor-widget-container\">\n\t\t\t\t\t\t\t\t\t<p><\/p>\n<p>Der Schl\u00fcssel zu dieser Arbeitsweise ist vor allem die F\u00e4higkeit, die Bed\u00fcrfnisse des Lesers zu verstehen und seine Aufmerksamkeit zu gewinnen. Schlie\u00dflich kann man nur einmal einen guten Eindruck hinterlassen, und die ersten Sekunden sind entscheidend! Auf Ihren Wunsch<br \/>hin erstellen wir Texte und Slogans, die h\u00e4ufig in der Werbung vorkommen. <strong>Wir bereiten Szenarien vor, redigieren Texte, erstellen thematische Inhalte, um den substanziellen<\/strong> Wert Ihres Unternehmens zu erh\u00f6hen, was sich in besseren SEO-Ergebnissen sowie in gr\u00f6\u00dferem<br \/>Vertrauen in den Augen der Empf\u00e4nger ausdr\u00fcckt.<\/p>\n<p><\/p>\n<p><\/p>\n<p><\/p>\t\t\t\t\t\t\t\t<\/div>\n\t\t\t\t<\/div>\n\t\t\t\t<div class=\"elementor-element elementor-element-f47cd2f elementor-widget elementor-widget-text-editor\" data-id=\"f47cd2f\" data-element_type=\"widget\" data-widget_type=\"text-editor.default\">\n\t\t\t\t<div class=\"elementor-widget-container\">\n\t\t\t\t\t\t\t\t\t<p>Wir behandeln jedes Projekt individuell. Wir involvieren zur Umsetzung eine entsprechende Gruppe von Spezialisten, so dass der Auftrag schnell und effizient erledigt werden kann. Wir behandeln alle Texte, die uns zur \u00dcbersetzung anvertraut werden, vertraulich. Und wir h\u00f6ren nicht einfach nur bei korrekten L\u00f6sungen auf. Wir unterschreiben nur ein vollst\u00e4ndiges und durchdachtes Produkt.<\/p>\t\t\t\t\t\t\t\t<\/div>\n\t\t\t\t<\/div>\n\t\t\t\t\t<\/div>\n\t\t<\/div>\n\t\t\t\t<div class=\"elementor-column elementor-col-50 elementor-top-column elementor-element elementor-element-58f6661\" data-id=\"58f6661\" data-element_type=\"column\">\n\t\t\t<div class=\"elementor-widget-wrap elementor-element-populated\">\n\t\t\t\t\t\t<div class=\"elementor-element elementor-element-df111a4 elementor-widget elementor-widget-image\" data-id=\"df111a4\" data-element_type=\"widget\" data-widget_type=\"image.default\">\n\t\t\t\t<div class=\"elementor-widget-container\">\n\t\t\t\t\t\t\t\t\t\t\t\t\t\t\t<img decoding=\"async\" src=\"https:\/\/www.atominium.com\/de\/wp-content\/uploads\/elementor\/thumbs\/a-man-while-working-in-an-office-RMJ7SBR-min-scaled-1-p9dpkdedewgun6ykiuiqniugfck1cjq7zlhj42jyq0.jpg\" title=\"a-man-while-working-in-an-office-RMJ7SBR-min-scaled\" alt=\"a-man-while-working-in-an-office-RMJ7SBR-min-scaled\" loading=\"lazy\" \/>\t\t\t\t\t\t\t\t\t\t\t\t\t\t\t<\/div>\n\t\t\t\t<\/div>\n\t\t\t\t\t<\/div>\n\t\t<\/div>\n\t\t\t\t\t<\/div>\n\t\t<\/section>\n\t\t\t\t<\/div>\n\t\t","protected":false},"excerpt":{"rendered":"<p>Tags\u00fcber ist es nahezu ausgeschlossen, nicht auf mindestens eine Werbung zu sto\u00dfen. Und wenn man sie nicht sieht, dann h\u00f6rt man sie im Radio. Wir sind von Massenmedien und Technologie umgeben. Was genau ist Copywriting und wem n\u00fctzt es? Um es auf die einfachste und pr\u00e4ziseste Weise zu erkl\u00e4ren: Es ist die Kunst des Verkaufens [&hellip;]<\/p>\n","protected":false},"author":1,"featured_media":0,"parent":63,"menu_order":0,"comment_status":"closed","ping_status":"closed","template":"","meta":{"footnotes":""},"class_list":["post-1497","page","type-page","status-publish","hentry"],"yoast_head":"<!-- This site is optimized with the Yoast SEO plugin v24.2 - https:\/\/yoast.com\/wordpress\/plugins\/seo\/ -->\n<title>Copywriting, contentwriting - Fach\u00fcbersetzungsb\u00fcro - Krakau - Atominium<\/title>\n<meta name=\"robots\" content=\"index, follow, max-snippet:-1, max-image-preview:large, max-video-preview:-1\" \/>\n<link rel=\"canonical\" href=\"https:\/\/www.atominium.com\/de\/dienstleistungen\/copywriting-contentwriting\/\" \/>\n<meta property=\"og:locale\" content=\"de_DE\" \/>\n<meta property=\"og:type\" content=\"article\" \/>\n<meta property=\"og:title\" content=\"Copywriting, contentwriting - Fach\u00fcbersetzungsb\u00fcro - Krakau - Atominium\" \/>\n<meta property=\"og:description\" content=\"Tags\u00fcber ist es nahezu ausgeschlossen, nicht auf mindestens eine Werbung zu sto\u00dfen. Und wenn man sie nicht sieht, dann h\u00f6rt man sie im Radio. Wir sind von Massenmedien und Technologie umgeben. Was genau ist Copywriting und wem n\u00fctzt es? Um es auf die einfachste und pr\u00e4ziseste Weise zu erkl\u00e4ren: Es ist die Kunst des Verkaufens [&hellip;]\" \/>\n<meta property=\"og:url\" content=\"https:\/\/www.atominium.com\/de\/dienstleistungen\/copywriting-contentwriting\/\" \/>\n<meta property=\"og:site_name\" content=\"Fach\u00fcbersetzungsb\u00fcro - Krakau - Atominium\" \/>\n<meta property=\"article:modified_time\" content=\"2021-07-13T13:19:58+00:00\" \/>\n<meta property=\"og:image\" content=\"http:\/\/betade.atominium.com\/wp-content\/uploads\/elementor\/thumbs\/a-man-while-working-in-an-office-RMJ7SBR-min-scaled-1-p9dpkdedewgun6ykiuiqniugfck1cjq7zlhivsv4e8.jpg\" \/>\n<meta name=\"twitter:card\" content=\"summary_large_image\" \/>\n<meta name=\"twitter:label1\" content=\"Gesch\u00e4tzte Lesezeit\" \/>\n\t<meta name=\"twitter:data1\" content=\"2\u00a0Minuten\" \/>\n<script type=\"application\/ld+json\" class=\"yoast-schema-graph\">{\"@context\":\"https:\/\/schema.org\",\"@graph\":[{\"@type\":\"WebPage\",\"@id\":\"https:\/\/www.atominium.com\/de\/dienstleistungen\/copywriting-contentwriting\/\",\"url\":\"https:\/\/www.atominium.com\/de\/dienstleistungen\/copywriting-contentwriting\/\",\"name\":\"Copywriting, contentwriting - Fach\u00fcbersetzungsb\u00fcro - Krakau - Atominium\",\"isPartOf\":{\"@id\":\"https:\/\/www.atominium.com\/de\/#website\"},\"primaryImageOfPage\":{\"@id\":\"https:\/\/www.atominium.com\/de\/dienstleistungen\/copywriting-contentwriting\/#primaryimage\"},\"image\":{\"@id\":\"https:\/\/www.atominium.com\/de\/dienstleistungen\/copywriting-contentwriting\/#primaryimage\"},\"thumbnailUrl\":\"http:\/\/betade.atominium.com\/wp-content\/uploads\/elementor\/thumbs\/a-man-while-working-in-an-office-RMJ7SBR-min-scaled-1-p9dpkdedewgun6ykiuiqniugfck1cjq7zlhivsv4e8.jpg\",\"datePublished\":\"2021-05-10T09:39:48+00:00\",\"dateModified\":\"2021-07-13T13:19:58+00:00\",\"breadcrumb\":{\"@id\":\"https:\/\/www.atominium.com\/de\/dienstleistungen\/copywriting-contentwriting\/#breadcrumb\"},\"inLanguage\":\"de\",\"potentialAction\":[{\"@type\":\"ReadAction\",\"target\":[\"https:\/\/www.atominium.com\/de\/dienstleistungen\/copywriting-contentwriting\/\"]}]},{\"@type\":\"ImageObject\",\"inLanguage\":\"de\",\"@id\":\"https:\/\/www.atominium.com\/de\/dienstleistungen\/copywriting-contentwriting\/#primaryimage\",\"url\":\"http:\/\/betade.atominium.com\/wp-content\/uploads\/elementor\/thumbs\/a-man-while-working-in-an-office-RMJ7SBR-min-scaled-1-p9dpkdedewgun6ykiuiqniugfck1cjq7zlhivsv4e8.jpg\",\"contentUrl\":\"http:\/\/betade.atominium.com\/wp-content\/uploads\/elementor\/thumbs\/a-man-while-working-in-an-office-RMJ7SBR-min-scaled-1-p9dpkdedewgun6ykiuiqniugfck1cjq7zlhivsv4e8.jpg\"},{\"@type\":\"BreadcrumbList\",\"@id\":\"https:\/\/www.atominium.com\/de\/dienstleistungen\/copywriting-contentwriting\/#breadcrumb\",\"itemListElement\":[{\"@type\":\"ListItem\",\"position\":1,\"name\":\"Strona g\u0142\u00f3wna\",\"item\":\"https:\/\/www.atominium.com\/de\/\"},{\"@type\":\"ListItem\",\"position\":2,\"name\":\"Dienstleistungen\",\"item\":\"https:\/\/www.atominium.com\/de\/dienstleistungen\/\"},{\"@type\":\"ListItem\",\"position\":3,\"name\":\"Copywriting, contentwriting\"}]},{\"@type\":\"WebSite\",\"@id\":\"https:\/\/www.atominium.com\/de\/#website\",\"url\":\"https:\/\/www.atominium.com\/de\/\",\"name\":\"Fach\u00fcbersetzungsb\u00fcro - Krakau - Atominium\",\"description\":\"Fach\u00fcbersetzungsb\u00fcro - Krakau - Atominium\",\"publisher\":{\"@id\":\"https:\/\/www.atominium.com\/de\/#organization\"},\"potentialAction\":[{\"@type\":\"SearchAction\",\"target\":{\"@type\":\"EntryPoint\",\"urlTemplate\":\"https:\/\/www.atominium.com\/de\/?s={search_term_string}\"},\"query-input\":{\"@type\":\"PropertyValueSpecification\",\"valueRequired\":true,\"valueName\":\"search_term_string\"}}],\"inLanguage\":\"de\"},{\"@type\":\"Organization\",\"@id\":\"https:\/\/www.atominium.com\/de\/#organization\",\"name\":\"Fach\u00fcbersetzungsb\u00fcro - Krakau - Atominium\",\"url\":\"https:\/\/www.atominium.com\/de\/\",\"logo\":{\"@type\":\"ImageObject\",\"inLanguage\":\"de\",\"@id\":\"https:\/\/www.atominium.com\/de\/#\/schema\/logo\/image\/\",\"url\":\"https:\/\/www.atominium.com\/de\/wp-content\/uploads\/2021\/02\/logo-atominium.png\",\"contentUrl\":\"https:\/\/www.atominium.com\/de\/wp-content\/uploads\/2021\/02\/logo-atominium.png\",\"width\":573,\"height\":90,\"caption\":\"Fach\u00fcbersetzungsb\u00fcro - Krakau - Atominium\"},\"image\":{\"@id\":\"https:\/\/www.atominium.com\/de\/#\/schema\/logo\/image\/\"}}]}<\/script>\n<!-- \/ Yoast SEO plugin. -->","yoast_head_json":{"title":"Copywriting, contentwriting - Fach\u00fcbersetzungsb\u00fcro - Krakau - Atominium","robots":{"index":"index","follow":"follow","max-snippet":"max-snippet:-1","max-image-preview":"max-image-preview:large","max-video-preview":"max-video-preview:-1"},"canonical":"https:\/\/www.atominium.com\/de\/dienstleistungen\/copywriting-contentwriting\/","og_locale":"de_DE","og_type":"article","og_title":"Copywriting, contentwriting - Fach\u00fcbersetzungsb\u00fcro - Krakau - Atominium","og_description":"Tags\u00fcber ist es nahezu ausgeschlossen, nicht auf mindestens eine Werbung zu sto\u00dfen. Und wenn man sie nicht sieht, dann h\u00f6rt man sie im Radio. Wir sind von Massenmedien und Technologie umgeben. Was genau ist Copywriting und wem n\u00fctzt es? Um es auf die einfachste und pr\u00e4ziseste Weise zu erkl\u00e4ren: Es ist die Kunst des Verkaufens [&hellip;]","og_url":"https:\/\/www.atominium.com\/de\/dienstleistungen\/copywriting-contentwriting\/","og_site_name":"Fach\u00fcbersetzungsb\u00fcro - Krakau - Atominium","article_modified_time":"2021-07-13T13:19:58+00:00","og_image":[{"url":"http:\/\/betade.atominium.com\/wp-content\/uploads\/elementor\/thumbs\/a-man-while-working-in-an-office-RMJ7SBR-min-scaled-1-p9dpkdedewgun6ykiuiqniugfck1cjq7zlhivsv4e8.jpg","type":"","width":"","height":""}],"twitter_card":"summary_large_image","twitter_misc":{"Gesch\u00e4tzte Lesezeit":"2\u00a0Minuten"},"schema":{"@context":"https:\/\/schema.org","@graph":[{"@type":"WebPage","@id":"https:\/\/www.atominium.com\/de\/dienstleistungen\/copywriting-contentwriting\/","url":"https:\/\/www.atominium.com\/de\/dienstleistungen\/copywriting-contentwriting\/","name":"Copywriting, contentwriting - Fach\u00fcbersetzungsb\u00fcro - Krakau - Atominium","isPartOf":{"@id":"https:\/\/www.atominium.com\/de\/#website"},"primaryImageOfPage":{"@id":"https:\/\/www.atominium.com\/de\/dienstleistungen\/copywriting-contentwriting\/#primaryimage"},"image":{"@id":"https:\/\/www.atominium.com\/de\/dienstleistungen\/copywriting-contentwriting\/#primaryimage"},"thumbnailUrl":"http:\/\/betade.atominium.com\/wp-content\/uploads\/elementor\/thumbs\/a-man-while-working-in-an-office-RMJ7SBR-min-scaled-1-p9dpkdedewgun6ykiuiqniugfck1cjq7zlhivsv4e8.jpg","datePublished":"2021-05-10T09:39:48+00:00","dateModified":"2021-07-13T13:19:58+00:00","breadcrumb":{"@id":"https:\/\/www.atominium.com\/de\/dienstleistungen\/copywriting-contentwriting\/#breadcrumb"},"inLanguage":"de","potentialAction":[{"@type":"ReadAction","target":["https:\/\/www.atominium.com\/de\/dienstleistungen\/copywriting-contentwriting\/"]}]},{"@type":"ImageObject","inLanguage":"de","@id":"https:\/\/www.atominium.com\/de\/dienstleistungen\/copywriting-contentwriting\/#primaryimage","url":"http:\/\/betade.atominium.com\/wp-content\/uploads\/elementor\/thumbs\/a-man-while-working-in-an-office-RMJ7SBR-min-scaled-1-p9dpkdedewgun6ykiuiqniugfck1cjq7zlhivsv4e8.jpg","contentUrl":"http:\/\/betade.atominium.com\/wp-content\/uploads\/elementor\/thumbs\/a-man-while-working-in-an-office-RMJ7SBR-min-scaled-1-p9dpkdedewgun6ykiuiqniugfck1cjq7zlhivsv4e8.jpg"},{"@type":"BreadcrumbList","@id":"https:\/\/www.atominium.com\/de\/dienstleistungen\/copywriting-contentwriting\/#breadcrumb","itemListElement":[{"@type":"ListItem","position":1,"name":"Strona g\u0142\u00f3wna","item":"https:\/\/www.atominium.com\/de\/"},{"@type":"ListItem","position":2,"name":"Dienstleistungen","item":"https:\/\/www.atominium.com\/de\/dienstleistungen\/"},{"@type":"ListItem","position":3,"name":"Copywriting, contentwriting"}]},{"@type":"WebSite","@id":"https:\/\/www.atominium.com\/de\/#website","url":"https:\/\/www.atominium.com\/de\/","name":"Fach\u00fcbersetzungsb\u00fcro - Krakau - Atominium","description":"Fach\u00fcbersetzungsb\u00fcro - Krakau - Atominium","publisher":{"@id":"https:\/\/www.atominium.com\/de\/#organization"},"potentialAction":[{"@type":"SearchAction","target":{"@type":"EntryPoint","urlTemplate":"https:\/\/www.atominium.com\/de\/?s={search_term_string}"},"query-input":{"@type":"PropertyValueSpecification","valueRequired":true,"valueName":"search_term_string"}}],"inLanguage":"de"},{"@type":"Organization","@id":"https:\/\/www.atominium.com\/de\/#organization","name":"Fach\u00fcbersetzungsb\u00fcro - Krakau - Atominium","url":"https:\/\/www.atominium.com\/de\/","logo":{"@type":"ImageObject","inLanguage":"de","@id":"https:\/\/www.atominium.com\/de\/#\/schema\/logo\/image\/","url":"https:\/\/www.atominium.com\/de\/wp-content\/uploads\/2021\/02\/logo-atominium.png","contentUrl":"https:\/\/www.atominium.com\/de\/wp-content\/uploads\/2021\/02\/logo-atominium.png","width":573,"height":90,"caption":"Fach\u00fcbersetzungsb\u00fcro - Krakau - Atominium"},"image":{"@id":"https:\/\/www.atominium.com\/de\/#\/schema\/logo\/image\/"}}]}},"_links":{"self":[{"href":"https:\/\/www.atominium.com\/de\/wp-json\/wp\/v2\/pages\/1497","targetHints":{"allow":["GET"]}}],"collection":[{"href":"https:\/\/www.atominium.com\/de\/wp-json\/wp\/v2\/pages"}],"about":[{"href":"https:\/\/www.atominium.com\/de\/wp-json\/wp\/v2\/types\/page"}],"author":[{"embeddable":true,"href":"https:\/\/www.atominium.com\/de\/wp-json\/wp\/v2\/users\/1"}],"replies":[{"embeddable":true,"href":"https:\/\/www.atominium.com\/de\/wp-json\/wp\/v2\/comments?post=1497"}],"version-history":[{"count":28,"href":"https:\/\/www.atominium.com\/de\/wp-json\/wp\/v2\/pages\/1497\/revisions"}],"predecessor-version":[{"id":2980,"href":"https:\/\/www.atominium.com\/de\/wp-json\/wp\/v2\/pages\/1497\/revisions\/2980"}],"up":[{"embeddable":true,"href":"https:\/\/www.atominium.com\/de\/wp-json\/wp\/v2\/pages\/63"}],"wp:attachment":[{"href":"https:\/\/www.atominium.com\/de\/wp-json\/wp\/v2\/media?parent=1497"}],"curies":[{"name":"wp","href":"https:\/\/api.w.org\/{rel}","templated":true}]}}