{"id":1495,"date":"2021-05-10T09:37:13","date_gmt":"2021-05-10T09:37:13","guid":{"rendered":"http:\/\/betade.atominium.com\/?page_id=1495"},"modified":"2021-06-29T10:51:59","modified_gmt":"2021-06-29T10:51:59","slug":"beglaubigte-uebersetzungen","status":"publish","type":"page","link":"https:\/\/www.atominium.com\/de\/dienstleistungen\/beglaubigte-uebersetzungen\/","title":{"rendered":"Beglaubigte \u00dcbersetzungen"},"content":{"rendered":"\t\t<div data-elementor-type=\"wp-page\" data-elementor-id=\"1495\" class=\"elementor elementor-1495\" data-elementor-post-type=\"page\">\n\t\t\t\t\t\t<section class=\"elementor-section elementor-top-section elementor-element elementor-element-585e77b elementor-section-boxed elementor-section-height-default elementor-section-height-default\" data-id=\"585e77b\" data-element_type=\"section\">\n\t\t\t\t\t\t<div class=\"elementor-container elementor-column-gap-default\">\n\t\t\t\t\t<div class=\"elementor-column elementor-col-100 elementor-top-column elementor-element elementor-element-2deb6ae\" data-id=\"2deb6ae\" data-element_type=\"column\">\n\t\t\t<div class=\"elementor-widget-wrap elementor-element-populated\">\n\t\t\t\t\t\t<div class=\"elementor-element elementor-element-e57ad32 elementor-widget elementor-widget-text-editor\" data-id=\"e57ad32\" data-element_type=\"widget\" data-widget_type=\"text-editor.default\">\n\t\t\t\t<div class=\"elementor-widget-container\">\n\t\t\t\t\t\t\t\t\t<p>Wir liefern viele beglaubigte \u00dcbersetzungen f\u00fcr individuelle Kunden, Firmen, Gerichte, staatliche Institutionen und K\u00f6rperschaften. Eine beeidigte \u00dcbersetzung wird in einer beschreibenden Form angefertigt &#8211; der \u00dcbersetzer beschreibt alle Siegel, Unterschriften und Wasserzeichen auf dem Dokument. Solche \u00dcbersetzungen werden von vereidigten \u00dcbersetzern angefertigt, die vom Justizministerium oder einem entsprechenden Amt in einem anderen Land beglaubigt sind. Diese \u00dcbersetzungen erscheinen immer in gedruckter Form und tragen das Siegel des vereidigten \u00dcbersetzers, der sie angefertigt hat, nur dann besitzen sie Rechtskraft. Der beeidigte \u00dcbersetzer vermerkt in seiner \u00dcbersetzung, ob die \u00dcbersetzung auf der Grundlage eines Originaldokuments oder einer Kopie davon angefertigt wurde. \u00dcbersetzungen auf der Basis von Kopien sind g\u00fcltig, manche \u00c4mter jedoch bestehen auf \u00dcbersetzungen auf der Basis von Originalen (dies ist insbesondere bei Gerichten, dem Standesamt, der Verkehrsabteilung des Gemeindeamtes der Fall, wo ein aus dem Ausland importiertes Auto zugelassen wird).<\/p>\t\t\t\t\t\t\t\t<\/div>\n\t\t\t\t<\/div>\n\t\t\t\t\t<\/div>\n\t\t<\/div>\n\t\t\t\t\t<\/div>\n\t\t<\/section>\n\t\t\t\t<section class=\"elementor-section elementor-top-section elementor-element elementor-element-359f9630 elementor-section-boxed elementor-section-height-default elementor-section-height-default\" data-id=\"359f9630\" data-element_type=\"section\">\n\t\t\t\t\t\t<div class=\"elementor-container elementor-column-gap-default\">\n\t\t\t\t\t<div class=\"elementor-column elementor-col-50 elementor-top-column elementor-element elementor-element-990953b\" data-id=\"990953b\" data-element_type=\"column\">\n\t\t\t<div class=\"elementor-widget-wrap elementor-element-populated\">\n\t\t\t\t\t\t<div class=\"elementor-element elementor-element-2f5fe77 elementor-widget elementor-widget-text-editor\" data-id=\"2f5fe77\" data-element_type=\"widget\" data-widget_type=\"text-editor.default\">\n\t\t\t\t<div class=\"elementor-widget-container\">\n\t\t\t\t\t\t\t\t\t<p><\/p>\n<p><strong>Gem\u00e4\u00df der Verordnung des Justizministers enth\u00e4lt eine Abrechnungsseite 1.125 Zeichen mit Leerzeichen im Zieltext, daher kann sich die Anzahl der Seiten \u00e4ndern.<\/strong> Unter einem Zeichen versteht man alle sichtbaren Druckzeichen, insbesondere Buchstaben, Satzzeichen, Ziffern, Transpositionszeichen und L\u00fccken dazwischen, die durch den Aufbau eines Satzes begr\u00fcndet sind. Eine angefangene Seite z\u00e4hlt als eine ganze Seite.<\/p>\n<p><\/p>\t\t\t\t\t\t\t\t<\/div>\n\t\t\t\t<\/div>\n\t\t\t\t<div class=\"elementor-element elementor-element-9ceaae9 elementor-widget elementor-widget-text-editor\" data-id=\"9ceaae9\" data-element_type=\"widget\" data-widget_type=\"text-editor.default\">\n\t\t\t\t<div class=\"elementor-widget-container\">\n\t\t\t\t\t\t\t\t\t<p>Ein vereidigter \u00dcbersetzer in Polen ist qualifiziert, \u00dcbersetzungen\u00a0\u00a0 von der Fremdsprache ins Polnische und vom Polnischen in die Fremdsprache vorzunehmen. Es ist daher nicht m\u00f6glich, direkt vom Italienischen ins Spanische zu \u00fcbersetzen. In diesem Fall besteht die L\u00f6sung darin, die \u00dcbersetzung ins Polnische vorzunehmen und dann die \u00dcbersetzung (mit dem Hinweis, die \u00fcbersetzte\u00a0 Sprache als Vorlage diente) in die Fremdsprache anzufertigen.<\/p>\t\t\t\t\t\t\t\t<\/div>\n\t\t\t\t<\/div>\n\t\t\t\t\t<\/div>\n\t\t<\/div>\n\t\t\t\t<div class=\"elementor-column elementor-col-50 elementor-top-column elementor-element elementor-element-401585fc\" data-id=\"401585fc\" data-element_type=\"column\">\n\t\t\t<div class=\"elementor-widget-wrap elementor-element-populated\">\n\t\t\t\t\t\t<div class=\"elementor-element elementor-element-487eb7f elementor-widget elementor-widget-image\" data-id=\"487eb7f\" data-element_type=\"widget\" data-widget_type=\"image.default\">\n\t\t\t\t<div class=\"elementor-widget-container\">\n\t\t\t\t\t\t\t\t\t\t\t\t\t\t\t<img decoding=\"async\" src=\"https:\/\/www.atominium.com\/de\/wp-content\/uploads\/elementor\/thumbs\/client-is-bringing-the-documents-to-clarify-the-la-25QXJ95-min-1-p7qfn3zkudyake4mqfnmv3n73mrxm8n8pnlmuy7d6w.jpg\" title=\"client-is-bringing-the-documents-to-clarify-the-la-25QXJ95-min (1)\" alt=\"client-is-bringing-the-documents-to-clarify-the-la-25QXJ95-min (1)\" loading=\"lazy\" \/>\t\t\t\t\t\t\t\t\t\t\t\t\t\t\t<\/div>\n\t\t\t\t<\/div>\n\t\t\t\t\t<\/div>\n\t\t<\/div>\n\t\t\t\t\t<\/div>\n\t\t<\/section>\n\t\t\t\t<section class=\"elementor-section elementor-top-section elementor-element elementor-element-5edb310 elementor-section-boxed elementor-section-height-default elementor-section-height-default\" data-id=\"5edb310\" data-element_type=\"section\">\n\t\t\t\t\t\t<div class=\"elementor-container elementor-column-gap-default\">\n\t\t\t\t\t<div class=\"elementor-column elementor-col-100 elementor-top-column elementor-element elementor-element-6e86f1b\" data-id=\"6e86f1b\" data-element_type=\"column\">\n\t\t\t<div class=\"elementor-widget-wrap elementor-element-populated\">\n\t\t\t\t\t\t<div class=\"elementor-element elementor-element-9ae12c9 elementor-widget elementor-widget-text-editor\" data-id=\"9ae12c9\" data-element_type=\"widget\" data-widget_type=\"text-editor.default\">\n\t\t\t\t<div class=\"elementor-widget-container\">\n\t\t\t\t\t\t\t\t\t<p><strong>Eine vereidigte \u00dcbersetzung unterscheidet sich von einer nicht vereidigten \u00dcbersetzung darin, dass sie von einem vereidigten \u00dcbersetzer angefertigt wird, der einen \u00f6ffentlichen Vertrauensberuf aus\u00fcbt.<\/strong> Dar\u00fcber hinaus ist ein solcher \u00dcbersetzer verpflichtet, alle von ihm angefertigten \u00dcbersetzungen in seinem internen Verzeichnis der T\u00e4tigkeit des vereidigten \u00dcbersetzers unter einer entsprechenden Nummer zu erfassen.<\/p>\n<p>Zu den Dokumenten, die eine beglaubigte \u00dcbersetzung erfordern, geh\u00f6ren: Vertr\u00e4ge, notarielle Urkunden, Zeugnisse, Diplome, Fahrzeugpapiere.<\/p>\t\t\t\t\t\t\t\t<\/div>\n\t\t\t\t<\/div>\n\t\t\t\t\t<\/div>\n\t\t<\/div>\n\t\t\t\t\t<\/div>\n\t\t<\/section>\n\t\t\t\t<\/div>\n\t\t","protected":false},"excerpt":{"rendered":"<p>Wir liefern viele beglaubigte \u00dcbersetzungen f\u00fcr individuelle Kunden, Firmen, Gerichte, staatliche Institutionen und K\u00f6rperschaften. Eine beeidigte \u00dcbersetzung wird in einer beschreibenden Form angefertigt &#8211; der \u00dcbersetzer beschreibt alle Siegel, Unterschriften und Wasserzeichen auf dem Dokument. Solche \u00dcbersetzungen werden von vereidigten \u00dcbersetzern angefertigt, die vom Justizministerium oder einem entsprechenden Amt in einem anderen Land beglaubigt sind. [&hellip;]<\/p>\n","protected":false},"author":1,"featured_media":0,"parent":63,"menu_order":0,"comment_status":"closed","ping_status":"closed","template":"","meta":{"footnotes":""},"class_list":["post-1495","page","type-page","status-publish","hentry"],"yoast_head":"<!-- This site is optimized with the Yoast SEO plugin v24.2 - https:\/\/yoast.com\/wordpress\/plugins\/seo\/ -->\n<title>Beglaubigte \u00dcbersetzungen - Fach\u00fcbersetzungsb\u00fcro - Krakau - Atominium<\/title>\n<meta name=\"robots\" content=\"index, follow, max-snippet:-1, max-image-preview:large, max-video-preview:-1\" \/>\n<link rel=\"canonical\" href=\"https:\/\/www.atominium.com\/de\/dienstleistungen\/beglaubigte-uebersetzungen\/\" \/>\n<meta property=\"og:locale\" content=\"de_DE\" \/>\n<meta property=\"og:type\" content=\"article\" \/>\n<meta property=\"og:title\" content=\"Beglaubigte \u00dcbersetzungen - Fach\u00fcbersetzungsb\u00fcro - Krakau - Atominium\" \/>\n<meta property=\"og:description\" content=\"Wir liefern viele beglaubigte \u00dcbersetzungen f\u00fcr individuelle Kunden, Firmen, Gerichte, staatliche Institutionen und K\u00f6rperschaften. Eine beeidigte \u00dcbersetzung wird in einer beschreibenden Form angefertigt &#8211; der \u00dcbersetzer beschreibt alle Siegel, Unterschriften und Wasserzeichen auf dem Dokument. Solche \u00dcbersetzungen werden von vereidigten \u00dcbersetzern angefertigt, die vom Justizministerium oder einem entsprechenden Amt in einem anderen Land beglaubigt sind. [&hellip;]\" \/>\n<meta property=\"og:url\" content=\"https:\/\/www.atominium.com\/de\/dienstleistungen\/beglaubigte-uebersetzungen\/\" \/>\n<meta property=\"og:site_name\" content=\"Fach\u00fcbersetzungsb\u00fcro - Krakau - Atominium\" \/>\n<meta property=\"article:modified_time\" content=\"2021-06-29T10:51:59+00:00\" \/>\n<meta property=\"og:image\" content=\"http:\/\/betade.atominium.com\/wp-content\/uploads\/elementor\/thumbs\/client-is-bringing-the-documents-to-clarify-the-la-25QXJ95-min-1-p7qfn3zkudyake4mqfnmv3n73mrxm8n8pnlmmoiiv4.jpg\" \/>\n<meta name=\"twitter:card\" content=\"summary_large_image\" \/>\n<meta name=\"twitter:label1\" content=\"Gesch\u00e4tzte Lesezeit\" \/>\n\t<meta name=\"twitter:data1\" content=\"2\u00a0Minuten\" \/>\n<script type=\"application\/ld+json\" class=\"yoast-schema-graph\">{\"@context\":\"https:\/\/schema.org\",\"@graph\":[{\"@type\":\"WebPage\",\"@id\":\"https:\/\/www.atominium.com\/de\/dienstleistungen\/beglaubigte-uebersetzungen\/\",\"url\":\"https:\/\/www.atominium.com\/de\/dienstleistungen\/beglaubigte-uebersetzungen\/\",\"name\":\"Beglaubigte \u00dcbersetzungen - Fach\u00fcbersetzungsb\u00fcro - Krakau - Atominium\",\"isPartOf\":{\"@id\":\"https:\/\/www.atominium.com\/de\/#website\"},\"primaryImageOfPage\":{\"@id\":\"https:\/\/www.atominium.com\/de\/dienstleistungen\/beglaubigte-uebersetzungen\/#primaryimage\"},\"image\":{\"@id\":\"https:\/\/www.atominium.com\/de\/dienstleistungen\/beglaubigte-uebersetzungen\/#primaryimage\"},\"thumbnailUrl\":\"http:\/\/betade.atominium.com\/wp-content\/uploads\/elementor\/thumbs\/client-is-bringing-the-documents-to-clarify-the-la-25QXJ95-min-1-p7qfn3zkudyake4mqfnmv3n73mrxm8n8pnlmmoiiv4.jpg\",\"datePublished\":\"2021-05-10T09:37:13+00:00\",\"dateModified\":\"2021-06-29T10:51:59+00:00\",\"breadcrumb\":{\"@id\":\"https:\/\/www.atominium.com\/de\/dienstleistungen\/beglaubigte-uebersetzungen\/#breadcrumb\"},\"inLanguage\":\"de\",\"potentialAction\":[{\"@type\":\"ReadAction\",\"target\":[\"https:\/\/www.atominium.com\/de\/dienstleistungen\/beglaubigte-uebersetzungen\/\"]}]},{\"@type\":\"ImageObject\",\"inLanguage\":\"de\",\"@id\":\"https:\/\/www.atominium.com\/de\/dienstleistungen\/beglaubigte-uebersetzungen\/#primaryimage\",\"url\":\"http:\/\/betade.atominium.com\/wp-content\/uploads\/elementor\/thumbs\/client-is-bringing-the-documents-to-clarify-the-la-25QXJ95-min-1-p7qfn3zkudyake4mqfnmv3n73mrxm8n8pnlmmoiiv4.jpg\",\"contentUrl\":\"http:\/\/betade.atominium.com\/wp-content\/uploads\/elementor\/thumbs\/client-is-bringing-the-documents-to-clarify-the-la-25QXJ95-min-1-p7qfn3zkudyake4mqfnmv3n73mrxm8n8pnlmmoiiv4.jpg\"},{\"@type\":\"BreadcrumbList\",\"@id\":\"https:\/\/www.atominium.com\/de\/dienstleistungen\/beglaubigte-uebersetzungen\/#breadcrumb\",\"itemListElement\":[{\"@type\":\"ListItem\",\"position\":1,\"name\":\"Strona g\u0142\u00f3wna\",\"item\":\"https:\/\/www.atominium.com\/de\/\"},{\"@type\":\"ListItem\",\"position\":2,\"name\":\"Dienstleistungen\",\"item\":\"https:\/\/www.atominium.com\/de\/dienstleistungen\/\"},{\"@type\":\"ListItem\",\"position\":3,\"name\":\"Beglaubigte \u00dcbersetzungen\"}]},{\"@type\":\"WebSite\",\"@id\":\"https:\/\/www.atominium.com\/de\/#website\",\"url\":\"https:\/\/www.atominium.com\/de\/\",\"name\":\"Fach\u00fcbersetzungsb\u00fcro - Krakau - Atominium\",\"description\":\"Fach\u00fcbersetzungsb\u00fcro - Krakau - Atominium\",\"publisher\":{\"@id\":\"https:\/\/www.atominium.com\/de\/#organization\"},\"potentialAction\":[{\"@type\":\"SearchAction\",\"target\":{\"@type\":\"EntryPoint\",\"urlTemplate\":\"https:\/\/www.atominium.com\/de\/?s={search_term_string}\"},\"query-input\":{\"@type\":\"PropertyValueSpecification\",\"valueRequired\":true,\"valueName\":\"search_term_string\"}}],\"inLanguage\":\"de\"},{\"@type\":\"Organization\",\"@id\":\"https:\/\/www.atominium.com\/de\/#organization\",\"name\":\"Fach\u00fcbersetzungsb\u00fcro - Krakau - Atominium\",\"url\":\"https:\/\/www.atominium.com\/de\/\",\"logo\":{\"@type\":\"ImageObject\",\"inLanguage\":\"de\",\"@id\":\"https:\/\/www.atominium.com\/de\/#\/schema\/logo\/image\/\",\"url\":\"https:\/\/www.atominium.com\/de\/wp-content\/uploads\/2021\/02\/logo-atominium.png\",\"contentUrl\":\"https:\/\/www.atominium.com\/de\/wp-content\/uploads\/2021\/02\/logo-atominium.png\",\"width\":573,\"height\":90,\"caption\":\"Fach\u00fcbersetzungsb\u00fcro - Krakau - Atominium\"},\"image\":{\"@id\":\"https:\/\/www.atominium.com\/de\/#\/schema\/logo\/image\/\"}}]}<\/script>\n<!-- \/ Yoast SEO plugin. -->","yoast_head_json":{"title":"Beglaubigte \u00dcbersetzungen - Fach\u00fcbersetzungsb\u00fcro - Krakau - Atominium","robots":{"index":"index","follow":"follow","max-snippet":"max-snippet:-1","max-image-preview":"max-image-preview:large","max-video-preview":"max-video-preview:-1"},"canonical":"https:\/\/www.atominium.com\/de\/dienstleistungen\/beglaubigte-uebersetzungen\/","og_locale":"de_DE","og_type":"article","og_title":"Beglaubigte \u00dcbersetzungen - Fach\u00fcbersetzungsb\u00fcro - Krakau - Atominium","og_description":"Wir liefern viele beglaubigte \u00dcbersetzungen f\u00fcr individuelle Kunden, Firmen, Gerichte, staatliche Institutionen und K\u00f6rperschaften. Eine beeidigte \u00dcbersetzung wird in einer beschreibenden Form angefertigt &#8211; der \u00dcbersetzer beschreibt alle Siegel, Unterschriften und Wasserzeichen auf dem Dokument. Solche \u00dcbersetzungen werden von vereidigten \u00dcbersetzern angefertigt, die vom Justizministerium oder einem entsprechenden Amt in einem anderen Land beglaubigt sind. [&hellip;]","og_url":"https:\/\/www.atominium.com\/de\/dienstleistungen\/beglaubigte-uebersetzungen\/","og_site_name":"Fach\u00fcbersetzungsb\u00fcro - Krakau - Atominium","article_modified_time":"2021-06-29T10:51:59+00:00","og_image":[{"url":"http:\/\/betade.atominium.com\/wp-content\/uploads\/elementor\/thumbs\/client-is-bringing-the-documents-to-clarify-the-la-25QXJ95-min-1-p7qfn3zkudyake4mqfnmv3n73mrxm8n8pnlmmoiiv4.jpg","type":"","width":"","height":""}],"twitter_card":"summary_large_image","twitter_misc":{"Gesch\u00e4tzte Lesezeit":"2\u00a0Minuten"},"schema":{"@context":"https:\/\/schema.org","@graph":[{"@type":"WebPage","@id":"https:\/\/www.atominium.com\/de\/dienstleistungen\/beglaubigte-uebersetzungen\/","url":"https:\/\/www.atominium.com\/de\/dienstleistungen\/beglaubigte-uebersetzungen\/","name":"Beglaubigte \u00dcbersetzungen - Fach\u00fcbersetzungsb\u00fcro - Krakau - Atominium","isPartOf":{"@id":"https:\/\/www.atominium.com\/de\/#website"},"primaryImageOfPage":{"@id":"https:\/\/www.atominium.com\/de\/dienstleistungen\/beglaubigte-uebersetzungen\/#primaryimage"},"image":{"@id":"https:\/\/www.atominium.com\/de\/dienstleistungen\/beglaubigte-uebersetzungen\/#primaryimage"},"thumbnailUrl":"http:\/\/betade.atominium.com\/wp-content\/uploads\/elementor\/thumbs\/client-is-bringing-the-documents-to-clarify-the-la-25QXJ95-min-1-p7qfn3zkudyake4mqfnmv3n73mrxm8n8pnlmmoiiv4.jpg","datePublished":"2021-05-10T09:37:13+00:00","dateModified":"2021-06-29T10:51:59+00:00","breadcrumb":{"@id":"https:\/\/www.atominium.com\/de\/dienstleistungen\/beglaubigte-uebersetzungen\/#breadcrumb"},"inLanguage":"de","potentialAction":[{"@type":"ReadAction","target":["https:\/\/www.atominium.com\/de\/dienstleistungen\/beglaubigte-uebersetzungen\/"]}]},{"@type":"ImageObject","inLanguage":"de","@id":"https:\/\/www.atominium.com\/de\/dienstleistungen\/beglaubigte-uebersetzungen\/#primaryimage","url":"http:\/\/betade.atominium.com\/wp-content\/uploads\/elementor\/thumbs\/client-is-bringing-the-documents-to-clarify-the-la-25QXJ95-min-1-p7qfn3zkudyake4mqfnmv3n73mrxm8n8pnlmmoiiv4.jpg","contentUrl":"http:\/\/betade.atominium.com\/wp-content\/uploads\/elementor\/thumbs\/client-is-bringing-the-documents-to-clarify-the-la-25QXJ95-min-1-p7qfn3zkudyake4mqfnmv3n73mrxm8n8pnlmmoiiv4.jpg"},{"@type":"BreadcrumbList","@id":"https:\/\/www.atominium.com\/de\/dienstleistungen\/beglaubigte-uebersetzungen\/#breadcrumb","itemListElement":[{"@type":"ListItem","position":1,"name":"Strona g\u0142\u00f3wna","item":"https:\/\/www.atominium.com\/de\/"},{"@type":"ListItem","position":2,"name":"Dienstleistungen","item":"https:\/\/www.atominium.com\/de\/dienstleistungen\/"},{"@type":"ListItem","position":3,"name":"Beglaubigte \u00dcbersetzungen"}]},{"@type":"WebSite","@id":"https:\/\/www.atominium.com\/de\/#website","url":"https:\/\/www.atominium.com\/de\/","name":"Fach\u00fcbersetzungsb\u00fcro - Krakau - Atominium","description":"Fach\u00fcbersetzungsb\u00fcro - Krakau - Atominium","publisher":{"@id":"https:\/\/www.atominium.com\/de\/#organization"},"potentialAction":[{"@type":"SearchAction","target":{"@type":"EntryPoint","urlTemplate":"https:\/\/www.atominium.com\/de\/?s={search_term_string}"},"query-input":{"@type":"PropertyValueSpecification","valueRequired":true,"valueName":"search_term_string"}}],"inLanguage":"de"},{"@type":"Organization","@id":"https:\/\/www.atominium.com\/de\/#organization","name":"Fach\u00fcbersetzungsb\u00fcro - Krakau - Atominium","url":"https:\/\/www.atominium.com\/de\/","logo":{"@type":"ImageObject","inLanguage":"de","@id":"https:\/\/www.atominium.com\/de\/#\/schema\/logo\/image\/","url":"https:\/\/www.atominium.com\/de\/wp-content\/uploads\/2021\/02\/logo-atominium.png","contentUrl":"https:\/\/www.atominium.com\/de\/wp-content\/uploads\/2021\/02\/logo-atominium.png","width":573,"height":90,"caption":"Fach\u00fcbersetzungsb\u00fcro - Krakau - Atominium"},"image":{"@id":"https:\/\/www.atominium.com\/de\/#\/schema\/logo\/image\/"}}]}},"_links":{"self":[{"href":"https:\/\/www.atominium.com\/de\/wp-json\/wp\/v2\/pages\/1495","targetHints":{"allow":["GET"]}}],"collection":[{"href":"https:\/\/www.atominium.com\/de\/wp-json\/wp\/v2\/pages"}],"about":[{"href":"https:\/\/www.atominium.com\/de\/wp-json\/wp\/v2\/types\/page"}],"author":[{"embeddable":true,"href":"https:\/\/www.atominium.com\/de\/wp-json\/wp\/v2\/users\/1"}],"replies":[{"embeddable":true,"href":"https:\/\/www.atominium.com\/de\/wp-json\/wp\/v2\/comments?post=1495"}],"version-history":[{"count":26,"href":"https:\/\/www.atominium.com\/de\/wp-json\/wp\/v2\/pages\/1495\/revisions"}],"predecessor-version":[{"id":2771,"href":"https:\/\/www.atominium.com\/de\/wp-json\/wp\/v2\/pages\/1495\/revisions\/2771"}],"up":[{"embeddable":true,"href":"https:\/\/www.atominium.com\/de\/wp-json\/wp\/v2\/pages\/63"}],"wp:attachment":[{"href":"https:\/\/www.atominium.com\/de\/wp-json\/wp\/v2\/media?parent=1495"}],"curies":[{"name":"wp","href":"https:\/\/api.w.org\/{rel}","templated":true}]}}